{"id":128,"date":"2014-05-31T17:26:27","date_gmt":"2014-05-31T17:26:27","guid":{"rendered":"http:\/\/demo.themegrill.com\/accelerate\/?page_id=128"},"modified":"2025-11-06T18:26:13","modified_gmt":"2025-11-06T18:26:13","slug":"about-us-2","status":"publish","type":"page","link":"https:\/\/damarillis.ch\/index.php\/about-us-2\/","title":{"rendered":"\u00dcber mich"},"content":{"rendered":"<div class=\"wpb_column vc_column_container vc_col-sm-6\">\n<div class=\"vc_column-inner\">\n<div class=\"wpb_wrapper\">\n<div class=\"wpb_text_column wpb_content_element \">\n<div class=\"wpb_wrapper\">\n<p>Hallo, mein Name ist Damaris und ich freue mich, dass du auf meiner Seite gelandet bist. Jetzt m\u00f6chtest du bestimmt wissen mit wem du es zu tun hast. Ich bin gelernte B\u00e4ckerfachverk\u00e4uferin und habe meine Lehre in Winterthur absolviert. Nach meiner Ausbildung habe ich ein halbes Jahr in Davos in einer B\u00e4ckerei gearbeitet, wo ich beim WEF Bill Clinton hallo, \u00e4h hello gesagt habe. Was f\u00fcr ein Erlebnis.<\/p>\n<p>Danach hat es mich wieder nach Winterthur gezogen, wo ich 7 Jahre in der EMITA (einem Bastelfachgesch\u00e4ft) gearbeitet habe, bis meine erste Tochter zur Welt kam. Nach einem halben Jahr Mutterschaft wollte ich etwas eigenes auf die Beine stellen, etwas was ich von zu Hause aus tun konnte. So entstand mein Herzensprojekt Damarillis. Das war die beste Entscheidung. Denn es macht einfach Spass zu n\u00e4hen und anderen Personen eine Freude zu bereiten. Gen\u00e4ht habe ich schon als Kind sehr gerne. Anfangs habe ich Essl\u00e4tzchen f\u00fcr meine Babysitting- Kinder gen\u00e4ht und sp\u00e4ter dann auf M\u00e4rkten verkauft. Mein Ehrgeiz war also als Kind schon vorhanden.<\/p>\n<\/div>\n<\/div>\n<\/div>\n<\/div>\n<h3>Meine Werte<\/h3>\n<div class=\"vc_column-inner\">\n<div class=\"wpb_wrapper\">\n<div class=\"wpb_text_column wpb_content_element \">\n<div class=\"wpb_wrapper\">\n<p>Ich liebe es, neue Stoffe zu entdecken und diese dann zu verarbeiten. Da ich gerne Abwechslung habe und nur in kleinen Mengen einkaufe, gibt es meine Kollektionen nur in limitierter Auflage. Dies macht meine Produkte zu etwas ganz Besonderem.<\/p>\n<p>Meine Leidenschaft sind Kinderkleider, aber auch praktische Spielsachen, Dekoratives aus Stoff und Nachhaltiges f\u00fcr die Erwachsenen.<\/p>\n<p>Ich lege sehr viel Wert auf Nachhaltigkeit und gute Qualit\u00e4t. Mir ist es wichtig, dass die Produkte allen wichtigen Anforderungen entsprechen. Alle meine Stoffe sind Bio-Qualit\u00e4t, entweder GOTS-zertifiziert oder \u00d6ko-Tex Standard 100. Wenn du einen besonderen Wunsch hast, sei es eine Farbe oder eine Gr\u00f6sse, dann melde dich bei mir. Ich tu mein Bestes um deine W\u00fcnsche zu erf\u00fcllen.<\/p>\n<\/div>\n<h4>Ein paar (Fun)Facts \u00fcber mich<\/h4>\n<ul>\n<li>Ich bin Mutter von 3 bezaubernden Kindern.<\/li>\n<li>Ich bin kurzsichtig.<\/li>\n<li>Mein Berufswunsch als Kind war, bei Mac Donalds, Hamburger\u00a0produzieren (weil es dann jeden Tag Hamburger zu essen gegeben h\u00e4tte).<\/li>\n<li>Meine Lieblingseissorte ist Zimt.<\/li>\n<li>Ich bekoche wahnsinnig gerne G\u00e4ste. Ausserdem esse ich gerne, was man mir jedoch nicht ansieht, da ich durch meinen rasanten Stoffwechsel alles essen kann, ohne zuzunehmen.<span class=\"Apple-converted-space\">\u00a0<\/span><\/li>\n<li>Meine Lieblingsfarben sind violett, pink und rosa.<\/li>\n<li>Ich bevorzuge Salziges vor S\u00fcssem.<span class=\"Apple-converted-space\">\u00a0<\/span><\/li>\n<li>Ich bin perfektionistisch.<\/li>\n<li>Ich mochte Peperoni lange nur roh. Und konnte schon beim Eintreten in eine Wohnung riechen ob jemand Peperoni gekocht hat. Das hat sich in meiner ersten Schwangerschaft ge\u00e4ndert. Seit da liebe ich sie in allen Variationen.<span class=\"Apple-converted-space\">\u00a0<\/span><\/li>\n<li>Oft erfahre ich erst beim Sprechen, was ich \u00fcberhaupt sagen will.<span class=\"Apple-converted-space\">\u00a0<\/span><\/li>\n<li>Wenn ich am Morgen verhindern m\u00f6chte, dass jemand wegen mir erwacht, halte ich den Atem an. Obwohl ich weiss, dass alles was ich mache, lauter ist als mein Atem.<span class=\"Apple-converted-space\">\u00a0<\/span><\/li>\n<li>In der Schule spielte ich gerne bei Theaterst\u00fccken mit. Einmal hatte ich sogar zwei Rollen in einem St\u00fcck. Eines davon war die Hauptrolle. Das St\u00fcck hiess \u201eEin Sommernachtstraum\u201c von Shakespeare.<\/li>\n<li>Ich habe als Jugendliche angefangen ein Buch zu schreiben, aber nie fertig geschrieben. Schade eigentlich, es w\u00e4re bestimmt ein Bestseller geworden\u2026 \ud83d\ude09<\/li>\n<\/ul>\n<p>Und wer bist du? Ich w\u00fcrde mich freuen von dir zu lesen! \u2665<\/p>\n<p>Damaris<\/p>\n<p>\u00a0<\/p>\n<\/div>\n<\/div>\n<\/div>\n<\/div>\n\n<div class=\"wp-block-image is-style-default\">\n<figure class=\"aligncenter size-large is-resized\"><img loading=\"lazy\" decoding=\"async\" width=\"534\" height=\"1024\" src=\"https:\/\/damarillis.ch\/wp-content\/uploads\/2025\/09\/Kempf-e1762453188284-534x1024.jpg\" alt=\"\" class=\"wp-image-3867\" style=\"width:300px;height:auto\" srcset=\"https:\/\/damarillis.ch\/wp-content\/uploads\/2025\/09\/Kempf-e1762453188284-534x1024.jpg 534w, https:\/\/damarillis.ch\/wp-content\/uploads\/2025\/09\/Kempf-e1762453188284-156x300.jpg 156w, https:\/\/damarillis.ch\/wp-content\/uploads\/2025\/09\/Kempf-e1762453188284-600x1151.jpg 600w, https:\/\/damarillis.ch\/wp-content\/uploads\/2025\/09\/Kempf-e1762453188284.jpg 657w\" sizes=\"auto, (max-width: 534px) 100vw, 534px\" \/><\/figure><\/div>","protected":false},"excerpt":{"rendered":"<p>Hallo, mein Name ist Damaris und ich freue mich, dass du auf meiner Seite gelandet bist. Jetzt m\u00f6chtest du bestimmt wissen mit wem du es zu tun hast. Ich bin gelernte B\u00e4ckerfachverk\u00e4uferin und habe meine Lehre in Winterthur absolviert. Nach<\/p>\n","protected":false},"author":1,"featured_media":0,"parent":0,"menu_order":0,"comment_status":"closed","ping_status":"closed","template":"","meta":{"footnotes":""},"class_list":["post-128","page","type-page","status-publish","hentry"],"yoast_head":"<!-- This site is optimized with the Yoast SEO plugin v27.2 - https:\/\/yoast.com\/product\/yoast-seo-wordpress\/ -->\n<title>\u00dcber mich - damarillis.ch<\/title>\n<meta name=\"robots\" content=\"index, follow, max-snippet:-1, max-image-preview:large, max-video-preview:-1\" \/>\n<link rel=\"canonical\" href=\"https:\/\/damarillis.ch\/index.php\/about-us-2\/\" \/>\n<meta property=\"og:locale\" content=\"de_DE\" \/>\n<meta property=\"og:type\" content=\"article\" \/>\n<meta property=\"og:title\" content=\"\u00dcber mich - damarillis.ch\" \/>\n<meta property=\"og:description\" content=\"Hallo, mein Name ist Damaris und ich freue mich, dass du auf meiner Seite gelandet bist. Jetzt m\u00f6chtest du bestimmt wissen mit wem du es zu tun hast. Ich bin gelernte B\u00e4ckerfachverk\u00e4uferin und habe meine Lehre in Winterthur absolviert. Nach\" \/>\n<meta property=\"og:url\" content=\"https:\/\/damarillis.ch\/index.php\/about-us-2\/\" \/>\n<meta property=\"og:site_name\" content=\"damarillis.ch\" \/>\n<meta property=\"article:modified_time\" content=\"2025-11-06T18:26:13+00:00\" \/>\n<meta property=\"og:image\" content=\"https:\/\/damarillis.ch\/wp-content\/uploads\/2025\/09\/Kempf-e1762453188284.jpg\" \/>\n\t<meta property=\"og:image:width\" content=\"657\" \/>\n\t<meta property=\"og:image:height\" content=\"1260\" \/>\n\t<meta property=\"og:image:type\" content=\"image\/jpeg\" \/>\n<meta name=\"twitter:card\" content=\"summary_large_image\" \/>\n<meta name=\"twitter:label1\" content=\"Gesch\u00e4tzte Lesezeit\" \/>\n\t<meta name=\"twitter:data1\" content=\"4\u00a0Minuten\" \/>\n<script type=\"application\/ld+json\" class=\"yoast-schema-graph\">{\"@context\":\"https:\/\/schema.org\",\"@graph\":[{\"@type\":\"WebPage\",\"@id\":\"https:\/\/damarillis.ch\/index.php\/about-us-2\/\",\"url\":\"https:\/\/damarillis.ch\/index.php\/about-us-2\/\",\"name\":\"\u00dcber mich - damarillis.ch\",\"isPartOf\":{\"@id\":\"https:\/\/damarillis.ch\/#website\"},\"primaryImageOfPage\":{\"@id\":\"https:\/\/damarillis.ch\/index.php\/about-us-2\/#primaryimage\"},\"image\":{\"@id\":\"https:\/\/damarillis.ch\/index.php\/about-us-2\/#primaryimage\"},\"thumbnailUrl\":\"https:\/\/damarillis.ch\/wp-content\/uploads\/2025\/09\/Kempf-e1762453188284-534x1024.jpg\",\"datePublished\":\"2014-05-31T17:26:27+00:00\",\"dateModified\":\"2025-11-06T18:26:13+00:00\",\"breadcrumb\":{\"@id\":\"https:\/\/damarillis.ch\/index.php\/about-us-2\/#breadcrumb\"},\"inLanguage\":\"de\",\"potentialAction\":[{\"@type\":\"ReadAction\",\"target\":[\"https:\/\/damarillis.ch\/index.php\/about-us-2\/\"]}]},{\"@type\":\"ImageObject\",\"inLanguage\":\"de\",\"@id\":\"https:\/\/damarillis.ch\/index.php\/about-us-2\/#primaryimage\",\"url\":\"https:\/\/damarillis.ch\/wp-content\/uploads\/2025\/09\/Kempf-e1762453188284.jpg\",\"contentUrl\":\"https:\/\/damarillis.ch\/wp-content\/uploads\/2025\/09\/Kempf-e1762453188284.jpg\",\"width\":657,\"height\":1260},{\"@type\":\"BreadcrumbList\",\"@id\":\"https:\/\/damarillis.ch\/index.php\/about-us-2\/#breadcrumb\",\"itemListElement\":[{\"@type\":\"ListItem\",\"position\":1,\"name\":\"Startseite\",\"item\":\"https:\/\/damarillis.ch\/\"},{\"@type\":\"ListItem\",\"position\":2,\"name\":\"\u00dcber mich\"}]},{\"@type\":\"WebSite\",\"@id\":\"https:\/\/damarillis.ch\/#website\",\"url\":\"https:\/\/damarillis.ch\/\",\"name\":\"damarillis.ch\",\"description\":\"\",\"publisher\":{\"@id\":\"https:\/\/damarillis.ch\/#organization\"},\"potentialAction\":[{\"@type\":\"SearchAction\",\"target\":{\"@type\":\"EntryPoint\",\"urlTemplate\":\"https:\/\/damarillis.ch\/?s={search_term_string}\"},\"query-input\":{\"@type\":\"PropertyValueSpecification\",\"valueRequired\":true,\"valueName\":\"search_term_string\"}}],\"inLanguage\":\"de\"},{\"@type\":\"Organization\",\"@id\":\"https:\/\/damarillis.ch\/#organization\",\"name\":\"Damarillis\",\"url\":\"https:\/\/damarillis.ch\/\",\"logo\":{\"@type\":\"ImageObject\",\"inLanguage\":\"de\",\"@id\":\"https:\/\/damarillis.ch\/#\/schema\/logo\/image\/\",\"url\":\"https:\/\/damarillis.ch\/wp-content\/uploads\/2020\/02\/cropped-LOGO_Maus_klein-e1582031367694-2.png\",\"contentUrl\":\"https:\/\/damarillis.ch\/wp-content\/uploads\/2020\/02\/cropped-LOGO_Maus_klein-e1582031367694-2.png\",\"width\":200,\"height\":200,\"caption\":\"Damarillis\"},\"image\":{\"@id\":\"https:\/\/damarillis.ch\/#\/schema\/logo\/image\/\"}}]}<\/script>\n<!-- \/ Yoast SEO plugin. -->","yoast_head_json":{"title":"\u00dcber mich - damarillis.ch","robots":{"index":"index","follow":"follow","max-snippet":"max-snippet:-1","max-image-preview":"max-image-preview:large","max-video-preview":"max-video-preview:-1"},"canonical":"https:\/\/damarillis.ch\/index.php\/about-us-2\/","og_locale":"de_DE","og_type":"article","og_title":"\u00dcber mich - damarillis.ch","og_description":"Hallo, mein Name ist Damaris und ich freue mich, dass du auf meiner Seite gelandet bist. Jetzt m\u00f6chtest du bestimmt wissen mit wem du es zu tun hast. Ich bin gelernte B\u00e4ckerfachverk\u00e4uferin und habe meine Lehre in Winterthur absolviert. Nach","og_url":"https:\/\/damarillis.ch\/index.php\/about-us-2\/","og_site_name":"damarillis.ch","article_modified_time":"2025-11-06T18:26:13+00:00","og_image":[{"width":657,"height":1260,"url":"https:\/\/damarillis.ch\/wp-content\/uploads\/2025\/09\/Kempf-e1762453188284.jpg","type":"image\/jpeg"}],"twitter_card":"summary_large_image","twitter_misc":{"Gesch\u00e4tzte Lesezeit":"4\u00a0Minuten"},"schema":{"@context":"https:\/\/schema.org","@graph":[{"@type":"WebPage","@id":"https:\/\/damarillis.ch\/index.php\/about-us-2\/","url":"https:\/\/damarillis.ch\/index.php\/about-us-2\/","name":"\u00dcber mich - damarillis.ch","isPartOf":{"@id":"https:\/\/damarillis.ch\/#website"},"primaryImageOfPage":{"@id":"https:\/\/damarillis.ch\/index.php\/about-us-2\/#primaryimage"},"image":{"@id":"https:\/\/damarillis.ch\/index.php\/about-us-2\/#primaryimage"},"thumbnailUrl":"https:\/\/damarillis.ch\/wp-content\/uploads\/2025\/09\/Kempf-e1762453188284-534x1024.jpg","datePublished":"2014-05-31T17:26:27+00:00","dateModified":"2025-11-06T18:26:13+00:00","breadcrumb":{"@id":"https:\/\/damarillis.ch\/index.php\/about-us-2\/#breadcrumb"},"inLanguage":"de","potentialAction":[{"@type":"ReadAction","target":["https:\/\/damarillis.ch\/index.php\/about-us-2\/"]}]},{"@type":"ImageObject","inLanguage":"de","@id":"https:\/\/damarillis.ch\/index.php\/about-us-2\/#primaryimage","url":"https:\/\/damarillis.ch\/wp-content\/uploads\/2025\/09\/Kempf-e1762453188284.jpg","contentUrl":"https:\/\/damarillis.ch\/wp-content\/uploads\/2025\/09\/Kempf-e1762453188284.jpg","width":657,"height":1260},{"@type":"BreadcrumbList","@id":"https:\/\/damarillis.ch\/index.php\/about-us-2\/#breadcrumb","itemListElement":[{"@type":"ListItem","position":1,"name":"Startseite","item":"https:\/\/damarillis.ch\/"},{"@type":"ListItem","position":2,"name":"\u00dcber mich"}]},{"@type":"WebSite","@id":"https:\/\/damarillis.ch\/#website","url":"https:\/\/damarillis.ch\/","name":"damarillis.ch","description":"","publisher":{"@id":"https:\/\/damarillis.ch\/#organization"},"potentialAction":[{"@type":"SearchAction","target":{"@type":"EntryPoint","urlTemplate":"https:\/\/damarillis.ch\/?s={search_term_string}"},"query-input":{"@type":"PropertyValueSpecification","valueRequired":true,"valueName":"search_term_string"}}],"inLanguage":"de"},{"@type":"Organization","@id":"https:\/\/damarillis.ch\/#organization","name":"Damarillis","url":"https:\/\/damarillis.ch\/","logo":{"@type":"ImageObject","inLanguage":"de","@id":"https:\/\/damarillis.ch\/#\/schema\/logo\/image\/","url":"https:\/\/damarillis.ch\/wp-content\/uploads\/2020\/02\/cropped-LOGO_Maus_klein-e1582031367694-2.png","contentUrl":"https:\/\/damarillis.ch\/wp-content\/uploads\/2020\/02\/cropped-LOGO_Maus_klein-e1582031367694-2.png","width":200,"height":200,"caption":"Damarillis"},"image":{"@id":"https:\/\/damarillis.ch\/#\/schema\/logo\/image\/"}}]}},"_links":{"self":[{"href":"https:\/\/damarillis.ch\/index.php\/wp-json\/wp\/v2\/pages\/128","targetHints":{"allow":["GET"]}}],"collection":[{"href":"https:\/\/damarillis.ch\/index.php\/wp-json\/wp\/v2\/pages"}],"about":[{"href":"https:\/\/damarillis.ch\/index.php\/wp-json\/wp\/v2\/types\/page"}],"author":[{"embeddable":true,"href":"https:\/\/damarillis.ch\/index.php\/wp-json\/wp\/v2\/users\/1"}],"replies":[{"embeddable":true,"href":"https:\/\/damarillis.ch\/index.php\/wp-json\/wp\/v2\/comments?post=128"}],"version-history":[{"count":28,"href":"https:\/\/damarillis.ch\/index.php\/wp-json\/wp\/v2\/pages\/128\/revisions"}],"predecessor-version":[{"id":3896,"href":"https:\/\/damarillis.ch\/index.php\/wp-json\/wp\/v2\/pages\/128\/revisions\/3896"}],"wp:attachment":[{"href":"https:\/\/damarillis.ch\/index.php\/wp-json\/wp\/v2\/media?parent=128"}],"curies":[{"name":"wp","href":"https:\/\/api.w.org\/{rel}","templated":true}]}}