{"id":3744,"date":"2025-08-12T14:48:42","date_gmt":"2025-08-12T14:48:42","guid":{"rendered":"https:\/\/damarillis.ch\/?page_id=3744"},"modified":"2026-04-02T20:25:42","modified_gmt":"2026-04-02T20:25:42","slug":"babyzeichesprache-kurs","status":"publish","type":"page","link":"https:\/\/damarillis.ch\/index.php\/babyzeichesprache-kurs\/","title":{"rendered":"Zwergensprache"},"content":{"rendered":"<div class=\"wp-block-image\">\n<figure class=\"aligncenter is-resized\"><img loading=\"lazy\" decoding=\"async\" width=\"1024\" height=\"528\" src=\"https:\/\/damarillis.ch\/wp-content\/uploads\/2025\/08\/Bildschirmfoto-2025-08-05-um-08.25.43-1024x528.png\" alt=\"\" class=\"wp-image-3758\" style=\"width:528px;height:auto\" srcset=\"https:\/\/damarillis.ch\/wp-content\/uploads\/2025\/08\/Bildschirmfoto-2025-08-05-um-08.25.43-1024x528.png 1024w, https:\/\/damarillis.ch\/wp-content\/uploads\/2025\/08\/Bildschirmfoto-2025-08-05-um-08.25.43-300x155.png 300w, https:\/\/damarillis.ch\/wp-content\/uploads\/2025\/08\/Bildschirmfoto-2025-08-05-um-08.25.43-768x396.png 768w, https:\/\/damarillis.ch\/wp-content\/uploads\/2025\/08\/Bildschirmfoto-2025-08-05-um-08.25.43-600x309.png 600w, https:\/\/damarillis.ch\/wp-content\/uploads\/2025\/08\/Bildschirmfoto-2025-08-05-um-08.25.43.png 1040w\" sizes=\"auto, (max-width: 1024px) 100vw, 1024px\" \/><\/figure><\/div>\n\n\n<h4 class=\"wp-block-heading has-text-align-center has-large-font-size\">Mit den H\u00e4nden reden<\/h4>\n\n\n\n<p>Die Zwergensprache ist ein Weg, um mit deinem Baby zu kommunizieren, bevor es sprechen kann. Durch einfache Babygeb\u00e4rden bzw. Babyzeichen kannst du mit deinem kleinen Schatz kommunizieren und dabei seine Sprachentwicklung unterst\u00fctzen. Das Lernen ist einfach und macht so viel Spass! Durch die Verwendung von Babygeb\u00e4rden kannst du deine Beziehung zu deinem Baby st\u00e4rken und die Kommunikation verbessern. Somit habt ihr eine sch\u00f6ne Grundlage wie ihr einander versteht, ohne dass das Kind reden kann und womit ihr euren Alltag vereinfachen k\u00f6nnt. <\/p>\n\n\n\n<p>Ich bin Mami von 3 wunderbaren Kindern. Die Zwergensprache habe ich erstmals bei meinem dritten Kind angewendet. Ich kann dir daher aus eigener Erfahrung sagen, dass das Kommunizieren mit den Babyzeichen sehr viel Freude bereitet und noch mehr Spass macht! Es ist einfach beeindruckend wie viel die kleinen Menschlein uns den ganzen Tag erz\u00e4hlen m\u00f6chten, was ohne die Zeichen nicht gleichermassen m\u00f6glich w\u00e4re. Durch die Babygeb\u00e4rden hast du die M\u00f6glichkeit schon fr\u00fch mit deinem Baby zu reden bevor es in der Lage ist, die W\u00f6rter auszusprechen. Aufgrund der motorischen F\u00e4higkeiten, weil die Motorik der H\u00e4nde fr\u00fcher ausgereift ist, als die Motorik die es zum Sprechen braucht. Dadurch kannst du noch tiefer in die Welt deines Babys eintauchen, und bis zu einem Jahr \u00fcberbr\u00fccken, was wirklich wahnsinnig faszinierend ist.<\/p>\n\n\n\n<p>Es ist eine sch\u00f6ne Bereicherung f\u00fcr den Alltag und st\u00e4rkt die Verbindung zur ganzen Familie, weil das Baby sich verstanden f\u00fchlt. Die Selbstwirksamkeit steigt enorm und die Frustration minimiert sich auf beide Seiten.<\/p>\n\n\n\n<h4 class=\"wp-block-heading\">Vorteile:<\/h4>\n\n\n\n<ul style=\"font-size:15px\" class=\"wp-block-list\">\n<li class=\"has-black-color has-text-color has-link-color wp-elements-38b1d88b479532d6304dddb9a01efa60\" style=\"font-size:18px\"><strong>Babys k\u00f6nnen ihre Bed\u00fcrfnisse und W\u00fcnsche ausdr\u00fccken, bevor sie sprechen k\u00f6nnen.<\/strong><\/li>\n\n\n\n<li class=\"has-black-color has-text-color has-link-color wp-elements-1c0df73e3f75bae8c95f457161277b40\" style=\"font-size:18px\"><strong>Die Verwendung von Geb\u00e4rden kann die Sprachentwicklung beschleunigen und verbessern.<\/strong><\/li>\n\n\n\n<li class=\"has-black-color has-text-color has-link-color wp-elements-4322e15b9091b31c76ebcb099f266dc4\" style=\"font-size:18px\"><strong>Durch die Kommunikation mit Geb\u00e4rden kann die Beziehung zwischen Eltern und Baby gest\u00e4rkt werden.<\/strong><\/li>\n\n\n\n<li class=\"has-black-color has-text-color has-link-color wp-elements-49957677ed81c23821201a79511914a1\" style=\"font-size:18px\"><strong>Du kannst durch die Geb\u00e4rden noch tiefer in die Welt deines Babys eintauchen, weil du verstehst, was es gerade geh\u00f6rt oder gesehen hat.<\/strong><\/li>\n<\/ul>\n\n\n\n<p>Insgesamt kann die Zwergensprache ein wertvolles Werkzeug zur Unterst\u00fctzung der Entwicklung von Babys sein.<\/p>\n\n\n\n<p>Die Eltern-Kind-Kurse dauern jeweils <strong>8 x 1h<\/strong> und sind <strong>ab ca. 6 Monaten<\/strong> <strong>&#8211; 2 Jahren<\/strong> empfehlenswert. Die Kinder zeigen die Zeichen jedoch schneller, wenn sie \u00e4lter sind. Daher hat es auch Vorteile, wenn du erst startest, wenn dein Baby schon seinen 1. Geburtstag gefeiert hat. Je gr\u00f6sser sie werden, desto weniger oft musst du die Zeichen zeigen, bis es dein Kind versteht und bestenfalls sogar selber zeigt.<\/p>\n\n\n\n<p>Anhand von <strong>Liedern<\/strong>, <strong>Fingerversen<\/strong> und <strong>Kniereitern<\/strong>, lernst du mit deinem Baby, wie du die Zeichen spielerisch beibringen kannst. Ausserdem werden wir Zeit haben uns auszutauschen, um zu <strong>Basteln<\/strong> und einen kleinen <strong>Zn\u00fcni<\/strong> zu essen. <\/p>\n\n\n\n<p>Ich gebe dir Tipps an die Hand wie du die Zeichen ganz einfach in deinen Alltag integrieren kannst, damit es dir Freude macht und du dran bleibst. Denn nur so wirst du Erfolg haben. Und in der Gruppe etwas zu lernen macht mehr Spass als alleine. Du triffst da Gleichgesinnte und neue Freundschaften k\u00f6nnten entstehen.<\/p>\n\n\n\n<div class=\"wp-block-group is-vertical is-layout-flex wp-container-core-group-is-layout-8cf370e7 wp-block-group-is-layout-flex\">\n<p>Die Kurse dauern jeweils <strong>8 Wochen<\/strong>.<\/p>\n\n\n\n<p>Von 9.30 Uhr &#8211; 10.30 Uhr.<\/p>\n\n\n\n<div class=\"wp-block-group is-nowrap is-layout-flex wp-container-core-group-is-layout-ad2f72ca wp-block-group-is-layout-flex\">\n<div class=\"wp-block-group is-vertical is-content-justification-center is-layout-flex wp-container-core-group-is-layout-88a7ed2c wp-block-group-is-layout-flex\">\n<div class=\"wp-block-group is-nowrap is-layout-flex wp-container-core-group-is-layout-64989fb1 wp-block-group-is-layout-flex\">\n<div class=\"wp-block-group is-vertical is-content-justification-left is-layout-flex wp-container-core-group-is-layout-c0ca7d81 wp-block-group-is-layout-flex\">\n<p style=\"font-style:normal;font-weight:400\">In der Hebammenpraxis Schaffhausen, Stauffacherstrasse 36, 8200 Schaffhausen<\/p>\n\n\n\n<p><strong><em>Kurse am Dienstagmorgen<\/em><\/strong><\/p>\n\n\n\n<p><strong>Kurs 1.1  2026<\/strong> (<em>ausgebucht<\/em>) (6.1.2026 | 13.1.2026 | 20.1.2026 | 3.2.2026 | 10.2.2026 | 17.2.2026 | 24.2.2026 | 3.3.2026)<\/p>\n\n\n\n<p><strong>Kurs 2.1  2026<\/strong> (21.4.2026 | 28.4.2026 | 5.5.2026 | 12.5.2026 | 26.5.2026  | 2.6.2026  | 9.6.2026  | 16.6.2026)<\/p>\n\n\n\n<p><strong>Kurs 3.1  2026 <\/strong>(11.8.2026 | 18.8.2026 | 25.8.2026 | 1.9.2026 | 8.9.2026 | 15.9.2026 | 22.9.2026 | 29.9.2026)<\/p>\n\n\n\n<p><strong>Kurs 4.1  2026<\/strong> (27.10.2026 | 3.11.2026 | 10.11.2026 | 17.11.2024 | 24.11.206 | 1.12.2026 | 8.12.2026 | 15.12.2026)<\/p>\n\n\n\n<p><\/p>\n\n\n\n<p>In 8252 Schlatt am Trottenrain um 9.30 &#8211; 10.30 Uhr<\/p>\n\n\n\n<p><em><strong>Kurse am Montagmorgen<\/strong><\/em><\/p>\n\n\n\n<p><strong>Kurs 1.2<\/strong> <strong>2026<\/strong> (<em>gestartet<\/em> 2.3.2026 | 9.3.2026 | 16.3.2026 | 23.3.2026 | 30.3.2026 | 20.4.2026 | 27.4.2026 | 4.5.2026)<\/p>\n\n\n\n<p><strong>Kurs 2.2<\/strong> <strong> 2026<\/strong>  (17.8.2026 | 24.8.2026 | 31.8.2026 | 7.9.2026 | 14.9.2026 | 21.9.2026 |  28.9.2026 | 19.10.2026)<\/p>\n\n\n\n<p><\/p>\n\n\n\n<p><strong><em>Kurse am Donnerstagmorgen<\/em><\/strong><\/p>\n\n\n\n<p><strong>Kurs 2.3<\/strong>  <strong>2026<\/strong>  (23.4.2026 | 30.4.2026 | 7.5.2026 | 28.5.2026 | 4.6.2026 | 11.6.2026 | 18.6.2026 | 25.6.2026)<\/p>\n\n\n\n<p><\/p>\n\n\n\n<p><strong><em>Kurse am Freitagmorgen<\/em><\/strong><\/p>\n\n\n\n<p><strong>Kurs 1.4<\/strong> <strong>2026<\/strong> (29.5.2026 | 5.6.2026 | 12.6.2026 | 19.6.2026 | 26.6.2026 | 3.7.2026 | 10.7.2026 | 24.7.2026)<\/p>\n\n\n\n<p><\/p>\n\n\n\n<p>In den Thurgauer Schulferien findet jeweils keine Kursstunde statt.<\/p>\n<\/div>\n<\/div>\n<\/div>\n<\/div>\n<\/div>\n\n\n\n<hr class=\"wp-block-separator has-alpha-channel-opacity\"\/>\n\n\n\n<p>Du kannst an einem Kurstag nicht dabei sein? Kein Problem, die Zeichen werde ich dir nach jeder Kursstunde im Video schicken, damit du nichts verpasst.<\/p>\n\n\n\n<p>Der Kurs findet <strong>ab 3<\/strong> teilnehmenden Eltern-Kind-<strong>Paare<\/strong> statt.<\/p>\n\n\n\n<p>Weitere Kinder welche noch nicht schulpflichtig sind, sind herzlich willkommen dabei zu sein. Sofern sie den Unterricht nicht st\u00f6ren.                              <\/p>\n\n\n\n<p>Der Kurs wird in schweizerdeutsch durchgef\u00fchrt.<\/p>\n\n\n\n<p>Wenn du dir unsicher bist, ob der Kurs etwas f\u00fcr dich oder dein Kind ist, darfst du auf Voranmeldung gerne an einer Kursstunde, bei einem laufenden Kurs, reinschnuppern. <\/p>\n\n\n<h6>Preis: 240.- Fr.\/ Kurs<\/h6>\n<h6>Schnupperlektion: 20.- Fr.\/ Stunde<\/h6>\n\n\n<p>Du kannst dich gleich hier anmelden. Du bekommst anschliessend eine E-Mail von mir mit allen Informationen zum Kursort als Best\u00e4tigung. <\/p>\n\n\n\n<p>Ich freue mich, dich kennenzulernen, meine Begeisterung mit dir zu teilen und dich auf diesem Weg zu begleiten! Passen meine Kurs-Termine nicht zu deinem Alltag? Oder f\u00e4hrt dein Kind nicht gerne Auto? Dann kontaktiere mich und wir finden eine L\u00f6sung. Ich biete auch Privatkurse zu Hause an.<\/p>\n\n\n\n<hr class=\"wp-block-separator has-alpha-channel-opacity\"\/>\n\n\n\n<h2 class=\"wp-block-heading has-text-align-center has-large-font-size\"><strong>Anmelden<\/strong><\/h2>\n\n\n\n<div class=\"wpcf7 no-js\" id=\"wpcf7-f3727-o1\" lang=\"de-DE\" dir=\"ltr\" data-wpcf7-id=\"3727\">\n<div class=\"screen-reader-response\"><p role=\"status\" aria-live=\"polite\" aria-atomic=\"true\"><\/p> <ul><\/ul><\/div>\n<form action=\"\/index.php\/wp-json\/wp\/v2\/pages\/3744#wpcf7-f3727-o1\" method=\"post\" class=\"wpcf7-form init\" aria-label=\"Kontaktformular\" novalidate=\"novalidate\" data-status=\"init\">\n<fieldset class=\"hidden-fields-container\"><input type=\"hidden\" name=\"_wpcf7\" value=\"3727\" \/><input type=\"hidden\" name=\"_wpcf7_version\" value=\"6.1.5\" \/><input type=\"hidden\" name=\"_wpcf7_locale\" value=\"de_DE\" \/><input type=\"hidden\" name=\"_wpcf7_unit_tag\" value=\"wpcf7-f3727-o1\" \/><input type=\"hidden\" name=\"_wpcf7_container_post\" value=\"0\" \/><input type=\"hidden\" name=\"_wpcf7_posted_data_hash\" value=\"\" \/><input type=\"hidden\" name=\"_wpcf7_recaptcha_response\" value=\"\" \/>\n<\/fieldset>\n<p><label> Dein Vorname<br \/>\n<span class=\"wpcf7-form-control-wrap\" data-name=\"vorname\"><input size=\"40\" maxlength=\"400\" class=\"wpcf7-form-control wpcf7-text wpcf7-validates-as-required\" autocomplete=\"vorname\" aria-required=\"true\" aria-invalid=\"false\" value=\"\" type=\"text\" name=\"vorname\" \/><\/span> <\/label><br \/>\n<label> Dein Nachname<br \/>\n<span class=\"wpcf7-form-control-wrap\" data-name=\"nachname\"><input size=\"40\" maxlength=\"400\" class=\"wpcf7-form-control wpcf7-text wpcf7-validates-as-required\" autocomplete=\"name\" aria-required=\"true\" aria-invalid=\"false\" value=\"\" type=\"text\" name=\"nachname\" \/><\/span> <\/label>\n<\/p>\n<p><label> Deine E-Mail-Adresse<br \/>\n<span class=\"wpcf7-form-control-wrap\" data-name=\"email\"><input size=\"40\" maxlength=\"400\" class=\"wpcf7-form-control wpcf7-email wpcf7-validates-as-required wpcf7-text wpcf7-validates-as-email\" autocomplete=\"email\" aria-required=\"true\" aria-invalid=\"false\" value=\"\" type=\"email\" name=\"email\" \/><\/span> <\/label>\n<\/p>\n<p><label> Deine Telefonnummer<br \/>\n<span class=\"wpcf7-form-control-wrap\" data-name=\"telefon\"><input size=\"40\" maxlength=\"400\" class=\"wpcf7-form-control wpcf7-tel wpcf7-validates-as-required wpcf7-text wpcf7-validates-as-tel\" aria-required=\"true\" aria-invalid=\"false\" value=\"\" type=\"tel\" name=\"telefon\" \/><\/span> <\/label>\n<\/p>\n<p><label> Deine Adresse (Strasse, PLZ, Ort)<br \/>\n<span class=\"wpcf7-form-control-wrap\" data-name=\"adresse\"><input size=\"40\" maxlength=\"400\" class=\"wpcf7-form-control wpcf7-text wpcf7-validates-as-required\" aria-required=\"true\" aria-invalid=\"false\" value=\"\" type=\"text\" name=\"adresse\" \/><\/span> <\/label>\n<\/p>\n<p><label> Teiln. Kind Geburtstag<br \/>\n<span class=\"wpcf7-form-control-wrap\" data-name=\"geburtsdatum-kind\"><input class=\"wpcf7-form-control wpcf7-date wpcf7-validates-as-required wpcf7-validates-as-date\" aria-required=\"true\" aria-invalid=\"false\" value=\"\" type=\"date\" name=\"geburtsdatum-kind\" \/><\/span> <\/label>\n<\/p>\n<p><label> Zusatzangaben<br \/>\n<span class=\"wpcf7-form-control-wrap\" data-name=\"zusatzangaben\"><input size=\"40\" maxlength=\"400\" class=\"wpcf7-form-control wpcf7-text\" aria-invalid=\"false\" value=\"\" type=\"text\" name=\"zusatzangaben\" \/><\/span> <\/label>\n<\/p>\n<p><span class=\"wpcf7-form-control-wrap\" data-name=\"select-275\"><select class=\"wpcf7-form-control wpcf7-select wpcf7-validates-as-required\" aria-required=\"true\" aria-invalid=\"false\" name=\"select-275\"><option value=\"Kurs 1.1 in SH (Di)\">Kurs 1.1 in SH (Di)<\/option><option value=\"Kurs 2.1 in SH (Di)\">Kurs 2.1 in SH (Di)<\/option><option value=\"Kurs 3.1 in SH (Di)\">Kurs 3.1 in SH (Di)<\/option><option value=\"Kurs 4.1 in SH (Di)\">Kurs 4.1 in SH (Di)<\/option><option value=\"Kurs 5.1 in SH (Di)\">Kurs 5.1 in SH (Di)<\/option><option value=\"Kurs 1.2 in Schlatt (Mo)\">Kurs 1.2 in Schlatt (Mo)<\/option><option value=\"Kurs 2.2 in Schlatt (Mo)\">Kurs 2.2 in Schlatt (Mo)<\/option><option value=\"Kurs 1.3 in Schlatt (Do)\">Kurs 1.3 in Schlatt (Do)<\/option><option value=\"Kurs 2.3 in Schlatt (Do)\">Kurs 2.3 in Schlatt (Do)<\/option><option value=\"Kurs 1.4 in Schlatt (Fr)\">Kurs 1.4 in Schlatt (Fr)<\/option><option value=\"Ich m\u00f6chte 1x schnuppern\">Ich m\u00f6chte 1x schnuppern<\/option><\/select><\/span>\n<\/p>\n<p><label> Teiln. Partner\/in Vorname<br \/>\n<span class=\"wpcf7-form-control-wrap\" data-name=\"partner-vorname\"><input size=\"40\" maxlength=\"400\" class=\"wpcf7-form-control wpcf7-text\" autocomplete=\"vorname\" aria-invalid=\"false\" value=\"\" type=\"text\" name=\"partner-vorname\" \/><\/span> <\/label><br \/>\n<label> Teiln. Partner\/in Nachname<br \/>\n<span class=\"wpcf7-form-control-wrap\" data-name=\"partner-name\"><input size=\"40\" maxlength=\"400\" class=\"wpcf7-form-control wpcf7-text\" autocomplete=\"name\" aria-invalid=\"false\" value=\"\" type=\"text\" name=\"partner-name\" \/><\/span> <\/label>\n<\/p>\n<p><label> Teiln. Kind\/er Vornamen<br \/>\n<span class=\"wpcf7-form-control-wrap\" data-name=\"kind-vorname\"><input size=\"40\" maxlength=\"400\" class=\"wpcf7-form-control wpcf7-text wpcf7-validates-as-required\" aria-required=\"true\" aria-invalid=\"false\" value=\"\" type=\"text\" name=\"kind-vorname\" \/><\/span> <\/label><br \/>\n<label> Teiln. Kind\/er Alter<br \/>\n<span class=\"wpcf7-form-control-wrap\" data-name=\"kind-alter\"><input size=\"40\" maxlength=\"400\" class=\"wpcf7-form-control wpcf7-text wpcf7-validates-as-required\" aria-required=\"true\" aria-invalid=\"false\" value=\"\" type=\"text\" name=\"kind-alter\" \/><\/span> <\/label>\n<\/p>\n<p><input class=\"wpcf7-form-control wpcf7-submit has-spinner\" type=\"submit\" value=\"Wir sind dabei!\" \/>\n<\/p><input type='hidden' class='wpcf7-pum' value='{\"closepopup\":false,\"closedelay\":0,\"openpopup\":false,\"openpopup_id\":0}' \/><div class=\"wpcf7-response-output\" aria-hidden=\"true\"><\/div>\n<\/form>\n<\/div>\n\n\n\n\n<p><\/p>\n","protected":false},"excerpt":{"rendered":"<p>Mit den H\u00e4nden reden Die Zwergensprache ist ein Weg, um mit deinem Baby zu kommunizieren, bevor es sprechen kann. Durch einfache Babygeb\u00e4rden bzw. Babyzeichen kannst du mit deinem kleinen Schatz kommunizieren und dabei seine Sprachentwicklung unterst\u00fctzen. Das Lernen ist einfach<\/p>\n","protected":false},"author":1,"featured_media":0,"parent":0,"menu_order":0,"comment_status":"open","ping_status":"closed","template":"","meta":{"footnotes":""},"class_list":["post-3744","page","type-page","status-publish","hentry"],"yoast_head":"<!-- This site is optimized with the Yoast SEO plugin v27.2 - https:\/\/yoast.com\/product\/yoast-seo-wordpress\/ -->\n<title>Zwergensprache - damarillis.ch<\/title>\n<meta name=\"description\" content=\"Kommuniziere mit deinem Baby bevor es sprechen kann. Mit Hilfe von Handzeichen kannst du tief in die Gedanken- und Gef\u00fchlswelt deines Babys eintauchen.\" \/>\n<meta name=\"robots\" content=\"index, follow, max-snippet:-1, max-image-preview:large, max-video-preview:-1\" \/>\n<link rel=\"canonical\" href=\"https:\/\/damarillis.ch\/index.php\/babyzeichesprache-kurs\/\" \/>\n<meta property=\"og:locale\" content=\"de_DE\" \/>\n<meta property=\"og:type\" content=\"article\" \/>\n<meta property=\"og:title\" content=\"Zwergensprache - damarillis.ch\" \/>\n<meta property=\"og:description\" content=\"Kommuniziere mit deinem Baby bevor es sprechen kann. Mit Hilfe von Handzeichen kannst du tief in die Gedanken- und Gef\u00fchlswelt deines Babys eintauchen.\" \/>\n<meta property=\"og:url\" content=\"https:\/\/damarillis.ch\/index.php\/babyzeichesprache-kurs\/\" \/>\n<meta property=\"og:site_name\" content=\"damarillis.ch\" \/>\n<meta property=\"article:modified_time\" content=\"2026-04-02T20:25:42+00:00\" \/>\n<meta property=\"og:image\" content=\"https:\/\/damarillis.ch\/wp-content\/uploads\/2025\/08\/Bildschirmfoto-2025-08-05-um-08.25.43.png\" \/>\n\t<meta property=\"og:image:width\" content=\"1040\" \/>\n\t<meta property=\"og:image:height\" content=\"536\" \/>\n\t<meta property=\"og:image:type\" content=\"image\/png\" \/>\n<meta name=\"twitter:card\" content=\"summary_large_image\" \/>\n<meta name=\"twitter:label1\" content=\"Gesch\u00e4tzte Lesezeit\" \/>\n\t<meta name=\"twitter:data1\" content=\"5\u00a0Minuten\" \/>\n<script type=\"application\/ld+json\" class=\"yoast-schema-graph\">{\"@context\":\"https:\/\/schema.org\",\"@graph\":[{\"@type\":\"WebPage\",\"@id\":\"https:\/\/damarillis.ch\/index.php\/babyzeichesprache-kurs\/\",\"url\":\"https:\/\/damarillis.ch\/index.php\/babyzeichesprache-kurs\/\",\"name\":\"Zwergensprache - damarillis.ch\",\"isPartOf\":{\"@id\":\"https:\/\/damarillis.ch\/#website\"},\"primaryImageOfPage\":{\"@id\":\"https:\/\/damarillis.ch\/index.php\/babyzeichesprache-kurs\/#primaryimage\"},\"image\":{\"@id\":\"https:\/\/damarillis.ch\/index.php\/babyzeichesprache-kurs\/#primaryimage\"},\"thumbnailUrl\":\"https:\/\/damarillis.ch\/wp-content\/uploads\/2025\/08\/Bildschirmfoto-2025-08-05-um-08.25.43-1024x528.png\",\"datePublished\":\"2025-08-12T14:48:42+00:00\",\"dateModified\":\"2026-04-02T20:25:42+00:00\",\"description\":\"Kommuniziere mit deinem Baby bevor es sprechen kann. Mit Hilfe von Handzeichen kannst du tief in die Gedanken- und Gef\u00fchlswelt deines Babys eintauchen.\",\"breadcrumb\":{\"@id\":\"https:\/\/damarillis.ch\/index.php\/babyzeichesprache-kurs\/#breadcrumb\"},\"inLanguage\":\"de\",\"potentialAction\":[{\"@type\":\"ReadAction\",\"target\":[\"https:\/\/damarillis.ch\/index.php\/babyzeichesprache-kurs\/\"]}]},{\"@type\":\"ImageObject\",\"inLanguage\":\"de\",\"@id\":\"https:\/\/damarillis.ch\/index.php\/babyzeichesprache-kurs\/#primaryimage\",\"url\":\"https:\/\/damarillis.ch\/wp-content\/uploads\/2025\/08\/Bildschirmfoto-2025-08-05-um-08.25.43.png\",\"contentUrl\":\"https:\/\/damarillis.ch\/wp-content\/uploads\/2025\/08\/Bildschirmfoto-2025-08-05-um-08.25.43.png\",\"width\":1040,\"height\":536},{\"@type\":\"BreadcrumbList\",\"@id\":\"https:\/\/damarillis.ch\/index.php\/babyzeichesprache-kurs\/#breadcrumb\",\"itemListElement\":[{\"@type\":\"ListItem\",\"position\":1,\"name\":\"Startseite\",\"item\":\"https:\/\/damarillis.ch\/\"},{\"@type\":\"ListItem\",\"position\":2,\"name\":\"Zwergensprache\"}]},{\"@type\":\"WebSite\",\"@id\":\"https:\/\/damarillis.ch\/#website\",\"url\":\"https:\/\/damarillis.ch\/\",\"name\":\"damarillis.ch\",\"description\":\"\",\"publisher\":{\"@id\":\"https:\/\/damarillis.ch\/#organization\"},\"potentialAction\":[{\"@type\":\"SearchAction\",\"target\":{\"@type\":\"EntryPoint\",\"urlTemplate\":\"https:\/\/damarillis.ch\/?s={search_term_string}\"},\"query-input\":{\"@type\":\"PropertyValueSpecification\",\"valueRequired\":true,\"valueName\":\"search_term_string\"}}],\"inLanguage\":\"de\"},{\"@type\":\"Organization\",\"@id\":\"https:\/\/damarillis.ch\/#organization\",\"name\":\"Damarillis\",\"url\":\"https:\/\/damarillis.ch\/\",\"logo\":{\"@type\":\"ImageObject\",\"inLanguage\":\"de\",\"@id\":\"https:\/\/damarillis.ch\/#\/schema\/logo\/image\/\",\"url\":\"https:\/\/damarillis.ch\/wp-content\/uploads\/2020\/02\/cropped-LOGO_Maus_klein-e1582031367694-2.png\",\"contentUrl\":\"https:\/\/damarillis.ch\/wp-content\/uploads\/2020\/02\/cropped-LOGO_Maus_klein-e1582031367694-2.png\",\"width\":200,\"height\":200,\"caption\":\"Damarillis\"},\"image\":{\"@id\":\"https:\/\/damarillis.ch\/#\/schema\/logo\/image\/\"}}]}<\/script>\n<!-- \/ Yoast SEO plugin. -->","yoast_head_json":{"title":"Zwergensprache - damarillis.ch","description":"Kommuniziere mit deinem Baby bevor es sprechen kann. Mit Hilfe von Handzeichen kannst du tief in die Gedanken- und Gef\u00fchlswelt deines Babys eintauchen.","robots":{"index":"index","follow":"follow","max-snippet":"max-snippet:-1","max-image-preview":"max-image-preview:large","max-video-preview":"max-video-preview:-1"},"canonical":"https:\/\/damarillis.ch\/index.php\/babyzeichesprache-kurs\/","og_locale":"de_DE","og_type":"article","og_title":"Zwergensprache - damarillis.ch","og_description":"Kommuniziere mit deinem Baby bevor es sprechen kann. Mit Hilfe von Handzeichen kannst du tief in die Gedanken- und Gef\u00fchlswelt deines Babys eintauchen.","og_url":"https:\/\/damarillis.ch\/index.php\/babyzeichesprache-kurs\/","og_site_name":"damarillis.ch","article_modified_time":"2026-04-02T20:25:42+00:00","og_image":[{"width":1040,"height":536,"url":"https:\/\/damarillis.ch\/wp-content\/uploads\/2025\/08\/Bildschirmfoto-2025-08-05-um-08.25.43.png","type":"image\/png"}],"twitter_card":"summary_large_image","twitter_misc":{"Gesch\u00e4tzte Lesezeit":"5\u00a0Minuten"},"schema":{"@context":"https:\/\/schema.org","@graph":[{"@type":"WebPage","@id":"https:\/\/damarillis.ch\/index.php\/babyzeichesprache-kurs\/","url":"https:\/\/damarillis.ch\/index.php\/babyzeichesprache-kurs\/","name":"Zwergensprache - damarillis.ch","isPartOf":{"@id":"https:\/\/damarillis.ch\/#website"},"primaryImageOfPage":{"@id":"https:\/\/damarillis.ch\/index.php\/babyzeichesprache-kurs\/#primaryimage"},"image":{"@id":"https:\/\/damarillis.ch\/index.php\/babyzeichesprache-kurs\/#primaryimage"},"thumbnailUrl":"https:\/\/damarillis.ch\/wp-content\/uploads\/2025\/08\/Bildschirmfoto-2025-08-05-um-08.25.43-1024x528.png","datePublished":"2025-08-12T14:48:42+00:00","dateModified":"2026-04-02T20:25:42+00:00","description":"Kommuniziere mit deinem Baby bevor es sprechen kann. Mit Hilfe von Handzeichen kannst du tief in die Gedanken- und Gef\u00fchlswelt deines Babys eintauchen.","breadcrumb":{"@id":"https:\/\/damarillis.ch\/index.php\/babyzeichesprache-kurs\/#breadcrumb"},"inLanguage":"de","potentialAction":[{"@type":"ReadAction","target":["https:\/\/damarillis.ch\/index.php\/babyzeichesprache-kurs\/"]}]},{"@type":"ImageObject","inLanguage":"de","@id":"https:\/\/damarillis.ch\/index.php\/babyzeichesprache-kurs\/#primaryimage","url":"https:\/\/damarillis.ch\/wp-content\/uploads\/2025\/08\/Bildschirmfoto-2025-08-05-um-08.25.43.png","contentUrl":"https:\/\/damarillis.ch\/wp-content\/uploads\/2025\/08\/Bildschirmfoto-2025-08-05-um-08.25.43.png","width":1040,"height":536},{"@type":"BreadcrumbList","@id":"https:\/\/damarillis.ch\/index.php\/babyzeichesprache-kurs\/#breadcrumb","itemListElement":[{"@type":"ListItem","position":1,"name":"Startseite","item":"https:\/\/damarillis.ch\/"},{"@type":"ListItem","position":2,"name":"Zwergensprache"}]},{"@type":"WebSite","@id":"https:\/\/damarillis.ch\/#website","url":"https:\/\/damarillis.ch\/","name":"damarillis.ch","description":"","publisher":{"@id":"https:\/\/damarillis.ch\/#organization"},"potentialAction":[{"@type":"SearchAction","target":{"@type":"EntryPoint","urlTemplate":"https:\/\/damarillis.ch\/?s={search_term_string}"},"query-input":{"@type":"PropertyValueSpecification","valueRequired":true,"valueName":"search_term_string"}}],"inLanguage":"de"},{"@type":"Organization","@id":"https:\/\/damarillis.ch\/#organization","name":"Damarillis","url":"https:\/\/damarillis.ch\/","logo":{"@type":"ImageObject","inLanguage":"de","@id":"https:\/\/damarillis.ch\/#\/schema\/logo\/image\/","url":"https:\/\/damarillis.ch\/wp-content\/uploads\/2020\/02\/cropped-LOGO_Maus_klein-e1582031367694-2.png","contentUrl":"https:\/\/damarillis.ch\/wp-content\/uploads\/2020\/02\/cropped-LOGO_Maus_klein-e1582031367694-2.png","width":200,"height":200,"caption":"Damarillis"},"image":{"@id":"https:\/\/damarillis.ch\/#\/schema\/logo\/image\/"}}]}},"_links":{"self":[{"href":"https:\/\/damarillis.ch\/index.php\/wp-json\/wp\/v2\/pages\/3744","targetHints":{"allow":["GET"]}}],"collection":[{"href":"https:\/\/damarillis.ch\/index.php\/wp-json\/wp\/v2\/pages"}],"about":[{"href":"https:\/\/damarillis.ch\/index.php\/wp-json\/wp\/v2\/types\/page"}],"author":[{"embeddable":true,"href":"https:\/\/damarillis.ch\/index.php\/wp-json\/wp\/v2\/users\/1"}],"replies":[{"embeddable":true,"href":"https:\/\/damarillis.ch\/index.php\/wp-json\/wp\/v2\/comments?post=3744"}],"version-history":[{"count":76,"href":"https:\/\/damarillis.ch\/index.php\/wp-json\/wp\/v2\/pages\/3744\/revisions"}],"predecessor-version":[{"id":3947,"href":"https:\/\/damarillis.ch\/index.php\/wp-json\/wp\/v2\/pages\/3744\/revisions\/3947"}],"wp:attachment":[{"href":"https:\/\/damarillis.ch\/index.php\/wp-json\/wp\/v2\/media?parent=3744"}],"curies":[{"name":"wp","href":"https:\/\/api.w.org\/{rel}","templated":true}]}}