{"id":596,"date":"2020-02-22T12:24:52","date_gmt":"2020-02-22T12:24:52","guid":{"rendered":"https:\/\/damarillis.ch\/?page_id=596"},"modified":"2024-06-11T21:26:48","modified_gmt":"2024-06-11T21:26:48","slug":"versand-agbs","status":"publish","type":"page","link":"https:\/\/damarillis.ch\/index.php\/versand-agbs\/","title":{"rendered":"Versand &#038; AGBs"},"content":{"rendered":"\n<p>Vielen Dank f\u00fcr deine Bestellung und dein Interesse an meinen Produkten. Solltest du eine Frage haben, kannst du mich jederzeit&nbsp;<a href=\"https:\/\/damarillis.ch\/index.php\/kontakt\/\">kontaktieren.<\/a><\/p>\n\n\n\n<h2 class=\"wp-block-heading\">Versand<\/h2>\n\n\n\n<p>Ich verschicke deine Bestellung, sobald der Betrag bei mir eingegangen ist &#8211; in der Regel innerhalb von 48 Stunden. Falls es kein Lagerartikel ist, muss ich ihn zuerst herstellen. In diesem Fall werde ich dich umgehend kontaktieren, damit du weisst, wann du mit der Lieferung rechnen kannst. Dann darfst du entscheiden, ob du etwas warten m\u00f6chtest und alles zusammen geliefert haben willst, oder gestaffelt. Das Porto wird nur einmal verrechnet.<\/p>\n\n\n\n<p>Deine Bestellung verschicke ich mit der schweizerischen Post. Du darfst w\u00e4hlen ob du die Lieferung als A- oder B-Post versendet haben m\u00f6chtest. Mein System berechnet die Versandkosten automatisch. Ich suche jeweils die g\u00fcnstigste Versandvariante f\u00fcr dich. Sei es Paket, Grossbrief, oder Brief-Couvert. Hast du einmal mehr bezahlt als die effektiven Kosten,\u00a0<strong>erh\u00e4ltst du den zu viel bezahlten Betrag zur\u00fcck<\/strong>. Beim Bestellprozess werden diese Kosten separat aufgef\u00fchrt. Wenn du f\u00fcr \u00fcber 200.- Fr. einkaufst, schenke ich dir das Porto. In diesem Fall werde ich das Paket mit B-Post versenden. Du darfst deine Bestellung auch gerne bei mir abholen und in bar bezahlen. <strong>Ich bitte dich, den Betrag gerade richtig dabei zu haben, ich habe nicht immer R\u00fcckgeld.<\/strong><\/p>\n\n\n\n<h2 class=\"wp-block-heading\">Kauf<\/h2>\n\n\n\n<p>Ich w\u00e4re froh, wenn du den Artikel nur bestellst, wenn du ihn kaufen m\u00f6chtest. Ich nehme verkaufte Produkte nur in Ausnahmef\u00e4llen zur\u00fcck. Ist etwas nicht in Ordnung mit dem Artikel, bitte ich um umgehenden Bescheid. Dann ersetze ich dir nat\u00fcrlich das Produkt sofort. Schicke mir auf keinen Fall den Artikel einfach zur\u00fcck, ohne dass wir vorher Kontakt hatten, sondern melde dich, damit wir gemeinsam eine L\u00f6sung finden.<\/p>\n\n\n\n<h2 class=\"wp-block-heading\">Bezahlmethoden<\/h2>\n\n\n\n<p>Du kannst mit folgenden Methoden deine Bestellung bezahlen:<\/p>\n\n\n\n<ul class=\"wp-block-list\">\n<li>Gegen Vorkasse&nbsp;(am Postschalter + 2.- f\u00fcr Postgeb\u00fcren)<\/li>\n\n\n\n<li>Twint<\/li>\n\n\n\n<li>Bei Abholung:&nbsp;in bar, TWINT oder Vorauskasse<\/li>\n<\/ul>\n\n\n\n<h2 class=\"wp-block-heading\">Irrt\u00fcmer<\/h2>\n\n\n\n<p>Mein Shop ist sorgf\u00e4ltig gepflegt, dennoch k\u00f6nnen Angaben nicht korrekt oder inaktuell sein. Zudem sind meine Produkte alle handgemacht, was dazu f\u00fchren kann, dass die Artikel nicht immer genau so sind wie abgebildet. Das kommt jedoch nur bei Artikeln vor, welche ich in gr\u00f6sseren Mengen produziere wie zum Beispiel Abschminkpads.. Dort ist es das Stoffmuster, das variieren kann. Bei den anderen Produkten kannst du davon ausgehen, dass du das, was du auf dem Foto siehst, auch erh\u00e4ltst.<\/p>\n\n\n\n<h2 class=\"wp-block-heading\">Datenschutz<\/h2>\n\n\n\n<p>Pers\u00f6nlichen Daten, die du z.B. w\u00e4hrend eines Kaufs angibst, verwende ich nur f\u00fcr den Bestellvorgang. Auf keinen Fall gebe ich Daten an Dritte weiter. Falls du alle deine Daten, die bei mir gespeichert sind, l\u00f6schen m\u00f6chtest, kontaktiere mich bitte per E-Mail.<\/p>\n","protected":false},"excerpt":{"rendered":"<p>Vielen Dank f\u00fcr deine Bestellung und dein Interesse an meinen Produkten. Solltest du eine Frage haben, kannst du mich jederzeit&nbsp;kontaktieren. Versand Ich verschicke deine Bestellung, sobald der Betrag bei mir eingegangen ist &#8211; in der Regel innerhalb von 48 Stunden.<\/p>\n","protected":false},"author":1,"featured_media":0,"parent":0,"menu_order":0,"comment_status":"closed","ping_status":"closed","template":"","meta":{"footnotes":""},"class_list":["post-596","page","type-page","status-publish","hentry"],"yoast_head":"<!-- This site is optimized with the Yoast SEO plugin v27.2 - https:\/\/yoast.com\/product\/yoast-seo-wordpress\/ -->\n<title>Versand &amp; AGBs - damarillis.ch<\/title>\n<meta name=\"robots\" content=\"index, follow, max-snippet:-1, max-image-preview:large, max-video-preview:-1\" \/>\n<link rel=\"canonical\" href=\"https:\/\/damarillis.ch\/index.php\/versand-agbs\/\" \/>\n<meta property=\"og:locale\" content=\"de_DE\" \/>\n<meta property=\"og:type\" content=\"article\" \/>\n<meta property=\"og:title\" content=\"Versand &amp; AGBs - damarillis.ch\" \/>\n<meta property=\"og:description\" content=\"Vielen Dank f\u00fcr deine Bestellung und dein Interesse an meinen Produkten. Solltest du eine Frage haben, kannst du mich jederzeit&nbsp;kontaktieren. Versand Ich verschicke deine Bestellung, sobald der Betrag bei mir eingegangen ist &#8211; in der Regel innerhalb von 48 Stunden.\" \/>\n<meta property=\"og:url\" content=\"https:\/\/damarillis.ch\/index.php\/versand-agbs\/\" \/>\n<meta property=\"og:site_name\" content=\"damarillis.ch\" \/>\n<meta property=\"article:modified_time\" content=\"2024-06-11T21:26:48+00:00\" \/>\n<meta name=\"twitter:card\" content=\"summary_large_image\" \/>\n<meta name=\"twitter:label1\" content=\"Gesch\u00e4tzte Lesezeit\" \/>\n\t<meta name=\"twitter:data1\" content=\"3\u00a0Minuten\" \/>\n<script type=\"application\/ld+json\" class=\"yoast-schema-graph\">{\"@context\":\"https:\/\/schema.org\",\"@graph\":[{\"@type\":\"WebPage\",\"@id\":\"https:\/\/damarillis.ch\/index.php\/versand-agbs\/\",\"url\":\"https:\/\/damarillis.ch\/index.php\/versand-agbs\/\",\"name\":\"Versand & AGBs - damarillis.ch\",\"isPartOf\":{\"@id\":\"https:\/\/damarillis.ch\/#website\"},\"datePublished\":\"2020-02-22T12:24:52+00:00\",\"dateModified\":\"2024-06-11T21:26:48+00:00\",\"breadcrumb\":{\"@id\":\"https:\/\/damarillis.ch\/index.php\/versand-agbs\/#breadcrumb\"},\"inLanguage\":\"de\",\"potentialAction\":[{\"@type\":\"ReadAction\",\"target\":[\"https:\/\/damarillis.ch\/index.php\/versand-agbs\/\"]}]},{\"@type\":\"BreadcrumbList\",\"@id\":\"https:\/\/damarillis.ch\/index.php\/versand-agbs\/#breadcrumb\",\"itemListElement\":[{\"@type\":\"ListItem\",\"position\":1,\"name\":\"Startseite\",\"item\":\"https:\/\/damarillis.ch\/\"},{\"@type\":\"ListItem\",\"position\":2,\"name\":\"Versand &#038; AGBs\"}]},{\"@type\":\"WebSite\",\"@id\":\"https:\/\/damarillis.ch\/#website\",\"url\":\"https:\/\/damarillis.ch\/\",\"name\":\"damarillis.ch\",\"description\":\"\",\"publisher\":{\"@id\":\"https:\/\/damarillis.ch\/#organization\"},\"potentialAction\":[{\"@type\":\"SearchAction\",\"target\":{\"@type\":\"EntryPoint\",\"urlTemplate\":\"https:\/\/damarillis.ch\/?s={search_term_string}\"},\"query-input\":{\"@type\":\"PropertyValueSpecification\",\"valueRequired\":true,\"valueName\":\"search_term_string\"}}],\"inLanguage\":\"de\"},{\"@type\":\"Organization\",\"@id\":\"https:\/\/damarillis.ch\/#organization\",\"name\":\"Damarillis\",\"url\":\"https:\/\/damarillis.ch\/\",\"logo\":{\"@type\":\"ImageObject\",\"inLanguage\":\"de\",\"@id\":\"https:\/\/damarillis.ch\/#\/schema\/logo\/image\/\",\"url\":\"https:\/\/damarillis.ch\/wp-content\/uploads\/2020\/02\/cropped-LOGO_Maus_klein-e1582031367694-2.png\",\"contentUrl\":\"https:\/\/damarillis.ch\/wp-content\/uploads\/2020\/02\/cropped-LOGO_Maus_klein-e1582031367694-2.png\",\"width\":200,\"height\":200,\"caption\":\"Damarillis\"},\"image\":{\"@id\":\"https:\/\/damarillis.ch\/#\/schema\/logo\/image\/\"}}]}<\/script>\n<!-- \/ Yoast SEO plugin. -->","yoast_head_json":{"title":"Versand & AGBs - damarillis.ch","robots":{"index":"index","follow":"follow","max-snippet":"max-snippet:-1","max-image-preview":"max-image-preview:large","max-video-preview":"max-video-preview:-1"},"canonical":"https:\/\/damarillis.ch\/index.php\/versand-agbs\/","og_locale":"de_DE","og_type":"article","og_title":"Versand & AGBs - damarillis.ch","og_description":"Vielen Dank f\u00fcr deine Bestellung und dein Interesse an meinen Produkten. Solltest du eine Frage haben, kannst du mich jederzeit&nbsp;kontaktieren. Versand Ich verschicke deine Bestellung, sobald der Betrag bei mir eingegangen ist &#8211; in der Regel innerhalb von 48 Stunden.","og_url":"https:\/\/damarillis.ch\/index.php\/versand-agbs\/","og_site_name":"damarillis.ch","article_modified_time":"2024-06-11T21:26:48+00:00","twitter_card":"summary_large_image","twitter_misc":{"Gesch\u00e4tzte Lesezeit":"3\u00a0Minuten"},"schema":{"@context":"https:\/\/schema.org","@graph":[{"@type":"WebPage","@id":"https:\/\/damarillis.ch\/index.php\/versand-agbs\/","url":"https:\/\/damarillis.ch\/index.php\/versand-agbs\/","name":"Versand & AGBs - damarillis.ch","isPartOf":{"@id":"https:\/\/damarillis.ch\/#website"},"datePublished":"2020-02-22T12:24:52+00:00","dateModified":"2024-06-11T21:26:48+00:00","breadcrumb":{"@id":"https:\/\/damarillis.ch\/index.php\/versand-agbs\/#breadcrumb"},"inLanguage":"de","potentialAction":[{"@type":"ReadAction","target":["https:\/\/damarillis.ch\/index.php\/versand-agbs\/"]}]},{"@type":"BreadcrumbList","@id":"https:\/\/damarillis.ch\/index.php\/versand-agbs\/#breadcrumb","itemListElement":[{"@type":"ListItem","position":1,"name":"Startseite","item":"https:\/\/damarillis.ch\/"},{"@type":"ListItem","position":2,"name":"Versand &#038; AGBs"}]},{"@type":"WebSite","@id":"https:\/\/damarillis.ch\/#website","url":"https:\/\/damarillis.ch\/","name":"damarillis.ch","description":"","publisher":{"@id":"https:\/\/damarillis.ch\/#organization"},"potentialAction":[{"@type":"SearchAction","target":{"@type":"EntryPoint","urlTemplate":"https:\/\/damarillis.ch\/?s={search_term_string}"},"query-input":{"@type":"PropertyValueSpecification","valueRequired":true,"valueName":"search_term_string"}}],"inLanguage":"de"},{"@type":"Organization","@id":"https:\/\/damarillis.ch\/#organization","name":"Damarillis","url":"https:\/\/damarillis.ch\/","logo":{"@type":"ImageObject","inLanguage":"de","@id":"https:\/\/damarillis.ch\/#\/schema\/logo\/image\/","url":"https:\/\/damarillis.ch\/wp-content\/uploads\/2020\/02\/cropped-LOGO_Maus_klein-e1582031367694-2.png","contentUrl":"https:\/\/damarillis.ch\/wp-content\/uploads\/2020\/02\/cropped-LOGO_Maus_klein-e1582031367694-2.png","width":200,"height":200,"caption":"Damarillis"},"image":{"@id":"https:\/\/damarillis.ch\/#\/schema\/logo\/image\/"}}]}},"_links":{"self":[{"href":"https:\/\/damarillis.ch\/index.php\/wp-json\/wp\/v2\/pages\/596","targetHints":{"allow":["GET"]}}],"collection":[{"href":"https:\/\/damarillis.ch\/index.php\/wp-json\/wp\/v2\/pages"}],"about":[{"href":"https:\/\/damarillis.ch\/index.php\/wp-json\/wp\/v2\/types\/page"}],"author":[{"embeddable":true,"href":"https:\/\/damarillis.ch\/index.php\/wp-json\/wp\/v2\/users\/1"}],"replies":[{"embeddable":true,"href":"https:\/\/damarillis.ch\/index.php\/wp-json\/wp\/v2\/comments?post=596"}],"version-history":[{"count":23,"href":"https:\/\/damarillis.ch\/index.php\/wp-json\/wp\/v2\/pages\/596\/revisions"}],"predecessor-version":[{"id":3700,"href":"https:\/\/damarillis.ch\/index.php\/wp-json\/wp\/v2\/pages\/596\/revisions\/3700"}],"wp:attachment":[{"href":"https:\/\/damarillis.ch\/index.php\/wp-json\/wp\/v2\/media?parent=596"}],"curies":[{"name":"wp","href":"https:\/\/api.w.org\/{rel}","templated":true}]}}