{"id":1889,"date":"2021-01-28T10:50:43","date_gmt":"2021-01-28T10:50:43","guid":{"rendered":"https:\/\/damarillis.ch\/?post_type=product&#038;p=1889"},"modified":"2024-05-21T20:38:53","modified_gmt":"2024-05-21T20:38:53","slug":"kuschelhose-hai-groesse-86","status":"publish","type":"product","link":"https:\/\/damarillis.ch\/index.php\/produkt\/kuschelhose-hai-groesse-86\/","title":{"rendered":"Kuschelhose &#8222;Mint&#8220; (Gr\u00f6sse 56)"},"content":{"rendered":"<p>Kuschelhosen aus reinem, strapazierf\u00e4higem\u00a0Bio-Baumwolle French Terry. Das Material ist innen leicht aufgeraut, was die Hose kuschelig weich macht. Die Baumwoll-B\u00fcndchen an Bauch und Beinen sitzen bequem und machen jede Bewegung mit, ohne einzuengen.<\/p>\n<p>Die Hose ist ein ganz besonderes Kleidungsst\u00fcck f\u00fcr verschiedene Gelegenheiten. Das weiche Material ist angenehm f\u00fcr die zarte Kinderhaut. Die klassische Passform bietet einen tollen Look. Perfekt zum Kuscheln und Toben.<\/p>\n<p>&nbsp;<\/p>\n<h5>Pflegehinweise<\/h5>\n<p>Waschbar bei 40\u00b0 Grad, nicht Tumblern<\/p>\n","protected":false},"excerpt":{"rendered":"<p>\u2729 100% Bio-Baumwolle<\/p>\n<p>\u2729 Bequemer Jersey<\/p>\n<p>\u2729 Perfekt zum Toben<\/p>\n<p>\u2729 Elastischer Bund an Bauch und Beinen, der nicht einschneidet<\/p>\n<p>\u2729 Gr\u00f6sse 86<\/p>\n","protected":false},"featured_media":3572,"template":"","meta":[],"product_brand":[],"product_cat":[96],"product_tag":[],"class_list":{"0":"post-1889","1":"product","2":"type-product","3":"status-publish","4":"has-post-thumbnail","6":"product_cat-hosen","8":"first","9":"instock","10":"shipping-taxable","11":"purchasable","12":"product-type-simple"},"yoast_head":"<!-- This site is optimized with the Yoast SEO plugin v27.2 - https:\/\/yoast.com\/product\/yoast-seo-wordpress\/ -->\n<title>Kuschelhose &quot;Mint&quot; (Gr\u00f6sse 56) - damarillis.ch<\/title>\n<meta name=\"robots\" content=\"index, follow, max-snippet:-1, max-image-preview:large, max-video-preview:-1\" \/>\n<link rel=\"canonical\" href=\"https:\/\/damarillis.ch\/index.php\/produkt\/kuschelhose-hai-groesse-86\/\" \/>\n<meta property=\"og:locale\" content=\"de_DE\" \/>\n<meta property=\"og:type\" content=\"article\" \/>\n<meta property=\"og:title\" content=\"Kuschelhose &quot;Mint&quot; (Gr\u00f6sse 56) - damarillis.ch\" \/>\n<meta property=\"og:description\" content=\"\u2729 100% Bio-Baumwolle  \u2729 Bequemer Jersey  \u2729 Perfekt zum Toben  \u2729 Elastischer Bund an Bauch und Beinen, der nicht einschneidet  \u2729 Gr\u00f6sse 86\" \/>\n<meta property=\"og:url\" content=\"https:\/\/damarillis.ch\/index.php\/produkt\/kuschelhose-hai-groesse-86\/\" \/>\n<meta property=\"og:site_name\" content=\"damarillis.ch\" \/>\n<meta property=\"article:modified_time\" content=\"2024-05-21T20:38:53+00:00\" \/>\n<meta property=\"og:image\" content=\"https:\/\/damarillis.ch\/wp-content\/uploads\/2024\/05\/IMG_8577-scaled.jpeg\" \/>\n\t<meta property=\"og:image:width\" content=\"1920\" \/>\n\t<meta property=\"og:image:height\" content=\"2560\" \/>\n\t<meta property=\"og:image:type\" content=\"image\/jpeg\" \/>\n<meta name=\"twitter:card\" content=\"summary_large_image\" \/>\n<meta name=\"twitter:label1\" content=\"Gesch\u00e4tzte Lesezeit\" \/>\n\t<meta name=\"twitter:data1\" content=\"1\u00a0Minute\" \/>\n<script type=\"application\/ld+json\" class=\"yoast-schema-graph\">{\"@context\":\"https:\/\/schema.org\",\"@graph\":[{\"@type\":\"WebPage\",\"@id\":\"https:\/\/damarillis.ch\/index.php\/produkt\/kuschelhose-hai-groesse-86\/\",\"url\":\"https:\/\/damarillis.ch\/index.php\/produkt\/kuschelhose-hai-groesse-86\/\",\"name\":\"Kuschelhose \\\"Mint\\\" (Gr\u00f6sse 56) - damarillis.ch\",\"isPartOf\":{\"@id\":\"https:\/\/damarillis.ch\/#website\"},\"primaryImageOfPage\":{\"@id\":\"https:\/\/damarillis.ch\/index.php\/produkt\/kuschelhose-hai-groesse-86\/#primaryimage\"},\"image\":{\"@id\":\"https:\/\/damarillis.ch\/index.php\/produkt\/kuschelhose-hai-groesse-86\/#primaryimage\"},\"thumbnailUrl\":\"https:\/\/damarillis.ch\/wp-content\/uploads\/2024\/05\/IMG_8577-scaled.jpeg\",\"datePublished\":\"2021-01-28T10:50:43+00:00\",\"dateModified\":\"2024-05-21T20:38:53+00:00\",\"breadcrumb\":{\"@id\":\"https:\/\/damarillis.ch\/index.php\/produkt\/kuschelhose-hai-groesse-86\/#breadcrumb\"},\"inLanguage\":\"de\",\"potentialAction\":[{\"@type\":\"ReadAction\",\"target\":[\"https:\/\/damarillis.ch\/index.php\/produkt\/kuschelhose-hai-groesse-86\/\"]}]},{\"@type\":\"ImageObject\",\"inLanguage\":\"de\",\"@id\":\"https:\/\/damarillis.ch\/index.php\/produkt\/kuschelhose-hai-groesse-86\/#primaryimage\",\"url\":\"https:\/\/damarillis.ch\/wp-content\/uploads\/2024\/05\/IMG_8577-scaled.jpeg\",\"contentUrl\":\"https:\/\/damarillis.ch\/wp-content\/uploads\/2024\/05\/IMG_8577-scaled.jpeg\",\"width\":1920,\"height\":2560},{\"@type\":\"BreadcrumbList\",\"@id\":\"https:\/\/damarillis.ch\/index.php\/produkt\/kuschelhose-hai-groesse-86\/#breadcrumb\",\"itemListElement\":[{\"@type\":\"ListItem\",\"position\":1,\"name\":\"Startseite\",\"item\":\"https:\/\/damarillis.ch\/\"},{\"@type\":\"ListItem\",\"position\":2,\"name\":\"Shop\",\"item\":\"https:\/\/damarillis.ch\/index.php\/shop\/\"},{\"@type\":\"ListItem\",\"position\":3,\"name\":\"Kuschelhose &#8222;Mint&#8220; (Gr\u00f6sse 56)\"}]},{\"@type\":\"WebSite\",\"@id\":\"https:\/\/damarillis.ch\/#website\",\"url\":\"https:\/\/damarillis.ch\/\",\"name\":\"damarillis.ch\",\"description\":\"\",\"publisher\":{\"@id\":\"https:\/\/damarillis.ch\/#organization\"},\"potentialAction\":[{\"@type\":\"SearchAction\",\"target\":{\"@type\":\"EntryPoint\",\"urlTemplate\":\"https:\/\/damarillis.ch\/?s={search_term_string}\"},\"query-input\":{\"@type\":\"PropertyValueSpecification\",\"valueRequired\":true,\"valueName\":\"search_term_string\"}}],\"inLanguage\":\"de\"},{\"@type\":\"Organization\",\"@id\":\"https:\/\/damarillis.ch\/#organization\",\"name\":\"Damarillis\",\"url\":\"https:\/\/damarillis.ch\/\",\"logo\":{\"@type\":\"ImageObject\",\"inLanguage\":\"de\",\"@id\":\"https:\/\/damarillis.ch\/#\/schema\/logo\/image\/\",\"url\":\"https:\/\/damarillis.ch\/wp-content\/uploads\/2020\/02\/cropped-LOGO_Maus_klein-e1582031367694-2.png\",\"contentUrl\":\"https:\/\/damarillis.ch\/wp-content\/uploads\/2020\/02\/cropped-LOGO_Maus_klein-e1582031367694-2.png\",\"width\":200,\"height\":200,\"caption\":\"Damarillis\"},\"image\":{\"@id\":\"https:\/\/damarillis.ch\/#\/schema\/logo\/image\/\"}}]}<\/script>\n<!-- \/ Yoast SEO plugin. -->","yoast_head_json":{"title":"Kuschelhose \"Mint\" (Gr\u00f6sse 56) - damarillis.ch","robots":{"index":"index","follow":"follow","max-snippet":"max-snippet:-1","max-image-preview":"max-image-preview:large","max-video-preview":"max-video-preview:-1"},"canonical":"https:\/\/damarillis.ch\/index.php\/produkt\/kuschelhose-hai-groesse-86\/","og_locale":"de_DE","og_type":"article","og_title":"Kuschelhose \"Mint\" (Gr\u00f6sse 56) - damarillis.ch","og_description":"\u2729 100% Bio-Baumwolle  \u2729 Bequemer Jersey  \u2729 Perfekt zum Toben  \u2729 Elastischer Bund an Bauch und Beinen, der nicht einschneidet  \u2729 Gr\u00f6sse 86","og_url":"https:\/\/damarillis.ch\/index.php\/produkt\/kuschelhose-hai-groesse-86\/","og_site_name":"damarillis.ch","article_modified_time":"2024-05-21T20:38:53+00:00","og_image":[{"width":1920,"height":2560,"url":"https:\/\/damarillis.ch\/wp-content\/uploads\/2024\/05\/IMG_8577-scaled.jpeg","type":"image\/jpeg"}],"twitter_card":"summary_large_image","twitter_misc":{"Gesch\u00e4tzte Lesezeit":"1\u00a0Minute"},"schema":{"@context":"https:\/\/schema.org","@graph":[{"@type":"WebPage","@id":"https:\/\/damarillis.ch\/index.php\/produkt\/kuschelhose-hai-groesse-86\/","url":"https:\/\/damarillis.ch\/index.php\/produkt\/kuschelhose-hai-groesse-86\/","name":"Kuschelhose \"Mint\" (Gr\u00f6sse 56) - damarillis.ch","isPartOf":{"@id":"https:\/\/damarillis.ch\/#website"},"primaryImageOfPage":{"@id":"https:\/\/damarillis.ch\/index.php\/produkt\/kuschelhose-hai-groesse-86\/#primaryimage"},"image":{"@id":"https:\/\/damarillis.ch\/index.php\/produkt\/kuschelhose-hai-groesse-86\/#primaryimage"},"thumbnailUrl":"https:\/\/damarillis.ch\/wp-content\/uploads\/2024\/05\/IMG_8577-scaled.jpeg","datePublished":"2021-01-28T10:50:43+00:00","dateModified":"2024-05-21T20:38:53+00:00","breadcrumb":{"@id":"https:\/\/damarillis.ch\/index.php\/produkt\/kuschelhose-hai-groesse-86\/#breadcrumb"},"inLanguage":"de","potentialAction":[{"@type":"ReadAction","target":["https:\/\/damarillis.ch\/index.php\/produkt\/kuschelhose-hai-groesse-86\/"]}]},{"@type":"ImageObject","inLanguage":"de","@id":"https:\/\/damarillis.ch\/index.php\/produkt\/kuschelhose-hai-groesse-86\/#primaryimage","url":"https:\/\/damarillis.ch\/wp-content\/uploads\/2024\/05\/IMG_8577-scaled.jpeg","contentUrl":"https:\/\/damarillis.ch\/wp-content\/uploads\/2024\/05\/IMG_8577-scaled.jpeg","width":1920,"height":2560},{"@type":"BreadcrumbList","@id":"https:\/\/damarillis.ch\/index.php\/produkt\/kuschelhose-hai-groesse-86\/#breadcrumb","itemListElement":[{"@type":"ListItem","position":1,"name":"Startseite","item":"https:\/\/damarillis.ch\/"},{"@type":"ListItem","position":2,"name":"Shop","item":"https:\/\/damarillis.ch\/index.php\/shop\/"},{"@type":"ListItem","position":3,"name":"Kuschelhose &#8222;Mint&#8220; (Gr\u00f6sse 56)"}]},{"@type":"WebSite","@id":"https:\/\/damarillis.ch\/#website","url":"https:\/\/damarillis.ch\/","name":"damarillis.ch","description":"","publisher":{"@id":"https:\/\/damarillis.ch\/#organization"},"potentialAction":[{"@type":"SearchAction","target":{"@type":"EntryPoint","urlTemplate":"https:\/\/damarillis.ch\/?s={search_term_string}"},"query-input":{"@type":"PropertyValueSpecification","valueRequired":true,"valueName":"search_term_string"}}],"inLanguage":"de"},{"@type":"Organization","@id":"https:\/\/damarillis.ch\/#organization","name":"Damarillis","url":"https:\/\/damarillis.ch\/","logo":{"@type":"ImageObject","inLanguage":"de","@id":"https:\/\/damarillis.ch\/#\/schema\/logo\/image\/","url":"https:\/\/damarillis.ch\/wp-content\/uploads\/2020\/02\/cropped-LOGO_Maus_klein-e1582031367694-2.png","contentUrl":"https:\/\/damarillis.ch\/wp-content\/uploads\/2020\/02\/cropped-LOGO_Maus_klein-e1582031367694-2.png","width":200,"height":200,"caption":"Damarillis"},"image":{"@id":"https:\/\/damarillis.ch\/#\/schema\/logo\/image\/"}}]}},"_links":{"self":[{"href":"https:\/\/damarillis.ch\/index.php\/wp-json\/wp\/v2\/product\/1889","targetHints":{"allow":["GET"]}}],"collection":[{"href":"https:\/\/damarillis.ch\/index.php\/wp-json\/wp\/v2\/product"}],"about":[{"href":"https:\/\/damarillis.ch\/index.php\/wp-json\/wp\/v2\/types\/product"}],"wp:featuredmedia":[{"embeddable":true,"href":"https:\/\/damarillis.ch\/index.php\/wp-json\/wp\/v2\/media\/3572"}],"wp:attachment":[{"href":"https:\/\/damarillis.ch\/index.php\/wp-json\/wp\/v2\/media?parent=1889"}],"wp:term":[{"taxonomy":"product_brand","embeddable":true,"href":"https:\/\/damarillis.ch\/index.php\/wp-json\/wp\/v2\/product_brand?post=1889"},{"taxonomy":"product_cat","embeddable":true,"href":"https:\/\/damarillis.ch\/index.php\/wp-json\/wp\/v2\/product_cat?post=1889"},{"taxonomy":"product_tag","embeddable":true,"href":"https:\/\/damarillis.ch\/index.php\/wp-json\/wp\/v2\/product_tag?post=1889"}],"curies":[{"name":"wp","href":"https:\/\/api.w.org\/{rel}","templated":true}]}}