{"id":2016,"date":"2021-04-19T10:07:05","date_gmt":"2021-04-19T10:07:05","guid":{"rendered":"https:\/\/damarillis.ch\/?post_type=product&#038;p=2016"},"modified":"2022-12-13T22:28:40","modified_gmt":"2022-12-13T22:28:40","slug":"halstuechlein-rostrot","status":"publish","type":"product","link":"https:\/\/damarillis.ch\/index.php\/produkt\/halstuechlein-rostrot\/","title":{"rendered":"Halstuch &#8222;Radiesli&#8220;"},"content":{"rendered":"<p>Ob als Halsw\u00e4rmer, niedliches Accessoire oder praktisches Spucktuch; das Dreieckstuch ist immer die richtige Wahl.\u00a0Damit sich Dein Baby rundum wohlf\u00fchlt, ist das Tuch aus reiner Baumwolle gefertigt. Der verwendete Bio Jersey \u00fcberzeugt mit seinen kuscheligen und saugstarken Eigenschaften. Das Dreieckstuch ist mit einem Druckknopfverschluss versehen. So ist es schnell angelegt und wieder ausgezogen.<\/p>\n<p>Es w\u00e4rmt Hals- und Nackenbereich sanft; beim Zahnen f\u00e4ngt das Tuch Speichel auf und sch\u00fctzt die Kleidung.<\/p>\n<p>Erh\u00e4ltlich in der Gr\u00f6sse:<\/p>\n<p>\u2729 0 &#8211; 1 Jahr<\/p>\n<h5><\/h5>\n<h5>Pflegehinweis<\/h5>\n<p>Du kannst es bei 40\u00b0 Grad waschen<\/p>\n<p>&nbsp;<\/p>\n<p>&nbsp;<\/p>\n<p>&nbsp;<\/p>\n<p>&nbsp;<\/p>\n<p>&nbsp;<\/p>\n<p>&nbsp;<\/p>\n","protected":false},"excerpt":{"rendered":"<p>\u2729 100% Baumwolle<\/p>\n<p>\u2729 Druckknopfverschluss<\/p>\n<p>\u2729 Beliebtes Geschenk<\/p>\n","protected":false},"featured_media":2568,"template":"","meta":[],"product_brand":[],"product_cat":[60],"product_tag":[],"class_list":{"0":"post-2016","1":"product","2":"type-product","3":"status-publish","4":"has-post-thumbnail","6":"product_cat-halstuechlein","8":"first","9":"instock","10":"sold-individually","11":"shipping-taxable","12":"purchasable","13":"product-type-simple"},"yoast_head":"<!-- This site is optimized with the Yoast SEO plugin v27.2 - https:\/\/yoast.com\/product\/yoast-seo-wordpress\/ -->\n<title>Halstuch &quot;Radiesli&quot; - damarillis.ch<\/title>\n<meta name=\"robots\" content=\"index, follow, max-snippet:-1, max-image-preview:large, max-video-preview:-1\" \/>\n<link rel=\"canonical\" href=\"https:\/\/damarillis.ch\/index.php\/produkt\/halstuechlein-rostrot\/\" \/>\n<meta property=\"og:locale\" content=\"de_DE\" \/>\n<meta property=\"og:type\" content=\"article\" \/>\n<meta property=\"og:title\" content=\"Halstuch &quot;Radiesli&quot; - damarillis.ch\" \/>\n<meta property=\"og:description\" content=\"\u2729 100% Baumwolle  \u2729 Druckknopfverschluss  \u2729 Beliebtes Geschenk\" \/>\n<meta property=\"og:url\" content=\"https:\/\/damarillis.ch\/index.php\/produkt\/halstuechlein-rostrot\/\" \/>\n<meta property=\"og:site_name\" content=\"damarillis.ch\" \/>\n<meta property=\"article:modified_time\" content=\"2022-12-13T22:28:40+00:00\" \/>\n<meta property=\"og:image\" content=\"https:\/\/damarillis.ch\/wp-content\/uploads\/2022\/08\/B8C2354F-F171-48C5-95FE-922627BD81AF-scaled.jpeg\" \/>\n\t<meta property=\"og:image:width\" content=\"1920\" \/>\n\t<meta property=\"og:image:height\" content=\"2560\" \/>\n\t<meta property=\"og:image:type\" content=\"image\/jpeg\" \/>\n<meta name=\"twitter:card\" content=\"summary_large_image\" \/>\n<meta name=\"twitter:label1\" content=\"Gesch\u00e4tzte Lesezeit\" \/>\n\t<meta name=\"twitter:data1\" content=\"1\u00a0Minute\" \/>\n<script type=\"application\/ld+json\" class=\"yoast-schema-graph\">{\"@context\":\"https:\/\/schema.org\",\"@graph\":[{\"@type\":\"WebPage\",\"@id\":\"https:\/\/damarillis.ch\/index.php\/produkt\/halstuechlein-rostrot\/\",\"url\":\"https:\/\/damarillis.ch\/index.php\/produkt\/halstuechlein-rostrot\/\",\"name\":\"Halstuch \\\"Radiesli\\\" - damarillis.ch\",\"isPartOf\":{\"@id\":\"https:\/\/damarillis.ch\/#website\"},\"primaryImageOfPage\":{\"@id\":\"https:\/\/damarillis.ch\/index.php\/produkt\/halstuechlein-rostrot\/#primaryimage\"},\"image\":{\"@id\":\"https:\/\/damarillis.ch\/index.php\/produkt\/halstuechlein-rostrot\/#primaryimage\"},\"thumbnailUrl\":\"https:\/\/damarillis.ch\/wp-content\/uploads\/2022\/08\/B8C2354F-F171-48C5-95FE-922627BD81AF-scaled.jpeg\",\"datePublished\":\"2021-04-19T10:07:05+00:00\",\"dateModified\":\"2022-12-13T22:28:40+00:00\",\"breadcrumb\":{\"@id\":\"https:\/\/damarillis.ch\/index.php\/produkt\/halstuechlein-rostrot\/#breadcrumb\"},\"inLanguage\":\"de\",\"potentialAction\":[{\"@type\":\"ReadAction\",\"target\":[\"https:\/\/damarillis.ch\/index.php\/produkt\/halstuechlein-rostrot\/\"]}]},{\"@type\":\"ImageObject\",\"inLanguage\":\"de\",\"@id\":\"https:\/\/damarillis.ch\/index.php\/produkt\/halstuechlein-rostrot\/#primaryimage\",\"url\":\"https:\/\/damarillis.ch\/wp-content\/uploads\/2022\/08\/B8C2354F-F171-48C5-95FE-922627BD81AF-scaled.jpeg\",\"contentUrl\":\"https:\/\/damarillis.ch\/wp-content\/uploads\/2022\/08\/B8C2354F-F171-48C5-95FE-922627BD81AF-scaled.jpeg\",\"width\":1920,\"height\":2560},{\"@type\":\"BreadcrumbList\",\"@id\":\"https:\/\/damarillis.ch\/index.php\/produkt\/halstuechlein-rostrot\/#breadcrumb\",\"itemListElement\":[{\"@type\":\"ListItem\",\"position\":1,\"name\":\"Startseite\",\"item\":\"https:\/\/damarillis.ch\/\"},{\"@type\":\"ListItem\",\"position\":2,\"name\":\"Shop\",\"item\":\"https:\/\/damarillis.ch\/index.php\/shop\/\"},{\"@type\":\"ListItem\",\"position\":3,\"name\":\"Halstuch &#8222;Radiesli&#8220;\"}]},{\"@type\":\"WebSite\",\"@id\":\"https:\/\/damarillis.ch\/#website\",\"url\":\"https:\/\/damarillis.ch\/\",\"name\":\"damarillis.ch\",\"description\":\"\",\"publisher\":{\"@id\":\"https:\/\/damarillis.ch\/#organization\"},\"potentialAction\":[{\"@type\":\"SearchAction\",\"target\":{\"@type\":\"EntryPoint\",\"urlTemplate\":\"https:\/\/damarillis.ch\/?s={search_term_string}\"},\"query-input\":{\"@type\":\"PropertyValueSpecification\",\"valueRequired\":true,\"valueName\":\"search_term_string\"}}],\"inLanguage\":\"de\"},{\"@type\":\"Organization\",\"@id\":\"https:\/\/damarillis.ch\/#organization\",\"name\":\"Damarillis\",\"url\":\"https:\/\/damarillis.ch\/\",\"logo\":{\"@type\":\"ImageObject\",\"inLanguage\":\"de\",\"@id\":\"https:\/\/damarillis.ch\/#\/schema\/logo\/image\/\",\"url\":\"https:\/\/damarillis.ch\/wp-content\/uploads\/2020\/02\/cropped-LOGO_Maus_klein-e1582031367694-2.png\",\"contentUrl\":\"https:\/\/damarillis.ch\/wp-content\/uploads\/2020\/02\/cropped-LOGO_Maus_klein-e1582031367694-2.png\",\"width\":200,\"height\":200,\"caption\":\"Damarillis\"},\"image\":{\"@id\":\"https:\/\/damarillis.ch\/#\/schema\/logo\/image\/\"}}]}<\/script>\n<!-- \/ Yoast SEO plugin. -->","yoast_head_json":{"title":"Halstuch \"Radiesli\" - damarillis.ch","robots":{"index":"index","follow":"follow","max-snippet":"max-snippet:-1","max-image-preview":"max-image-preview:large","max-video-preview":"max-video-preview:-1"},"canonical":"https:\/\/damarillis.ch\/index.php\/produkt\/halstuechlein-rostrot\/","og_locale":"de_DE","og_type":"article","og_title":"Halstuch \"Radiesli\" - damarillis.ch","og_description":"\u2729 100% Baumwolle  \u2729 Druckknopfverschluss  \u2729 Beliebtes Geschenk","og_url":"https:\/\/damarillis.ch\/index.php\/produkt\/halstuechlein-rostrot\/","og_site_name":"damarillis.ch","article_modified_time":"2022-12-13T22:28:40+00:00","og_image":[{"width":1920,"height":2560,"url":"https:\/\/damarillis.ch\/wp-content\/uploads\/2022\/08\/B8C2354F-F171-48C5-95FE-922627BD81AF-scaled.jpeg","type":"image\/jpeg"}],"twitter_card":"summary_large_image","twitter_misc":{"Gesch\u00e4tzte Lesezeit":"1\u00a0Minute"},"schema":{"@context":"https:\/\/schema.org","@graph":[{"@type":"WebPage","@id":"https:\/\/damarillis.ch\/index.php\/produkt\/halstuechlein-rostrot\/","url":"https:\/\/damarillis.ch\/index.php\/produkt\/halstuechlein-rostrot\/","name":"Halstuch \"Radiesli\" - damarillis.ch","isPartOf":{"@id":"https:\/\/damarillis.ch\/#website"},"primaryImageOfPage":{"@id":"https:\/\/damarillis.ch\/index.php\/produkt\/halstuechlein-rostrot\/#primaryimage"},"image":{"@id":"https:\/\/damarillis.ch\/index.php\/produkt\/halstuechlein-rostrot\/#primaryimage"},"thumbnailUrl":"https:\/\/damarillis.ch\/wp-content\/uploads\/2022\/08\/B8C2354F-F171-48C5-95FE-922627BD81AF-scaled.jpeg","datePublished":"2021-04-19T10:07:05+00:00","dateModified":"2022-12-13T22:28:40+00:00","breadcrumb":{"@id":"https:\/\/damarillis.ch\/index.php\/produkt\/halstuechlein-rostrot\/#breadcrumb"},"inLanguage":"de","potentialAction":[{"@type":"ReadAction","target":["https:\/\/damarillis.ch\/index.php\/produkt\/halstuechlein-rostrot\/"]}]},{"@type":"ImageObject","inLanguage":"de","@id":"https:\/\/damarillis.ch\/index.php\/produkt\/halstuechlein-rostrot\/#primaryimage","url":"https:\/\/damarillis.ch\/wp-content\/uploads\/2022\/08\/B8C2354F-F171-48C5-95FE-922627BD81AF-scaled.jpeg","contentUrl":"https:\/\/damarillis.ch\/wp-content\/uploads\/2022\/08\/B8C2354F-F171-48C5-95FE-922627BD81AF-scaled.jpeg","width":1920,"height":2560},{"@type":"BreadcrumbList","@id":"https:\/\/damarillis.ch\/index.php\/produkt\/halstuechlein-rostrot\/#breadcrumb","itemListElement":[{"@type":"ListItem","position":1,"name":"Startseite","item":"https:\/\/damarillis.ch\/"},{"@type":"ListItem","position":2,"name":"Shop","item":"https:\/\/damarillis.ch\/index.php\/shop\/"},{"@type":"ListItem","position":3,"name":"Halstuch &#8222;Radiesli&#8220;"}]},{"@type":"WebSite","@id":"https:\/\/damarillis.ch\/#website","url":"https:\/\/damarillis.ch\/","name":"damarillis.ch","description":"","publisher":{"@id":"https:\/\/damarillis.ch\/#organization"},"potentialAction":[{"@type":"SearchAction","target":{"@type":"EntryPoint","urlTemplate":"https:\/\/damarillis.ch\/?s={search_term_string}"},"query-input":{"@type":"PropertyValueSpecification","valueRequired":true,"valueName":"search_term_string"}}],"inLanguage":"de"},{"@type":"Organization","@id":"https:\/\/damarillis.ch\/#organization","name":"Damarillis","url":"https:\/\/damarillis.ch\/","logo":{"@type":"ImageObject","inLanguage":"de","@id":"https:\/\/damarillis.ch\/#\/schema\/logo\/image\/","url":"https:\/\/damarillis.ch\/wp-content\/uploads\/2020\/02\/cropped-LOGO_Maus_klein-e1582031367694-2.png","contentUrl":"https:\/\/damarillis.ch\/wp-content\/uploads\/2020\/02\/cropped-LOGO_Maus_klein-e1582031367694-2.png","width":200,"height":200,"caption":"Damarillis"},"image":{"@id":"https:\/\/damarillis.ch\/#\/schema\/logo\/image\/"}}]}},"_links":{"self":[{"href":"https:\/\/damarillis.ch\/index.php\/wp-json\/wp\/v2\/product\/2016","targetHints":{"allow":["GET"]}}],"collection":[{"href":"https:\/\/damarillis.ch\/index.php\/wp-json\/wp\/v2\/product"}],"about":[{"href":"https:\/\/damarillis.ch\/index.php\/wp-json\/wp\/v2\/types\/product"}],"wp:featuredmedia":[{"embeddable":true,"href":"https:\/\/damarillis.ch\/index.php\/wp-json\/wp\/v2\/media\/2568"}],"wp:attachment":[{"href":"https:\/\/damarillis.ch\/index.php\/wp-json\/wp\/v2\/media?parent=2016"}],"wp:term":[{"taxonomy":"product_brand","embeddable":true,"href":"https:\/\/damarillis.ch\/index.php\/wp-json\/wp\/v2\/product_brand?post=2016"},{"taxonomy":"product_cat","embeddable":true,"href":"https:\/\/damarillis.ch\/index.php\/wp-json\/wp\/v2\/product_cat?post=2016"},{"taxonomy":"product_tag","embeddable":true,"href":"https:\/\/damarillis.ch\/index.php\/wp-json\/wp\/v2\/product_tag?post=2016"}],"curies":[{"name":"wp","href":"https:\/\/api.w.org\/{rel}","templated":true}]}}