{"id":2590,"date":"2022-12-14T21:41:34","date_gmt":"2022-12-14T21:41:34","guid":{"rendered":"https:\/\/damarillis.ch\/?post_type=product&#038;p=2590"},"modified":"2025-04-08T15:19:52","modified_gmt":"2025-04-08T15:19:52","slug":"leggings-jeans-groesse-74","status":"publish","type":"product","link":"https:\/\/damarillis.ch\/index.php\/produkt\/leggings-jeans-groesse-74\/","title":{"rendered":"Leggings &#8222;Jeans&#8220; (Gr\u00f6sse 74)"},"content":{"rendered":"<p>Diese Leggings ist sch\u00f6n anliegend geschnitten. Auch f\u00fcr schmale Kinder sitzen sie nicht zu locker.<\/p>\n<p>Ein Kleidungsst\u00fcck welches im Herbst und Winter unter einem Kleid oder einer Tunika getragen werden kann, und an warmen Tagen anstatt einer Hose.<\/p>\n<p>&nbsp;<\/p>\n<p>&nbsp;<\/p>\n","protected":false},"excerpt":{"rendered":"<p>&nbsp;<\/p>\n<p>\u2729 Weicher Jersey<\/p>\n<p>\u2729 Eng anliegend<\/p>\n<p>\u2729 Basicteil<\/p>\n<p>&nbsp;<\/p>\n<p>&nbsp;<\/p>\n","protected":false},"featured_media":3557,"template":"","meta":[],"product_brand":[],"product_cat":[97],"product_tag":[],"class_list":{"0":"post-2590","1":"product","2":"type-product","3":"status-publish","4":"has-post-thumbnail","6":"product_cat-leggings","8":"first","9":"instock","10":"shipping-taxable","11":"purchasable","12":"product-type-simple"},"yoast_head":"<!-- This site is optimized with the Yoast SEO plugin v27.2 - https:\/\/yoast.com\/product\/yoast-seo-wordpress\/ -->\n<title>Leggings &quot;Jeans&quot; (Gr\u00f6sse 74) - damarillis.ch<\/title>\n<meta name=\"robots\" content=\"index, follow, max-snippet:-1, max-image-preview:large, max-video-preview:-1\" \/>\n<link rel=\"canonical\" href=\"https:\/\/damarillis.ch\/index.php\/produkt\/leggings-jeans-groesse-74\/\" \/>\n<meta property=\"og:locale\" content=\"de_DE\" \/>\n<meta property=\"og:type\" content=\"article\" \/>\n<meta property=\"og:title\" content=\"Leggings &quot;Jeans&quot; (Gr\u00f6sse 74) - damarillis.ch\" \/>\n<meta property=\"og:description\" content=\"&nbsp;  \u2729 Weicher Jersey  \u2729 Eng anliegend  \u2729 Basicteil  &nbsp;  &nbsp;\" \/>\n<meta property=\"og:url\" content=\"https:\/\/damarillis.ch\/index.php\/produkt\/leggings-jeans-groesse-74\/\" \/>\n<meta property=\"og:site_name\" content=\"damarillis.ch\" \/>\n<meta property=\"article:modified_time\" content=\"2025-04-08T15:19:52+00:00\" \/>\n<meta property=\"og:image\" content=\"https:\/\/damarillis.ch\/wp-content\/uploads\/2024\/05\/IMG_8559-scaled-e1716303222416.jpeg\" \/>\n\t<meta property=\"og:image:width\" content=\"1920\" \/>\n\t<meta property=\"og:image:height\" content=\"2274\" \/>\n\t<meta property=\"og:image:type\" content=\"image\/jpeg\" \/>\n<meta name=\"twitter:card\" content=\"summary_large_image\" \/>\n<meta name=\"twitter:label1\" content=\"Gesch\u00e4tzte Lesezeit\" \/>\n\t<meta name=\"twitter:data1\" content=\"1\u00a0Minute\" \/>\n<script type=\"application\/ld+json\" class=\"yoast-schema-graph\">{\"@context\":\"https:\/\/schema.org\",\"@graph\":[{\"@type\":\"WebPage\",\"@id\":\"https:\/\/damarillis.ch\/index.php\/produkt\/leggings-jeans-groesse-74\/\",\"url\":\"https:\/\/damarillis.ch\/index.php\/produkt\/leggings-jeans-groesse-74\/\",\"name\":\"Leggings \\\"Jeans\\\" (Gr\u00f6sse 74) - damarillis.ch\",\"isPartOf\":{\"@id\":\"https:\/\/damarillis.ch\/#website\"},\"primaryImageOfPage\":{\"@id\":\"https:\/\/damarillis.ch\/index.php\/produkt\/leggings-jeans-groesse-74\/#primaryimage\"},\"image\":{\"@id\":\"https:\/\/damarillis.ch\/index.php\/produkt\/leggings-jeans-groesse-74\/#primaryimage\"},\"thumbnailUrl\":\"https:\/\/damarillis.ch\/wp-content\/uploads\/2024\/05\/IMG_8559-scaled-e1716303222416.jpeg\",\"datePublished\":\"2022-12-14T21:41:34+00:00\",\"dateModified\":\"2025-04-08T15:19:52+00:00\",\"breadcrumb\":{\"@id\":\"https:\/\/damarillis.ch\/index.php\/produkt\/leggings-jeans-groesse-74\/#breadcrumb\"},\"inLanguage\":\"de\",\"potentialAction\":[{\"@type\":\"ReadAction\",\"target\":[\"https:\/\/damarillis.ch\/index.php\/produkt\/leggings-jeans-groesse-74\/\"]}]},{\"@type\":\"ImageObject\",\"inLanguage\":\"de\",\"@id\":\"https:\/\/damarillis.ch\/index.php\/produkt\/leggings-jeans-groesse-74\/#primaryimage\",\"url\":\"https:\/\/damarillis.ch\/wp-content\/uploads\/2024\/05\/IMG_8559-scaled-e1716303222416.jpeg\",\"contentUrl\":\"https:\/\/damarillis.ch\/wp-content\/uploads\/2024\/05\/IMG_8559-scaled-e1716303222416.jpeg\",\"width\":1920,\"height\":2274},{\"@type\":\"BreadcrumbList\",\"@id\":\"https:\/\/damarillis.ch\/index.php\/produkt\/leggings-jeans-groesse-74\/#breadcrumb\",\"itemListElement\":[{\"@type\":\"ListItem\",\"position\":1,\"name\":\"Startseite\",\"item\":\"https:\/\/damarillis.ch\/\"},{\"@type\":\"ListItem\",\"position\":2,\"name\":\"Shop\",\"item\":\"https:\/\/damarillis.ch\/index.php\/shop\/\"},{\"@type\":\"ListItem\",\"position\":3,\"name\":\"Leggings &#8222;Jeans&#8220; (Gr\u00f6sse 74)\"}]},{\"@type\":\"WebSite\",\"@id\":\"https:\/\/damarillis.ch\/#website\",\"url\":\"https:\/\/damarillis.ch\/\",\"name\":\"damarillis.ch\",\"description\":\"\",\"publisher\":{\"@id\":\"https:\/\/damarillis.ch\/#organization\"},\"potentialAction\":[{\"@type\":\"SearchAction\",\"target\":{\"@type\":\"EntryPoint\",\"urlTemplate\":\"https:\/\/damarillis.ch\/?s={search_term_string}\"},\"query-input\":{\"@type\":\"PropertyValueSpecification\",\"valueRequired\":true,\"valueName\":\"search_term_string\"}}],\"inLanguage\":\"de\"},{\"@type\":\"Organization\",\"@id\":\"https:\/\/damarillis.ch\/#organization\",\"name\":\"Damarillis\",\"url\":\"https:\/\/damarillis.ch\/\",\"logo\":{\"@type\":\"ImageObject\",\"inLanguage\":\"de\",\"@id\":\"https:\/\/damarillis.ch\/#\/schema\/logo\/image\/\",\"url\":\"https:\/\/damarillis.ch\/wp-content\/uploads\/2020\/02\/cropped-LOGO_Maus_klein-e1582031367694-2.png\",\"contentUrl\":\"https:\/\/damarillis.ch\/wp-content\/uploads\/2020\/02\/cropped-LOGO_Maus_klein-e1582031367694-2.png\",\"width\":200,\"height\":200,\"caption\":\"Damarillis\"},\"image\":{\"@id\":\"https:\/\/damarillis.ch\/#\/schema\/logo\/image\/\"}}]}<\/script>\n<!-- \/ Yoast SEO plugin. -->","yoast_head_json":{"title":"Leggings \"Jeans\" (Gr\u00f6sse 74) - damarillis.ch","robots":{"index":"index","follow":"follow","max-snippet":"max-snippet:-1","max-image-preview":"max-image-preview:large","max-video-preview":"max-video-preview:-1"},"canonical":"https:\/\/damarillis.ch\/index.php\/produkt\/leggings-jeans-groesse-74\/","og_locale":"de_DE","og_type":"article","og_title":"Leggings \"Jeans\" (Gr\u00f6sse 74) - damarillis.ch","og_description":"&nbsp;  \u2729 Weicher Jersey  \u2729 Eng anliegend  \u2729 Basicteil  &nbsp;  &nbsp;","og_url":"https:\/\/damarillis.ch\/index.php\/produkt\/leggings-jeans-groesse-74\/","og_site_name":"damarillis.ch","article_modified_time":"2025-04-08T15:19:52+00:00","og_image":[{"width":1920,"height":2274,"url":"https:\/\/damarillis.ch\/wp-content\/uploads\/2024\/05\/IMG_8559-scaled-e1716303222416.jpeg","type":"image\/jpeg"}],"twitter_card":"summary_large_image","twitter_misc":{"Gesch\u00e4tzte Lesezeit":"1\u00a0Minute"},"schema":{"@context":"https:\/\/schema.org","@graph":[{"@type":"WebPage","@id":"https:\/\/damarillis.ch\/index.php\/produkt\/leggings-jeans-groesse-74\/","url":"https:\/\/damarillis.ch\/index.php\/produkt\/leggings-jeans-groesse-74\/","name":"Leggings \"Jeans\" (Gr\u00f6sse 74) - damarillis.ch","isPartOf":{"@id":"https:\/\/damarillis.ch\/#website"},"primaryImageOfPage":{"@id":"https:\/\/damarillis.ch\/index.php\/produkt\/leggings-jeans-groesse-74\/#primaryimage"},"image":{"@id":"https:\/\/damarillis.ch\/index.php\/produkt\/leggings-jeans-groesse-74\/#primaryimage"},"thumbnailUrl":"https:\/\/damarillis.ch\/wp-content\/uploads\/2024\/05\/IMG_8559-scaled-e1716303222416.jpeg","datePublished":"2022-12-14T21:41:34+00:00","dateModified":"2025-04-08T15:19:52+00:00","breadcrumb":{"@id":"https:\/\/damarillis.ch\/index.php\/produkt\/leggings-jeans-groesse-74\/#breadcrumb"},"inLanguage":"de","potentialAction":[{"@type":"ReadAction","target":["https:\/\/damarillis.ch\/index.php\/produkt\/leggings-jeans-groesse-74\/"]}]},{"@type":"ImageObject","inLanguage":"de","@id":"https:\/\/damarillis.ch\/index.php\/produkt\/leggings-jeans-groesse-74\/#primaryimage","url":"https:\/\/damarillis.ch\/wp-content\/uploads\/2024\/05\/IMG_8559-scaled-e1716303222416.jpeg","contentUrl":"https:\/\/damarillis.ch\/wp-content\/uploads\/2024\/05\/IMG_8559-scaled-e1716303222416.jpeg","width":1920,"height":2274},{"@type":"BreadcrumbList","@id":"https:\/\/damarillis.ch\/index.php\/produkt\/leggings-jeans-groesse-74\/#breadcrumb","itemListElement":[{"@type":"ListItem","position":1,"name":"Startseite","item":"https:\/\/damarillis.ch\/"},{"@type":"ListItem","position":2,"name":"Shop","item":"https:\/\/damarillis.ch\/index.php\/shop\/"},{"@type":"ListItem","position":3,"name":"Leggings &#8222;Jeans&#8220; (Gr\u00f6sse 74)"}]},{"@type":"WebSite","@id":"https:\/\/damarillis.ch\/#website","url":"https:\/\/damarillis.ch\/","name":"damarillis.ch","description":"","publisher":{"@id":"https:\/\/damarillis.ch\/#organization"},"potentialAction":[{"@type":"SearchAction","target":{"@type":"EntryPoint","urlTemplate":"https:\/\/damarillis.ch\/?s={search_term_string}"},"query-input":{"@type":"PropertyValueSpecification","valueRequired":true,"valueName":"search_term_string"}}],"inLanguage":"de"},{"@type":"Organization","@id":"https:\/\/damarillis.ch\/#organization","name":"Damarillis","url":"https:\/\/damarillis.ch\/","logo":{"@type":"ImageObject","inLanguage":"de","@id":"https:\/\/damarillis.ch\/#\/schema\/logo\/image\/","url":"https:\/\/damarillis.ch\/wp-content\/uploads\/2020\/02\/cropped-LOGO_Maus_klein-e1582031367694-2.png","contentUrl":"https:\/\/damarillis.ch\/wp-content\/uploads\/2020\/02\/cropped-LOGO_Maus_klein-e1582031367694-2.png","width":200,"height":200,"caption":"Damarillis"},"image":{"@id":"https:\/\/damarillis.ch\/#\/schema\/logo\/image\/"}}]}},"_links":{"self":[{"href":"https:\/\/damarillis.ch\/index.php\/wp-json\/wp\/v2\/product\/2590","targetHints":{"allow":["GET"]}}],"collection":[{"href":"https:\/\/damarillis.ch\/index.php\/wp-json\/wp\/v2\/product"}],"about":[{"href":"https:\/\/damarillis.ch\/index.php\/wp-json\/wp\/v2\/types\/product"}],"wp:featuredmedia":[{"embeddable":true,"href":"https:\/\/damarillis.ch\/index.php\/wp-json\/wp\/v2\/media\/3557"}],"wp:attachment":[{"href":"https:\/\/damarillis.ch\/index.php\/wp-json\/wp\/v2\/media?parent=2590"}],"wp:term":[{"taxonomy":"product_brand","embeddable":true,"href":"https:\/\/damarillis.ch\/index.php\/wp-json\/wp\/v2\/product_brand?post=2590"},{"taxonomy":"product_cat","embeddable":true,"href":"https:\/\/damarillis.ch\/index.php\/wp-json\/wp\/v2\/product_cat?post=2590"},{"taxonomy":"product_tag","embeddable":true,"href":"https:\/\/damarillis.ch\/index.php\/wp-json\/wp\/v2\/product_tag?post=2590"}],"curies":[{"name":"wp","href":"https:\/\/api.w.org\/{rel}","templated":true}]}}