{"id":2761,"date":"2022-12-30T12:52:09","date_gmt":"2022-12-30T12:52:09","guid":{"rendered":"https:\/\/damarillis.ch\/?post_type=product&#038;p=2761"},"modified":"2022-12-30T15:48:40","modified_gmt":"2022-12-30T15:48:40","slug":"badeponcho-auf-wunsch-2","status":"publish","type":"product","link":"https:\/\/damarillis.ch\/index.php\/produkt\/badeponcho-auf-wunsch-2\/","title":{"rendered":"Badeponcho auf Wunsch"},"content":{"rendered":"<p>Hier kannst du einen Badeponcho nach deinen W\u00fcnschen zusammen stellen. Die Bearbeitungszeit dauert ca. 2-4 Wochen. Jenachdem ob ich den Stoff zu Hause habe oder zuerst bestellen muss.<\/p>\n<p>Mit diesem kuscheligen und\u00a0weichen Badeponcho sind die Kleinen nach dem Baden ruck-zuck wieder trocken.<\/p>\n<p>Das kuschelig-weiche Baumwollgewebe in der beliebten Waffeloptik trocknet rasch und spendet wohlige W\u00e4rme nach dem Bad. Das volumin\u00f6se Waffelstruktur-Doppelgewebe nimmt Feuchtigkeit wunderbar auf, ohne zu beschweren. Die praktische Ponchoform l\u00e4dt geradezu zum Hineinschl\u00fcpfen ein. Die Kapuze l\u00e4uft zu einem Spitz, was ihm einen niedlichen Zwergenlook verleiht. Der Holzknopf in der Mitte der Kapuze dient als Dekoration.<\/p>\n<p>Dir gef\u00e4llt die spitze Kapuze nicht und du m\u00f6chtest lieber eine runde? Kein Problem! Schreibe mir einfach eine Nachricht ins Kommentarfeld bei der Kasse.<\/p>\n<p>Du kannst den Poncho bei 40-60\u00b0 Grad waschen. Nicht tumblern.<\/p>\n<p>&nbsp;<\/p>\n<p>&nbsp;<\/p>\n","protected":false},"excerpt":{"rendered":"<p>&nbsp;<\/p>\n<p>100% Baumwolle<\/p>\n<p>Schnell trocknend ohne zu Beschweren<\/p>\n<p>Waffelpique<\/p>\n<p>Zwergenkapuze<\/p>\n<p>&nbsp;<\/p>\n","protected":false},"featured_media":2487,"template":"","meta":[],"product_brand":[],"product_cat":[100],"product_tag":[],"class_list":{"0":"post-2761","1":"product","2":"type-product","3":"status-publish","4":"has-post-thumbnail","6":"product_cat-badeponcho","8":"first","9":"instock","10":"shipping-taxable","11":"purchasable","12":"product-type-variable","13":"has-default-attributes"},"yoast_head":"<!-- This site is optimized with the Yoast SEO plugin v27.2 - https:\/\/yoast.com\/product\/yoast-seo-wordpress\/ -->\n<title>Badeponcho auf Wunsch - damarillis.ch<\/title>\n<meta name=\"robots\" content=\"index, follow, max-snippet:-1, max-image-preview:large, max-video-preview:-1\" \/>\n<link rel=\"canonical\" href=\"https:\/\/damarillis.ch\/index.php\/produkt\/badeponcho-auf-wunsch-2\/\" \/>\n<meta property=\"og:locale\" content=\"de_DE\" \/>\n<meta property=\"og:type\" content=\"article\" \/>\n<meta property=\"og:title\" content=\"Badeponcho auf Wunsch - damarillis.ch\" \/>\n<meta property=\"og:description\" content=\"&nbsp;  100% Baumwolle  Schnell trocknend ohne zu Beschweren  Waffelpique  Zwergenkapuze  &nbsp;\" \/>\n<meta property=\"og:url\" content=\"https:\/\/damarillis.ch\/index.php\/produkt\/badeponcho-auf-wunsch-2\/\" \/>\n<meta property=\"og:site_name\" content=\"damarillis.ch\" \/>\n<meta property=\"article:modified_time\" content=\"2022-12-30T15:48:40+00:00\" \/>\n<meta property=\"og:image\" content=\"https:\/\/damarillis.ch\/wp-content\/uploads\/2022\/12\/3075C6F2-C6BE-4935-94CB-97D554689775-scaled.jpeg\" \/>\n\t<meta property=\"og:image:width\" content=\"1920\" \/>\n\t<meta property=\"og:image:height\" content=\"2560\" \/>\n\t<meta property=\"og:image:type\" content=\"image\/jpeg\" \/>\n<meta name=\"twitter:card\" content=\"summary_large_image\" \/>\n<meta name=\"twitter:label1\" content=\"Gesch\u00e4tzte Lesezeit\" \/>\n\t<meta name=\"twitter:data1\" content=\"1\u00a0Minute\" \/>\n<script type=\"application\/ld+json\" class=\"yoast-schema-graph\">{\"@context\":\"https:\/\/schema.org\",\"@graph\":[{\"@type\":\"WebPage\",\"@id\":\"https:\/\/damarillis.ch\/index.php\/produkt\/badeponcho-auf-wunsch-2\/\",\"url\":\"https:\/\/damarillis.ch\/index.php\/produkt\/badeponcho-auf-wunsch-2\/\",\"name\":\"Badeponcho auf Wunsch - damarillis.ch\",\"isPartOf\":{\"@id\":\"https:\/\/damarillis.ch\/#website\"},\"primaryImageOfPage\":{\"@id\":\"https:\/\/damarillis.ch\/index.php\/produkt\/badeponcho-auf-wunsch-2\/#primaryimage\"},\"image\":{\"@id\":\"https:\/\/damarillis.ch\/index.php\/produkt\/badeponcho-auf-wunsch-2\/#primaryimage\"},\"thumbnailUrl\":\"https:\/\/damarillis.ch\/wp-content\/uploads\/2022\/12\/3075C6F2-C6BE-4935-94CB-97D554689775-scaled.jpeg\",\"datePublished\":\"2022-12-30T12:52:09+00:00\",\"dateModified\":\"2022-12-30T15:48:40+00:00\",\"breadcrumb\":{\"@id\":\"https:\/\/damarillis.ch\/index.php\/produkt\/badeponcho-auf-wunsch-2\/#breadcrumb\"},\"inLanguage\":\"de\",\"potentialAction\":[{\"@type\":\"ReadAction\",\"target\":[\"https:\/\/damarillis.ch\/index.php\/produkt\/badeponcho-auf-wunsch-2\/\"]}]},{\"@type\":\"ImageObject\",\"inLanguage\":\"de\",\"@id\":\"https:\/\/damarillis.ch\/index.php\/produkt\/badeponcho-auf-wunsch-2\/#primaryimage\",\"url\":\"https:\/\/damarillis.ch\/wp-content\/uploads\/2022\/12\/3075C6F2-C6BE-4935-94CB-97D554689775-scaled.jpeg\",\"contentUrl\":\"https:\/\/damarillis.ch\/wp-content\/uploads\/2022\/12\/3075C6F2-C6BE-4935-94CB-97D554689775-scaled.jpeg\",\"width\":1920,\"height\":2560},{\"@type\":\"BreadcrumbList\",\"@id\":\"https:\/\/damarillis.ch\/index.php\/produkt\/badeponcho-auf-wunsch-2\/#breadcrumb\",\"itemListElement\":[{\"@type\":\"ListItem\",\"position\":1,\"name\":\"Startseite\",\"item\":\"https:\/\/damarillis.ch\/\"},{\"@type\":\"ListItem\",\"position\":2,\"name\":\"Shop\",\"item\":\"https:\/\/damarillis.ch\/index.php\/shop\/\"},{\"@type\":\"ListItem\",\"position\":3,\"name\":\"Badeponcho auf Wunsch\"}]},{\"@type\":\"WebSite\",\"@id\":\"https:\/\/damarillis.ch\/#website\",\"url\":\"https:\/\/damarillis.ch\/\",\"name\":\"damarillis.ch\",\"description\":\"\",\"publisher\":{\"@id\":\"https:\/\/damarillis.ch\/#organization\"},\"potentialAction\":[{\"@type\":\"SearchAction\",\"target\":{\"@type\":\"EntryPoint\",\"urlTemplate\":\"https:\/\/damarillis.ch\/?s={search_term_string}\"},\"query-input\":{\"@type\":\"PropertyValueSpecification\",\"valueRequired\":true,\"valueName\":\"search_term_string\"}}],\"inLanguage\":\"de\"},{\"@type\":\"Organization\",\"@id\":\"https:\/\/damarillis.ch\/#organization\",\"name\":\"Damarillis\",\"url\":\"https:\/\/damarillis.ch\/\",\"logo\":{\"@type\":\"ImageObject\",\"inLanguage\":\"de\",\"@id\":\"https:\/\/damarillis.ch\/#\/schema\/logo\/image\/\",\"url\":\"https:\/\/damarillis.ch\/wp-content\/uploads\/2020\/02\/cropped-LOGO_Maus_klein-e1582031367694-2.png\",\"contentUrl\":\"https:\/\/damarillis.ch\/wp-content\/uploads\/2020\/02\/cropped-LOGO_Maus_klein-e1582031367694-2.png\",\"width\":200,\"height\":200,\"caption\":\"Damarillis\"},\"image\":{\"@id\":\"https:\/\/damarillis.ch\/#\/schema\/logo\/image\/\"}}]}<\/script>\n<!-- \/ Yoast SEO plugin. -->","yoast_head_json":{"title":"Badeponcho auf Wunsch - damarillis.ch","robots":{"index":"index","follow":"follow","max-snippet":"max-snippet:-1","max-image-preview":"max-image-preview:large","max-video-preview":"max-video-preview:-1"},"canonical":"https:\/\/damarillis.ch\/index.php\/produkt\/badeponcho-auf-wunsch-2\/","og_locale":"de_DE","og_type":"article","og_title":"Badeponcho auf Wunsch - damarillis.ch","og_description":"&nbsp;  100% Baumwolle  Schnell trocknend ohne zu Beschweren  Waffelpique  Zwergenkapuze  &nbsp;","og_url":"https:\/\/damarillis.ch\/index.php\/produkt\/badeponcho-auf-wunsch-2\/","og_site_name":"damarillis.ch","article_modified_time":"2022-12-30T15:48:40+00:00","og_image":[{"width":1920,"height":2560,"url":"https:\/\/damarillis.ch\/wp-content\/uploads\/2022\/12\/3075C6F2-C6BE-4935-94CB-97D554689775-scaled.jpeg","type":"image\/jpeg"}],"twitter_card":"summary_large_image","twitter_misc":{"Gesch\u00e4tzte Lesezeit":"1\u00a0Minute"},"schema":{"@context":"https:\/\/schema.org","@graph":[{"@type":"WebPage","@id":"https:\/\/damarillis.ch\/index.php\/produkt\/badeponcho-auf-wunsch-2\/","url":"https:\/\/damarillis.ch\/index.php\/produkt\/badeponcho-auf-wunsch-2\/","name":"Badeponcho auf Wunsch - damarillis.ch","isPartOf":{"@id":"https:\/\/damarillis.ch\/#website"},"primaryImageOfPage":{"@id":"https:\/\/damarillis.ch\/index.php\/produkt\/badeponcho-auf-wunsch-2\/#primaryimage"},"image":{"@id":"https:\/\/damarillis.ch\/index.php\/produkt\/badeponcho-auf-wunsch-2\/#primaryimage"},"thumbnailUrl":"https:\/\/damarillis.ch\/wp-content\/uploads\/2022\/12\/3075C6F2-C6BE-4935-94CB-97D554689775-scaled.jpeg","datePublished":"2022-12-30T12:52:09+00:00","dateModified":"2022-12-30T15:48:40+00:00","breadcrumb":{"@id":"https:\/\/damarillis.ch\/index.php\/produkt\/badeponcho-auf-wunsch-2\/#breadcrumb"},"inLanguage":"de","potentialAction":[{"@type":"ReadAction","target":["https:\/\/damarillis.ch\/index.php\/produkt\/badeponcho-auf-wunsch-2\/"]}]},{"@type":"ImageObject","inLanguage":"de","@id":"https:\/\/damarillis.ch\/index.php\/produkt\/badeponcho-auf-wunsch-2\/#primaryimage","url":"https:\/\/damarillis.ch\/wp-content\/uploads\/2022\/12\/3075C6F2-C6BE-4935-94CB-97D554689775-scaled.jpeg","contentUrl":"https:\/\/damarillis.ch\/wp-content\/uploads\/2022\/12\/3075C6F2-C6BE-4935-94CB-97D554689775-scaled.jpeg","width":1920,"height":2560},{"@type":"BreadcrumbList","@id":"https:\/\/damarillis.ch\/index.php\/produkt\/badeponcho-auf-wunsch-2\/#breadcrumb","itemListElement":[{"@type":"ListItem","position":1,"name":"Startseite","item":"https:\/\/damarillis.ch\/"},{"@type":"ListItem","position":2,"name":"Shop","item":"https:\/\/damarillis.ch\/index.php\/shop\/"},{"@type":"ListItem","position":3,"name":"Badeponcho auf Wunsch"}]},{"@type":"WebSite","@id":"https:\/\/damarillis.ch\/#website","url":"https:\/\/damarillis.ch\/","name":"damarillis.ch","description":"","publisher":{"@id":"https:\/\/damarillis.ch\/#organization"},"potentialAction":[{"@type":"SearchAction","target":{"@type":"EntryPoint","urlTemplate":"https:\/\/damarillis.ch\/?s={search_term_string}"},"query-input":{"@type":"PropertyValueSpecification","valueRequired":true,"valueName":"search_term_string"}}],"inLanguage":"de"},{"@type":"Organization","@id":"https:\/\/damarillis.ch\/#organization","name":"Damarillis","url":"https:\/\/damarillis.ch\/","logo":{"@type":"ImageObject","inLanguage":"de","@id":"https:\/\/damarillis.ch\/#\/schema\/logo\/image\/","url":"https:\/\/damarillis.ch\/wp-content\/uploads\/2020\/02\/cropped-LOGO_Maus_klein-e1582031367694-2.png","contentUrl":"https:\/\/damarillis.ch\/wp-content\/uploads\/2020\/02\/cropped-LOGO_Maus_klein-e1582031367694-2.png","width":200,"height":200,"caption":"Damarillis"},"image":{"@id":"https:\/\/damarillis.ch\/#\/schema\/logo\/image\/"}}]}},"_links":{"self":[{"href":"https:\/\/damarillis.ch\/index.php\/wp-json\/wp\/v2\/product\/2761","targetHints":{"allow":["GET"]}}],"collection":[{"href":"https:\/\/damarillis.ch\/index.php\/wp-json\/wp\/v2\/product"}],"about":[{"href":"https:\/\/damarillis.ch\/index.php\/wp-json\/wp\/v2\/types\/product"}],"wp:featuredmedia":[{"embeddable":true,"href":"https:\/\/damarillis.ch\/index.php\/wp-json\/wp\/v2\/media\/2487"}],"wp:attachment":[{"href":"https:\/\/damarillis.ch\/index.php\/wp-json\/wp\/v2\/media?parent=2761"}],"wp:term":[{"taxonomy":"product_brand","embeddable":true,"href":"https:\/\/damarillis.ch\/index.php\/wp-json\/wp\/v2\/product_brand?post=2761"},{"taxonomy":"product_cat","embeddable":true,"href":"https:\/\/damarillis.ch\/index.php\/wp-json\/wp\/v2\/product_cat?post=2761"},{"taxonomy":"product_tag","embeddable":true,"href":"https:\/\/damarillis.ch\/index.php\/wp-json\/wp\/v2\/product_tag?post=2761"}],"curies":[{"name":"wp","href":"https:\/\/api.w.org\/{rel}","templated":true}]}}