{"id":3074,"date":"2023-03-20T21:56:29","date_gmt":"2023-03-20T21:56:29","guid":{"rendered":"https:\/\/damarillis.ch\/?post_type=product&#038;p=3074"},"modified":"2023-03-30T18:42:43","modified_gmt":"2023-03-30T18:42:43","slug":"karte-waschbaer-hello","status":"publish","type":"product","link":"https:\/\/damarillis.ch\/index.php\/produkt\/karte-waschbaer-hello\/","title":{"rendered":"Karte &#8222;Waschb\u00e4r Hello&#8220;"},"content":{"rendered":"<p>Diese liebevoll gestaltete Karte in A6, wurde von der talentierten Sybille\u00a0von Hand illustriert.<br \/>\nGedruckt auf hochwertigem Recyclingpapier 300g\/m\u00b2. Die R\u00fcckseite ist bis auf den Namen und die Seite unbedruckt, so dass du ein paar liebe Worte hinterlassen kannst.<\/p>\n<p>Im Lieferumfang ist zus\u00e4tzlich zur Karte noch ein Couvert in Kraftpapier enthalten.<\/p>\n<p>Sybille ist meine Schw\u00e4gerin und eine begnadete Hobby Illustratorin aus Winterthur. Sie entwirft jedes der Produkte mit viel Liebe von Hand f\u00fcr mich und ich freue mich sehr dar\u00fcber, dass ich ihre wundersch\u00f6nen Zeichnungen f\u00fcr die Karten benutzen darf.<\/p>\n<p>&nbsp;<\/p>\n<p>&nbsp;<\/p>\n","protected":false},"excerpt":{"rendered":"<p>\u2729 Handgemalt von Sybille<\/p>\n<p>\u2729 Gedruckt auf Recyclingpapier 300g\/m\u00b2<\/p>\n<p>\u2729 A6 (105 x 148mm)<\/p>\n<p>\u2729 Inklusiv Umschlag in Kraftpapier<\/p>\n<p>&nbsp;<\/p>\n","protected":false},"featured_media":3088,"template":"","meta":[],"product_brand":[],"product_cat":[105],"product_tag":[],"class_list":{"0":"post-3074","1":"product","2":"type-product","3":"status-publish","4":"has-post-thumbnail","6":"product_cat-aquarell-postkarten","8":"first","9":"instock","10":"shipping-taxable","11":"purchasable","12":"product-type-simple"},"yoast_head":"<!-- This site is optimized with the Yoast SEO plugin v27.2 - https:\/\/yoast.com\/product\/yoast-seo-wordpress\/ -->\n<title>Karte &quot;Waschb\u00e4r Hello&quot; - damarillis.ch<\/title>\n<meta name=\"robots\" content=\"index, follow, max-snippet:-1, max-image-preview:large, max-video-preview:-1\" \/>\n<link rel=\"canonical\" href=\"https:\/\/damarillis.ch\/index.php\/produkt\/karte-waschbaer-hello\/\" \/>\n<meta property=\"og:locale\" content=\"de_DE\" \/>\n<meta property=\"og:type\" content=\"article\" \/>\n<meta property=\"og:title\" content=\"Karte &quot;Waschb\u00e4r Hello&quot; - damarillis.ch\" \/>\n<meta property=\"og:description\" content=\"\u2729 Handgemalt von Sybille  \u2729 Gedruckt auf Recyclingpapier 300g\/m\u00b2  \u2729 A6 (105 x 148mm)  \u2729 Inklusiv Umschlag in Kraftpapier  &nbsp;\" \/>\n<meta property=\"og:url\" content=\"https:\/\/damarillis.ch\/index.php\/produkt\/karte-waschbaer-hello\/\" \/>\n<meta property=\"og:site_name\" content=\"damarillis.ch\" \/>\n<meta property=\"article:modified_time\" content=\"2023-03-30T18:42:43+00:00\" \/>\n<meta property=\"og:image\" content=\"https:\/\/damarillis.ch\/wp-content\/uploads\/2023\/03\/IMG_4845-scaled.jpg\" \/>\n\t<meta property=\"og:image:width\" content=\"1920\" \/>\n\t<meta property=\"og:image:height\" content=\"2560\" \/>\n\t<meta property=\"og:image:type\" content=\"image\/jpeg\" \/>\n<meta name=\"twitter:card\" content=\"summary_large_image\" \/>\n<meta name=\"twitter:label1\" content=\"Gesch\u00e4tzte Lesezeit\" \/>\n\t<meta name=\"twitter:data1\" content=\"1\u00a0Minute\" \/>\n<script type=\"application\/ld+json\" class=\"yoast-schema-graph\">{\"@context\":\"https:\/\/schema.org\",\"@graph\":[{\"@type\":\"WebPage\",\"@id\":\"https:\/\/damarillis.ch\/index.php\/produkt\/karte-waschbaer-hello\/\",\"url\":\"https:\/\/damarillis.ch\/index.php\/produkt\/karte-waschbaer-hello\/\",\"name\":\"Karte \\\"Waschb\u00e4r Hello\\\" - damarillis.ch\",\"isPartOf\":{\"@id\":\"https:\/\/damarillis.ch\/#website\"},\"primaryImageOfPage\":{\"@id\":\"https:\/\/damarillis.ch\/index.php\/produkt\/karte-waschbaer-hello\/#primaryimage\"},\"image\":{\"@id\":\"https:\/\/damarillis.ch\/index.php\/produkt\/karte-waschbaer-hello\/#primaryimage\"},\"thumbnailUrl\":\"https:\/\/damarillis.ch\/wp-content\/uploads\/2023\/03\/IMG_4845-scaled.jpg\",\"datePublished\":\"2023-03-20T21:56:29+00:00\",\"dateModified\":\"2023-03-30T18:42:43+00:00\",\"breadcrumb\":{\"@id\":\"https:\/\/damarillis.ch\/index.php\/produkt\/karte-waschbaer-hello\/#breadcrumb\"},\"inLanguage\":\"de\",\"potentialAction\":[{\"@type\":\"ReadAction\",\"target\":[\"https:\/\/damarillis.ch\/index.php\/produkt\/karte-waschbaer-hello\/\"]}]},{\"@type\":\"ImageObject\",\"inLanguage\":\"de\",\"@id\":\"https:\/\/damarillis.ch\/index.php\/produkt\/karte-waschbaer-hello\/#primaryimage\",\"url\":\"https:\/\/damarillis.ch\/wp-content\/uploads\/2023\/03\/IMG_4845-scaled.jpg\",\"contentUrl\":\"https:\/\/damarillis.ch\/wp-content\/uploads\/2023\/03\/IMG_4845-scaled.jpg\",\"width\":1920,\"height\":2560},{\"@type\":\"BreadcrumbList\",\"@id\":\"https:\/\/damarillis.ch\/index.php\/produkt\/karte-waschbaer-hello\/#breadcrumb\",\"itemListElement\":[{\"@type\":\"ListItem\",\"position\":1,\"name\":\"Startseite\",\"item\":\"https:\/\/damarillis.ch\/\"},{\"@type\":\"ListItem\",\"position\":2,\"name\":\"Shop\",\"item\":\"https:\/\/damarillis.ch\/index.php\/shop\/\"},{\"@type\":\"ListItem\",\"position\":3,\"name\":\"Karte &#8222;Waschb\u00e4r Hello&#8220;\"}]},{\"@type\":\"WebSite\",\"@id\":\"https:\/\/damarillis.ch\/#website\",\"url\":\"https:\/\/damarillis.ch\/\",\"name\":\"damarillis.ch\",\"description\":\"\",\"publisher\":{\"@id\":\"https:\/\/damarillis.ch\/#organization\"},\"potentialAction\":[{\"@type\":\"SearchAction\",\"target\":{\"@type\":\"EntryPoint\",\"urlTemplate\":\"https:\/\/damarillis.ch\/?s={search_term_string}\"},\"query-input\":{\"@type\":\"PropertyValueSpecification\",\"valueRequired\":true,\"valueName\":\"search_term_string\"}}],\"inLanguage\":\"de\"},{\"@type\":\"Organization\",\"@id\":\"https:\/\/damarillis.ch\/#organization\",\"name\":\"Damarillis\",\"url\":\"https:\/\/damarillis.ch\/\",\"logo\":{\"@type\":\"ImageObject\",\"inLanguage\":\"de\",\"@id\":\"https:\/\/damarillis.ch\/#\/schema\/logo\/image\/\",\"url\":\"https:\/\/damarillis.ch\/wp-content\/uploads\/2020\/02\/cropped-LOGO_Maus_klein-e1582031367694-2.png\",\"contentUrl\":\"https:\/\/damarillis.ch\/wp-content\/uploads\/2020\/02\/cropped-LOGO_Maus_klein-e1582031367694-2.png\",\"width\":200,\"height\":200,\"caption\":\"Damarillis\"},\"image\":{\"@id\":\"https:\/\/damarillis.ch\/#\/schema\/logo\/image\/\"}}]}<\/script>\n<!-- \/ Yoast SEO plugin. -->","yoast_head_json":{"title":"Karte \"Waschb\u00e4r Hello\" - damarillis.ch","robots":{"index":"index","follow":"follow","max-snippet":"max-snippet:-1","max-image-preview":"max-image-preview:large","max-video-preview":"max-video-preview:-1"},"canonical":"https:\/\/damarillis.ch\/index.php\/produkt\/karte-waschbaer-hello\/","og_locale":"de_DE","og_type":"article","og_title":"Karte \"Waschb\u00e4r Hello\" - damarillis.ch","og_description":"\u2729 Handgemalt von Sybille  \u2729 Gedruckt auf Recyclingpapier 300g\/m\u00b2  \u2729 A6 (105 x 148mm)  \u2729 Inklusiv Umschlag in Kraftpapier  &nbsp;","og_url":"https:\/\/damarillis.ch\/index.php\/produkt\/karte-waschbaer-hello\/","og_site_name":"damarillis.ch","article_modified_time":"2023-03-30T18:42:43+00:00","og_image":[{"width":1920,"height":2560,"url":"https:\/\/damarillis.ch\/wp-content\/uploads\/2023\/03\/IMG_4845-scaled.jpg","type":"image\/jpeg"}],"twitter_card":"summary_large_image","twitter_misc":{"Gesch\u00e4tzte Lesezeit":"1\u00a0Minute"},"schema":{"@context":"https:\/\/schema.org","@graph":[{"@type":"WebPage","@id":"https:\/\/damarillis.ch\/index.php\/produkt\/karte-waschbaer-hello\/","url":"https:\/\/damarillis.ch\/index.php\/produkt\/karte-waschbaer-hello\/","name":"Karte \"Waschb\u00e4r Hello\" - damarillis.ch","isPartOf":{"@id":"https:\/\/damarillis.ch\/#website"},"primaryImageOfPage":{"@id":"https:\/\/damarillis.ch\/index.php\/produkt\/karte-waschbaer-hello\/#primaryimage"},"image":{"@id":"https:\/\/damarillis.ch\/index.php\/produkt\/karte-waschbaer-hello\/#primaryimage"},"thumbnailUrl":"https:\/\/damarillis.ch\/wp-content\/uploads\/2023\/03\/IMG_4845-scaled.jpg","datePublished":"2023-03-20T21:56:29+00:00","dateModified":"2023-03-30T18:42:43+00:00","breadcrumb":{"@id":"https:\/\/damarillis.ch\/index.php\/produkt\/karte-waschbaer-hello\/#breadcrumb"},"inLanguage":"de","potentialAction":[{"@type":"ReadAction","target":["https:\/\/damarillis.ch\/index.php\/produkt\/karte-waschbaer-hello\/"]}]},{"@type":"ImageObject","inLanguage":"de","@id":"https:\/\/damarillis.ch\/index.php\/produkt\/karte-waschbaer-hello\/#primaryimage","url":"https:\/\/damarillis.ch\/wp-content\/uploads\/2023\/03\/IMG_4845-scaled.jpg","contentUrl":"https:\/\/damarillis.ch\/wp-content\/uploads\/2023\/03\/IMG_4845-scaled.jpg","width":1920,"height":2560},{"@type":"BreadcrumbList","@id":"https:\/\/damarillis.ch\/index.php\/produkt\/karte-waschbaer-hello\/#breadcrumb","itemListElement":[{"@type":"ListItem","position":1,"name":"Startseite","item":"https:\/\/damarillis.ch\/"},{"@type":"ListItem","position":2,"name":"Shop","item":"https:\/\/damarillis.ch\/index.php\/shop\/"},{"@type":"ListItem","position":3,"name":"Karte &#8222;Waschb\u00e4r Hello&#8220;"}]},{"@type":"WebSite","@id":"https:\/\/damarillis.ch\/#website","url":"https:\/\/damarillis.ch\/","name":"damarillis.ch","description":"","publisher":{"@id":"https:\/\/damarillis.ch\/#organization"},"potentialAction":[{"@type":"SearchAction","target":{"@type":"EntryPoint","urlTemplate":"https:\/\/damarillis.ch\/?s={search_term_string}"},"query-input":{"@type":"PropertyValueSpecification","valueRequired":true,"valueName":"search_term_string"}}],"inLanguage":"de"},{"@type":"Organization","@id":"https:\/\/damarillis.ch\/#organization","name":"Damarillis","url":"https:\/\/damarillis.ch\/","logo":{"@type":"ImageObject","inLanguage":"de","@id":"https:\/\/damarillis.ch\/#\/schema\/logo\/image\/","url":"https:\/\/damarillis.ch\/wp-content\/uploads\/2020\/02\/cropped-LOGO_Maus_klein-e1582031367694-2.png","contentUrl":"https:\/\/damarillis.ch\/wp-content\/uploads\/2020\/02\/cropped-LOGO_Maus_klein-e1582031367694-2.png","width":200,"height":200,"caption":"Damarillis"},"image":{"@id":"https:\/\/damarillis.ch\/#\/schema\/logo\/image\/"}}]}},"_links":{"self":[{"href":"https:\/\/damarillis.ch\/index.php\/wp-json\/wp\/v2\/product\/3074","targetHints":{"allow":["GET"]}}],"collection":[{"href":"https:\/\/damarillis.ch\/index.php\/wp-json\/wp\/v2\/product"}],"about":[{"href":"https:\/\/damarillis.ch\/index.php\/wp-json\/wp\/v2\/types\/product"}],"wp:featuredmedia":[{"embeddable":true,"href":"https:\/\/damarillis.ch\/index.php\/wp-json\/wp\/v2\/media\/3088"}],"wp:attachment":[{"href":"https:\/\/damarillis.ch\/index.php\/wp-json\/wp\/v2\/media?parent=3074"}],"wp:term":[{"taxonomy":"product_brand","embeddable":true,"href":"https:\/\/damarillis.ch\/index.php\/wp-json\/wp\/v2\/product_brand?post=3074"},{"taxonomy":"product_cat","embeddable":true,"href":"https:\/\/damarillis.ch\/index.php\/wp-json\/wp\/v2\/product_cat?post=3074"},{"taxonomy":"product_tag","embeddable":true,"href":"https:\/\/damarillis.ch\/index.php\/wp-json\/wp\/v2\/product_tag?post=3074"}],"curies":[{"name":"wp","href":"https:\/\/api.w.org\/{rel}","templated":true}]}}