{"id":3119,"date":"2023-05-18T15:07:59","date_gmt":"2023-05-18T15:07:59","guid":{"rendered":"https:\/\/damarillis.ch\/?post_type=product&#038;p=3119"},"modified":"2025-04-08T15:19:12","modified_gmt":"2025-04-08T15:19:12","slug":"hoodie-elefanten-liebe-gr-92","status":"publish","type":"product","link":"https:\/\/damarillis.ch\/index.php\/produkt\/hoodie-elefanten-liebe-gr-92\/","title":{"rendered":"Hoodie &#8222;Elefanten Liebe&#8220; (Gr. 92)"},"content":{"rendered":"<p>Ein s\u00fcsser Hoodie f\u00fcr Elefanten Fans und andere Tierliebhaber die es gerne gem\u00fctlich haben.<\/p>\n<p>Der Hoodie ist aus angenehm weichem Waffelstrick. Das Jerseyfutter in der Kapuze und die Waffelstrickb\u00fcndchen an den \u00c4rmeln und Saum sorgen f\u00fcr angenehmen Tragekomfort. Die grosse K\u00e4ngurutasche auf dem Bauch l\u00e4dt zum Sammeln von Sch\u00e4tzen ein.<\/p>\n<p>Passend zum Hoodie ist eine ebenso bequeme Hose mit passenden Hosentaschen erh\u00e4ltlich. Dieses Outfit ist ideal f\u00fcr Schmuddelwetter-Tage oder einfach zum chillen.<\/p>\n<p>&nbsp;<\/p>\n","protected":false},"excerpt":{"rendered":"<p>\u2729 100% Baumwolle<\/p>\n<p>\u2729 Weicher Waffelstrick<\/p>\n<p>\u2729 Doppellagige Kapuze<\/p>\n<p>\u2729 Schadstoffgepr\u00fcft nach \u00d6kotex-Standard 100<\/p>\n<p>&nbsp;<\/p>\n","protected":false},"featured_media":3561,"template":"","meta":[],"product_brand":[],"product_cat":[102],"product_tag":[],"class_list":{"0":"post-3119","1":"product","2":"type-product","3":"status-publish","4":"has-post-thumbnail","6":"product_cat-pulli","8":"first","9":"instock","10":"shipping-taxable","11":"purchasable","12":"product-type-simple"},"yoast_head":"<!-- This site is optimized with the Yoast SEO plugin v27.2 - https:\/\/yoast.com\/product\/yoast-seo-wordpress\/ -->\n<title>Hoodie &quot;Elefanten Liebe&quot; (Gr. 92) - damarillis.ch<\/title>\n<meta name=\"description\" content=\"Hoodie aus weichem Waffelstrick mit gef\u00fctterter Kapuze und K\u00e4ngurutasche mit Elefantenmotiv. Aus 100% Baumwolle schadstoffgepr\u00fcft.\" \/>\n<meta name=\"robots\" content=\"index, follow, max-snippet:-1, max-image-preview:large, max-video-preview:-1\" \/>\n<link rel=\"canonical\" href=\"https:\/\/damarillis.ch\/index.php\/produkt\/hoodie-elefanten-liebe-gr-92\/\" \/>\n<meta property=\"og:locale\" content=\"de_DE\" \/>\n<meta property=\"og:type\" content=\"article\" \/>\n<meta property=\"og:title\" content=\"Hoodie &quot;Elefanten Liebe&quot; (Gr. 92) - damarillis.ch\" \/>\n<meta property=\"og:description\" content=\"Hoodie aus weichem Waffelstrick mit gef\u00fctterter Kapuze und K\u00e4ngurutasche mit Elefantenmotiv. Aus 100% Baumwolle schadstoffgepr\u00fcft.\" \/>\n<meta property=\"og:url\" content=\"https:\/\/damarillis.ch\/index.php\/produkt\/hoodie-elefanten-liebe-gr-92\/\" \/>\n<meta property=\"og:site_name\" content=\"damarillis.ch\" \/>\n<meta property=\"article:modified_time\" content=\"2025-04-08T15:19:12+00:00\" \/>\n<meta property=\"og:image\" content=\"https:\/\/damarillis.ch\/wp-content\/uploads\/2024\/05\/IMG_8564-scaled.jpeg\" \/>\n\t<meta property=\"og:image:width\" content=\"1920\" \/>\n\t<meta property=\"og:image:height\" content=\"2560\" \/>\n\t<meta property=\"og:image:type\" content=\"image\/jpeg\" \/>\n<meta name=\"twitter:card\" content=\"summary_large_image\" \/>\n<meta name=\"twitter:label1\" content=\"Gesch\u00e4tzte Lesezeit\" \/>\n\t<meta name=\"twitter:data1\" content=\"1\u00a0Minute\" \/>\n<script type=\"application\/ld+json\" class=\"yoast-schema-graph\">{\"@context\":\"https:\/\/schema.org\",\"@graph\":[{\"@type\":\"WebPage\",\"@id\":\"https:\/\/damarillis.ch\/index.php\/produkt\/hoodie-elefanten-liebe-gr-92\/\",\"url\":\"https:\/\/damarillis.ch\/index.php\/produkt\/hoodie-elefanten-liebe-gr-92\/\",\"name\":\"Hoodie \\\"Elefanten Liebe\\\" (Gr. 92) - damarillis.ch\",\"isPartOf\":{\"@id\":\"https:\/\/damarillis.ch\/#website\"},\"primaryImageOfPage\":{\"@id\":\"https:\/\/damarillis.ch\/index.php\/produkt\/hoodie-elefanten-liebe-gr-92\/#primaryimage\"},\"image\":{\"@id\":\"https:\/\/damarillis.ch\/index.php\/produkt\/hoodie-elefanten-liebe-gr-92\/#primaryimage\"},\"thumbnailUrl\":\"https:\/\/damarillis.ch\/wp-content\/uploads\/2024\/05\/IMG_8564-scaled.jpeg\",\"datePublished\":\"2023-05-18T15:07:59+00:00\",\"dateModified\":\"2025-04-08T15:19:12+00:00\",\"description\":\"Hoodie aus weichem Waffelstrick mit gef\u00fctterter Kapuze und K\u00e4ngurutasche mit Elefantenmotiv. Aus 100% Baumwolle schadstoffgepr\u00fcft.\",\"breadcrumb\":{\"@id\":\"https:\/\/damarillis.ch\/index.php\/produkt\/hoodie-elefanten-liebe-gr-92\/#breadcrumb\"},\"inLanguage\":\"de\",\"potentialAction\":[{\"@type\":\"ReadAction\",\"target\":[\"https:\/\/damarillis.ch\/index.php\/produkt\/hoodie-elefanten-liebe-gr-92\/\"]}]},{\"@type\":\"ImageObject\",\"inLanguage\":\"de\",\"@id\":\"https:\/\/damarillis.ch\/index.php\/produkt\/hoodie-elefanten-liebe-gr-92\/#primaryimage\",\"url\":\"https:\/\/damarillis.ch\/wp-content\/uploads\/2024\/05\/IMG_8564-scaled.jpeg\",\"contentUrl\":\"https:\/\/damarillis.ch\/wp-content\/uploads\/2024\/05\/IMG_8564-scaled.jpeg\",\"width\":1920,\"height\":2560},{\"@type\":\"BreadcrumbList\",\"@id\":\"https:\/\/damarillis.ch\/index.php\/produkt\/hoodie-elefanten-liebe-gr-92\/#breadcrumb\",\"itemListElement\":[{\"@type\":\"ListItem\",\"position\":1,\"name\":\"Startseite\",\"item\":\"https:\/\/damarillis.ch\/\"},{\"@type\":\"ListItem\",\"position\":2,\"name\":\"Shop\",\"item\":\"https:\/\/damarillis.ch\/index.php\/shop\/\"},{\"@type\":\"ListItem\",\"position\":3,\"name\":\"Hoodie &#8222;Elefanten Liebe&#8220; (Gr. 92)\"}]},{\"@type\":\"WebSite\",\"@id\":\"https:\/\/damarillis.ch\/#website\",\"url\":\"https:\/\/damarillis.ch\/\",\"name\":\"damarillis.ch\",\"description\":\"\",\"publisher\":{\"@id\":\"https:\/\/damarillis.ch\/#organization\"},\"potentialAction\":[{\"@type\":\"SearchAction\",\"target\":{\"@type\":\"EntryPoint\",\"urlTemplate\":\"https:\/\/damarillis.ch\/?s={search_term_string}\"},\"query-input\":{\"@type\":\"PropertyValueSpecification\",\"valueRequired\":true,\"valueName\":\"search_term_string\"}}],\"inLanguage\":\"de\"},{\"@type\":\"Organization\",\"@id\":\"https:\/\/damarillis.ch\/#organization\",\"name\":\"Damarillis\",\"url\":\"https:\/\/damarillis.ch\/\",\"logo\":{\"@type\":\"ImageObject\",\"inLanguage\":\"de\",\"@id\":\"https:\/\/damarillis.ch\/#\/schema\/logo\/image\/\",\"url\":\"https:\/\/damarillis.ch\/wp-content\/uploads\/2020\/02\/cropped-LOGO_Maus_klein-e1582031367694-2.png\",\"contentUrl\":\"https:\/\/damarillis.ch\/wp-content\/uploads\/2020\/02\/cropped-LOGO_Maus_klein-e1582031367694-2.png\",\"width\":200,\"height\":200,\"caption\":\"Damarillis\"},\"image\":{\"@id\":\"https:\/\/damarillis.ch\/#\/schema\/logo\/image\/\"}}]}<\/script>\n<!-- \/ Yoast SEO plugin. -->","yoast_head_json":{"title":"Hoodie \"Elefanten Liebe\" (Gr. 92) - damarillis.ch","description":"Hoodie aus weichem Waffelstrick mit gef\u00fctterter Kapuze und K\u00e4ngurutasche mit Elefantenmotiv. Aus 100% Baumwolle schadstoffgepr\u00fcft.","robots":{"index":"index","follow":"follow","max-snippet":"max-snippet:-1","max-image-preview":"max-image-preview:large","max-video-preview":"max-video-preview:-1"},"canonical":"https:\/\/damarillis.ch\/index.php\/produkt\/hoodie-elefanten-liebe-gr-92\/","og_locale":"de_DE","og_type":"article","og_title":"Hoodie \"Elefanten Liebe\" (Gr. 92) - damarillis.ch","og_description":"Hoodie aus weichem Waffelstrick mit gef\u00fctterter Kapuze und K\u00e4ngurutasche mit Elefantenmotiv. Aus 100% Baumwolle schadstoffgepr\u00fcft.","og_url":"https:\/\/damarillis.ch\/index.php\/produkt\/hoodie-elefanten-liebe-gr-92\/","og_site_name":"damarillis.ch","article_modified_time":"2025-04-08T15:19:12+00:00","og_image":[{"width":1920,"height":2560,"url":"https:\/\/damarillis.ch\/wp-content\/uploads\/2024\/05\/IMG_8564-scaled.jpeg","type":"image\/jpeg"}],"twitter_card":"summary_large_image","twitter_misc":{"Gesch\u00e4tzte Lesezeit":"1\u00a0Minute"},"schema":{"@context":"https:\/\/schema.org","@graph":[{"@type":"WebPage","@id":"https:\/\/damarillis.ch\/index.php\/produkt\/hoodie-elefanten-liebe-gr-92\/","url":"https:\/\/damarillis.ch\/index.php\/produkt\/hoodie-elefanten-liebe-gr-92\/","name":"Hoodie \"Elefanten Liebe\" (Gr. 92) - damarillis.ch","isPartOf":{"@id":"https:\/\/damarillis.ch\/#website"},"primaryImageOfPage":{"@id":"https:\/\/damarillis.ch\/index.php\/produkt\/hoodie-elefanten-liebe-gr-92\/#primaryimage"},"image":{"@id":"https:\/\/damarillis.ch\/index.php\/produkt\/hoodie-elefanten-liebe-gr-92\/#primaryimage"},"thumbnailUrl":"https:\/\/damarillis.ch\/wp-content\/uploads\/2024\/05\/IMG_8564-scaled.jpeg","datePublished":"2023-05-18T15:07:59+00:00","dateModified":"2025-04-08T15:19:12+00:00","description":"Hoodie aus weichem Waffelstrick mit gef\u00fctterter Kapuze und K\u00e4ngurutasche mit Elefantenmotiv. Aus 100% Baumwolle schadstoffgepr\u00fcft.","breadcrumb":{"@id":"https:\/\/damarillis.ch\/index.php\/produkt\/hoodie-elefanten-liebe-gr-92\/#breadcrumb"},"inLanguage":"de","potentialAction":[{"@type":"ReadAction","target":["https:\/\/damarillis.ch\/index.php\/produkt\/hoodie-elefanten-liebe-gr-92\/"]}]},{"@type":"ImageObject","inLanguage":"de","@id":"https:\/\/damarillis.ch\/index.php\/produkt\/hoodie-elefanten-liebe-gr-92\/#primaryimage","url":"https:\/\/damarillis.ch\/wp-content\/uploads\/2024\/05\/IMG_8564-scaled.jpeg","contentUrl":"https:\/\/damarillis.ch\/wp-content\/uploads\/2024\/05\/IMG_8564-scaled.jpeg","width":1920,"height":2560},{"@type":"BreadcrumbList","@id":"https:\/\/damarillis.ch\/index.php\/produkt\/hoodie-elefanten-liebe-gr-92\/#breadcrumb","itemListElement":[{"@type":"ListItem","position":1,"name":"Startseite","item":"https:\/\/damarillis.ch\/"},{"@type":"ListItem","position":2,"name":"Shop","item":"https:\/\/damarillis.ch\/index.php\/shop\/"},{"@type":"ListItem","position":3,"name":"Hoodie &#8222;Elefanten Liebe&#8220; (Gr. 92)"}]},{"@type":"WebSite","@id":"https:\/\/damarillis.ch\/#website","url":"https:\/\/damarillis.ch\/","name":"damarillis.ch","description":"","publisher":{"@id":"https:\/\/damarillis.ch\/#organization"},"potentialAction":[{"@type":"SearchAction","target":{"@type":"EntryPoint","urlTemplate":"https:\/\/damarillis.ch\/?s={search_term_string}"},"query-input":{"@type":"PropertyValueSpecification","valueRequired":true,"valueName":"search_term_string"}}],"inLanguage":"de"},{"@type":"Organization","@id":"https:\/\/damarillis.ch\/#organization","name":"Damarillis","url":"https:\/\/damarillis.ch\/","logo":{"@type":"ImageObject","inLanguage":"de","@id":"https:\/\/damarillis.ch\/#\/schema\/logo\/image\/","url":"https:\/\/damarillis.ch\/wp-content\/uploads\/2020\/02\/cropped-LOGO_Maus_klein-e1582031367694-2.png","contentUrl":"https:\/\/damarillis.ch\/wp-content\/uploads\/2020\/02\/cropped-LOGO_Maus_klein-e1582031367694-2.png","width":200,"height":200,"caption":"Damarillis"},"image":{"@id":"https:\/\/damarillis.ch\/#\/schema\/logo\/image\/"}}]}},"_links":{"self":[{"href":"https:\/\/damarillis.ch\/index.php\/wp-json\/wp\/v2\/product\/3119","targetHints":{"allow":["GET"]}}],"collection":[{"href":"https:\/\/damarillis.ch\/index.php\/wp-json\/wp\/v2\/product"}],"about":[{"href":"https:\/\/damarillis.ch\/index.php\/wp-json\/wp\/v2\/types\/product"}],"wp:featuredmedia":[{"embeddable":true,"href":"https:\/\/damarillis.ch\/index.php\/wp-json\/wp\/v2\/media\/3561"}],"wp:attachment":[{"href":"https:\/\/damarillis.ch\/index.php\/wp-json\/wp\/v2\/media?parent=3119"}],"wp:term":[{"taxonomy":"product_brand","embeddable":true,"href":"https:\/\/damarillis.ch\/index.php\/wp-json\/wp\/v2\/product_brand?post=3119"},{"taxonomy":"product_cat","embeddable":true,"href":"https:\/\/damarillis.ch\/index.php\/wp-json\/wp\/v2\/product_cat?post=3119"},{"taxonomy":"product_tag","embeddable":true,"href":"https:\/\/damarillis.ch\/index.php\/wp-json\/wp\/v2\/product_tag?post=3119"}],"curies":[{"name":"wp","href":"https:\/\/api.w.org\/{rel}","templated":true}]}}