{"id":3146,"date":"2023-05-18T15:13:52","date_gmt":"2023-05-18T15:13:52","guid":{"rendered":"https:\/\/damarillis.ch\/?post_type=product&#038;p=3146"},"modified":"2024-05-21T20:07:00","modified_gmt":"2024-05-21T20:07:00","slug":"latzshorts-jeans-optik-groesse-92-98","status":"publish","type":"product","link":"https:\/\/damarillis.ch\/index.php\/produkt\/latzshorts-jeans-optik-groesse-92-98\/","title":{"rendered":"Latzshorts &#8222;Leichte Bio-Baumwolle&#8220; (Gr\u00f6sse 92\/98)"},"content":{"rendered":"<p>Latzshorts aus leichter Baumwolle in jeansblau mit farblich passendem Innenfutter.<\/p>\n<p>Die kurze Latzhose ist ideal f\u00fcr heisse Tage. An k\u00fchleren Tagen kann sie auch mit einer Strumpfhose getragen werden. Das sieht auch super niedlich aus. Die Hose w\u00e4chst, dank der Doppelgr\u00f6sse und den verstellbaren Tr\u00e4gern mit jeweils zwei Kn\u00f6pfen, sch\u00f6n mit.<\/p>\n<p>&nbsp;<\/p>\n<h5>Pflegehinweis<\/h5>\n<p>Waschbar bei 40\u00b0 Grad<\/p>\n<p>&nbsp;<\/p>\n<p>&nbsp;<\/p>\n","protected":false},"excerpt":{"rendered":"<p>&nbsp;<\/p>\n<p>\u2729 100% Bio-Baumwolle<\/p>\n<p>\u2729 Perfektes Kleidungsst\u00fcck f\u00fcr Jungs und M\u00e4dels<\/p>\n<p>\u2729 Allrounder f\u00fcr jeden Kinderkleiderschrank<\/p>\n<p>\u2729 Brusttasche f\u00fcr besondere Sch\u00e4tze<\/p>\n<p>\u2729 Gr\u00f6ssenvariabel durch die zwei Kn\u00f6pfe<\/p>\n<p>&nbsp;<\/p>\n<p>&nbsp;<\/p>\n","protected":false},"featured_media":3558,"template":"","meta":[],"product_brand":[],"product_cat":[80],"product_tag":[],"class_list":{"0":"post-3146","1":"product","2":"type-product","3":"status-publish","4":"has-post-thumbnail","6":"product_cat-latzhose","8":"first","9":"instock","10":"shipping-taxable","11":"purchasable","12":"product-type-simple"},"yoast_head":"<!-- This site is optimized with the Yoast SEO plugin v27.2 - https:\/\/yoast.com\/product\/yoast-seo-wordpress\/ -->\n<title>Latzshorts &quot;Leichte Bio-Baumwolle&quot; (Gr\u00f6sse 92\/98) - damarillis.ch<\/title>\n<meta name=\"robots\" content=\"index, follow, max-snippet:-1, max-image-preview:large, max-video-preview:-1\" \/>\n<link rel=\"canonical\" href=\"https:\/\/damarillis.ch\/index.php\/produkt\/latzshorts-jeans-optik-groesse-92-98\/\" \/>\n<meta property=\"og:locale\" content=\"de_DE\" \/>\n<meta property=\"og:type\" content=\"article\" \/>\n<meta property=\"og:title\" content=\"Latzshorts &quot;Leichte Bio-Baumwolle&quot; (Gr\u00f6sse 92\/98) - damarillis.ch\" \/>\n<meta property=\"og:description\" content=\"&nbsp;  \u2729 100% Bio-Baumwolle  \u2729 Perfektes Kleidungsst\u00fcck f\u00fcr Jungs und M\u00e4dels  \u2729 Allrounder f\u00fcr jeden Kinderkleiderschrank  \u2729 Brusttasche f\u00fcr besondere Sch\u00e4tze  \u2729 Gr\u00f6ssenvariabel durch die zwei Kn\u00f6pfe  &nbsp;  &nbsp;\" \/>\n<meta property=\"og:url\" content=\"https:\/\/damarillis.ch\/index.php\/produkt\/latzshorts-jeans-optik-groesse-92-98\/\" \/>\n<meta property=\"og:site_name\" content=\"damarillis.ch\" \/>\n<meta property=\"article:modified_time\" content=\"2024-05-21T20:07:00+00:00\" \/>\n<meta property=\"og:image\" content=\"https:\/\/damarillis.ch\/wp-content\/uploads\/2024\/05\/IMG_8561-scaled-e1716321982334.jpeg\" \/>\n\t<meta property=\"og:image:width\" content=\"1920\" \/>\n\t<meta property=\"og:image:height\" content=\"2193\" \/>\n\t<meta property=\"og:image:type\" content=\"image\/jpeg\" \/>\n<meta name=\"twitter:card\" content=\"summary_large_image\" \/>\n<meta name=\"twitter:label1\" content=\"Gesch\u00e4tzte Lesezeit\" \/>\n\t<meta name=\"twitter:data1\" content=\"1\u00a0Minute\" \/>\n<script type=\"application\/ld+json\" class=\"yoast-schema-graph\">{\"@context\":\"https:\/\/schema.org\",\"@graph\":[{\"@type\":\"WebPage\",\"@id\":\"https:\/\/damarillis.ch\/index.php\/produkt\/latzshorts-jeans-optik-groesse-92-98\/\",\"url\":\"https:\/\/damarillis.ch\/index.php\/produkt\/latzshorts-jeans-optik-groesse-92-98\/\",\"name\":\"Latzshorts \\\"Leichte Bio-Baumwolle\\\" (Gr\u00f6sse 92\/98) - damarillis.ch\",\"isPartOf\":{\"@id\":\"https:\/\/damarillis.ch\/#website\"},\"primaryImageOfPage\":{\"@id\":\"https:\/\/damarillis.ch\/index.php\/produkt\/latzshorts-jeans-optik-groesse-92-98\/#primaryimage\"},\"image\":{\"@id\":\"https:\/\/damarillis.ch\/index.php\/produkt\/latzshorts-jeans-optik-groesse-92-98\/#primaryimage\"},\"thumbnailUrl\":\"https:\/\/damarillis.ch\/wp-content\/uploads\/2024\/05\/IMG_8561-scaled-e1716321982334.jpeg\",\"datePublished\":\"2023-05-18T15:13:52+00:00\",\"dateModified\":\"2024-05-21T20:07:00+00:00\",\"breadcrumb\":{\"@id\":\"https:\/\/damarillis.ch\/index.php\/produkt\/latzshorts-jeans-optik-groesse-92-98\/#breadcrumb\"},\"inLanguage\":\"de\",\"potentialAction\":[{\"@type\":\"ReadAction\",\"target\":[\"https:\/\/damarillis.ch\/index.php\/produkt\/latzshorts-jeans-optik-groesse-92-98\/\"]}]},{\"@type\":\"ImageObject\",\"inLanguage\":\"de\",\"@id\":\"https:\/\/damarillis.ch\/index.php\/produkt\/latzshorts-jeans-optik-groesse-92-98\/#primaryimage\",\"url\":\"https:\/\/damarillis.ch\/wp-content\/uploads\/2024\/05\/IMG_8561-scaled-e1716321982334.jpeg\",\"contentUrl\":\"https:\/\/damarillis.ch\/wp-content\/uploads\/2024\/05\/IMG_8561-scaled-e1716321982334.jpeg\",\"width\":1920,\"height\":2193},{\"@type\":\"BreadcrumbList\",\"@id\":\"https:\/\/damarillis.ch\/index.php\/produkt\/latzshorts-jeans-optik-groesse-92-98\/#breadcrumb\",\"itemListElement\":[{\"@type\":\"ListItem\",\"position\":1,\"name\":\"Startseite\",\"item\":\"https:\/\/damarillis.ch\/\"},{\"@type\":\"ListItem\",\"position\":2,\"name\":\"Shop\",\"item\":\"https:\/\/damarillis.ch\/index.php\/shop\/\"},{\"@type\":\"ListItem\",\"position\":3,\"name\":\"Latzshorts &#8222;Leichte Bio-Baumwolle&#8220; (Gr\u00f6sse 92\/98)\"}]},{\"@type\":\"WebSite\",\"@id\":\"https:\/\/damarillis.ch\/#website\",\"url\":\"https:\/\/damarillis.ch\/\",\"name\":\"damarillis.ch\",\"description\":\"\",\"publisher\":{\"@id\":\"https:\/\/damarillis.ch\/#organization\"},\"potentialAction\":[{\"@type\":\"SearchAction\",\"target\":{\"@type\":\"EntryPoint\",\"urlTemplate\":\"https:\/\/damarillis.ch\/?s={search_term_string}\"},\"query-input\":{\"@type\":\"PropertyValueSpecification\",\"valueRequired\":true,\"valueName\":\"search_term_string\"}}],\"inLanguage\":\"de\"},{\"@type\":\"Organization\",\"@id\":\"https:\/\/damarillis.ch\/#organization\",\"name\":\"Damarillis\",\"url\":\"https:\/\/damarillis.ch\/\",\"logo\":{\"@type\":\"ImageObject\",\"inLanguage\":\"de\",\"@id\":\"https:\/\/damarillis.ch\/#\/schema\/logo\/image\/\",\"url\":\"https:\/\/damarillis.ch\/wp-content\/uploads\/2020\/02\/cropped-LOGO_Maus_klein-e1582031367694-2.png\",\"contentUrl\":\"https:\/\/damarillis.ch\/wp-content\/uploads\/2020\/02\/cropped-LOGO_Maus_klein-e1582031367694-2.png\",\"width\":200,\"height\":200,\"caption\":\"Damarillis\"},\"image\":{\"@id\":\"https:\/\/damarillis.ch\/#\/schema\/logo\/image\/\"}}]}<\/script>\n<!-- \/ Yoast SEO plugin. -->","yoast_head_json":{"title":"Latzshorts \"Leichte Bio-Baumwolle\" (Gr\u00f6sse 92\/98) - damarillis.ch","robots":{"index":"index","follow":"follow","max-snippet":"max-snippet:-1","max-image-preview":"max-image-preview:large","max-video-preview":"max-video-preview:-1"},"canonical":"https:\/\/damarillis.ch\/index.php\/produkt\/latzshorts-jeans-optik-groesse-92-98\/","og_locale":"de_DE","og_type":"article","og_title":"Latzshorts \"Leichte Bio-Baumwolle\" (Gr\u00f6sse 92\/98) - damarillis.ch","og_description":"&nbsp;  \u2729 100% Bio-Baumwolle  \u2729 Perfektes Kleidungsst\u00fcck f\u00fcr Jungs und M\u00e4dels  \u2729 Allrounder f\u00fcr jeden Kinderkleiderschrank  \u2729 Brusttasche f\u00fcr besondere Sch\u00e4tze  \u2729 Gr\u00f6ssenvariabel durch die zwei Kn\u00f6pfe  &nbsp;  &nbsp;","og_url":"https:\/\/damarillis.ch\/index.php\/produkt\/latzshorts-jeans-optik-groesse-92-98\/","og_site_name":"damarillis.ch","article_modified_time":"2024-05-21T20:07:00+00:00","og_image":[{"width":1920,"height":2193,"url":"https:\/\/damarillis.ch\/wp-content\/uploads\/2024\/05\/IMG_8561-scaled-e1716321982334.jpeg","type":"image\/jpeg"}],"twitter_card":"summary_large_image","twitter_misc":{"Gesch\u00e4tzte Lesezeit":"1\u00a0Minute"},"schema":{"@context":"https:\/\/schema.org","@graph":[{"@type":"WebPage","@id":"https:\/\/damarillis.ch\/index.php\/produkt\/latzshorts-jeans-optik-groesse-92-98\/","url":"https:\/\/damarillis.ch\/index.php\/produkt\/latzshorts-jeans-optik-groesse-92-98\/","name":"Latzshorts \"Leichte Bio-Baumwolle\" (Gr\u00f6sse 92\/98) - damarillis.ch","isPartOf":{"@id":"https:\/\/damarillis.ch\/#website"},"primaryImageOfPage":{"@id":"https:\/\/damarillis.ch\/index.php\/produkt\/latzshorts-jeans-optik-groesse-92-98\/#primaryimage"},"image":{"@id":"https:\/\/damarillis.ch\/index.php\/produkt\/latzshorts-jeans-optik-groesse-92-98\/#primaryimage"},"thumbnailUrl":"https:\/\/damarillis.ch\/wp-content\/uploads\/2024\/05\/IMG_8561-scaled-e1716321982334.jpeg","datePublished":"2023-05-18T15:13:52+00:00","dateModified":"2024-05-21T20:07:00+00:00","breadcrumb":{"@id":"https:\/\/damarillis.ch\/index.php\/produkt\/latzshorts-jeans-optik-groesse-92-98\/#breadcrumb"},"inLanguage":"de","potentialAction":[{"@type":"ReadAction","target":["https:\/\/damarillis.ch\/index.php\/produkt\/latzshorts-jeans-optik-groesse-92-98\/"]}]},{"@type":"ImageObject","inLanguage":"de","@id":"https:\/\/damarillis.ch\/index.php\/produkt\/latzshorts-jeans-optik-groesse-92-98\/#primaryimage","url":"https:\/\/damarillis.ch\/wp-content\/uploads\/2024\/05\/IMG_8561-scaled-e1716321982334.jpeg","contentUrl":"https:\/\/damarillis.ch\/wp-content\/uploads\/2024\/05\/IMG_8561-scaled-e1716321982334.jpeg","width":1920,"height":2193},{"@type":"BreadcrumbList","@id":"https:\/\/damarillis.ch\/index.php\/produkt\/latzshorts-jeans-optik-groesse-92-98\/#breadcrumb","itemListElement":[{"@type":"ListItem","position":1,"name":"Startseite","item":"https:\/\/damarillis.ch\/"},{"@type":"ListItem","position":2,"name":"Shop","item":"https:\/\/damarillis.ch\/index.php\/shop\/"},{"@type":"ListItem","position":3,"name":"Latzshorts &#8222;Leichte Bio-Baumwolle&#8220; (Gr\u00f6sse 92\/98)"}]},{"@type":"WebSite","@id":"https:\/\/damarillis.ch\/#website","url":"https:\/\/damarillis.ch\/","name":"damarillis.ch","description":"","publisher":{"@id":"https:\/\/damarillis.ch\/#organization"},"potentialAction":[{"@type":"SearchAction","target":{"@type":"EntryPoint","urlTemplate":"https:\/\/damarillis.ch\/?s={search_term_string}"},"query-input":{"@type":"PropertyValueSpecification","valueRequired":true,"valueName":"search_term_string"}}],"inLanguage":"de"},{"@type":"Organization","@id":"https:\/\/damarillis.ch\/#organization","name":"Damarillis","url":"https:\/\/damarillis.ch\/","logo":{"@type":"ImageObject","inLanguage":"de","@id":"https:\/\/damarillis.ch\/#\/schema\/logo\/image\/","url":"https:\/\/damarillis.ch\/wp-content\/uploads\/2020\/02\/cropped-LOGO_Maus_klein-e1582031367694-2.png","contentUrl":"https:\/\/damarillis.ch\/wp-content\/uploads\/2020\/02\/cropped-LOGO_Maus_klein-e1582031367694-2.png","width":200,"height":200,"caption":"Damarillis"},"image":{"@id":"https:\/\/damarillis.ch\/#\/schema\/logo\/image\/"}}]}},"_links":{"self":[{"href":"https:\/\/damarillis.ch\/index.php\/wp-json\/wp\/v2\/product\/3146","targetHints":{"allow":["GET"]}}],"collection":[{"href":"https:\/\/damarillis.ch\/index.php\/wp-json\/wp\/v2\/product"}],"about":[{"href":"https:\/\/damarillis.ch\/index.php\/wp-json\/wp\/v2\/types\/product"}],"wp:featuredmedia":[{"embeddable":true,"href":"https:\/\/damarillis.ch\/index.php\/wp-json\/wp\/v2\/media\/3558"}],"wp:attachment":[{"href":"https:\/\/damarillis.ch\/index.php\/wp-json\/wp\/v2\/media?parent=3146"}],"wp:term":[{"taxonomy":"product_brand","embeddable":true,"href":"https:\/\/damarillis.ch\/index.php\/wp-json\/wp\/v2\/product_brand?post=3146"},{"taxonomy":"product_cat","embeddable":true,"href":"https:\/\/damarillis.ch\/index.php\/wp-json\/wp\/v2\/product_cat?post=3146"},{"taxonomy":"product_tag","embeddable":true,"href":"https:\/\/damarillis.ch\/index.php\/wp-json\/wp\/v2\/product_tag?post=3146"}],"curies":[{"name":"wp","href":"https:\/\/api.w.org\/{rel}","templated":true}]}}