{"id":3166,"date":"2023-05-19T05:56:43","date_gmt":"2023-05-19T05:56:43","guid":{"rendered":"https:\/\/damarillis.ch\/?post_type=product&#038;p=3166"},"modified":"2024-05-14T09:50:31","modified_gmt":"2024-05-14T09:50:31","slug":"cutieshirt-pferde-groesse-110","status":"publish","type":"product","link":"https:\/\/damarillis.ch\/index.php\/produkt\/cutieshirt-pferde-groesse-110\/","title":{"rendered":"Cutieshirt &#8222;Pferde&#8220; (Gr\u00f6sse 110)"},"content":{"rendered":"<p>Dieses lange Shirt passt super zu einer Leggings oder engen Jeans. Es ist extra Lang geschnitten durch die R\u00fcschen am Saum. Perfekt f\u00fcr den Fr\u00fchling und Sommer ist dieses Cutieshirt aus leichtem Bio-Jersey f\u00fcr Pferdefans. Das M\u00e4dchenoberteil ist locker und luftig geschnitten.<\/p>\n","protected":false},"excerpt":{"rendered":"<p>\u2729 Longshirt f\u00fcr Pferdefans<\/p>\n<p>\u2729 Gr\u00f6sse 11o<\/p>\n<p>\u2729 Bio-Baumwoll Jersey<\/p>\n<p>\u2729 Eine Leggings oder Jeans komplettiert das Outfit<\/p>\n<p>&nbsp;<\/p>\n","protected":false},"featured_media":3494,"template":"","meta":[],"product_brand":[],"product_cat":[86,103],"product_tag":[],"class_list":{"0":"post-3166","1":"product","2":"type-product","3":"status-publish","4":"has-post-thumbnail","6":"product_cat-kleider-und-tunikas","7":"product_cat-t-shirts","9":"first","10":"instock","11":"shipping-taxable","12":"purchasable","13":"product-type-simple"},"yoast_head":"<!-- This site is optimized with the Yoast SEO plugin v27.2 - https:\/\/yoast.com\/product\/yoast-seo-wordpress\/ -->\n<title>Cutieshirt &quot;Pferde&quot; (Gr\u00f6sse 110) - damarillis.ch<\/title>\n<meta name=\"robots\" content=\"index, follow, max-snippet:-1, max-image-preview:large, max-video-preview:-1\" \/>\n<link rel=\"canonical\" href=\"https:\/\/damarillis.ch\/index.php\/produkt\/cutieshirt-pferde-groesse-110\/\" \/>\n<meta property=\"og:locale\" content=\"de_DE\" \/>\n<meta property=\"og:type\" content=\"article\" \/>\n<meta property=\"og:title\" content=\"Cutieshirt &quot;Pferde&quot; (Gr\u00f6sse 110) - damarillis.ch\" \/>\n<meta property=\"og:description\" content=\"\u2729 Longshirt f\u00fcr Pferdefans  \u2729 Gr\u00f6sse 11o  \u2729 Bio-Baumwoll Jersey  \u2729 Eine Leggings oder Jeans komplettiert das Outfit  &nbsp;\" \/>\n<meta property=\"og:url\" content=\"https:\/\/damarillis.ch\/index.php\/produkt\/cutieshirt-pferde-groesse-110\/\" \/>\n<meta property=\"og:site_name\" content=\"damarillis.ch\" \/>\n<meta property=\"article:modified_time\" content=\"2024-05-14T09:50:31+00:00\" \/>\n<meta property=\"og:image\" content=\"https:\/\/damarillis.ch\/wp-content\/uploads\/2024\/05\/IMG_8484-scaled.jpeg\" \/>\n\t<meta property=\"og:image:width\" content=\"1920\" \/>\n\t<meta property=\"og:image:height\" content=\"2560\" \/>\n\t<meta property=\"og:image:type\" content=\"image\/jpeg\" \/>\n<meta name=\"twitter:card\" content=\"summary_large_image\" \/>\n<meta name=\"twitter:label1\" content=\"Gesch\u00e4tzte Lesezeit\" \/>\n\t<meta name=\"twitter:data1\" content=\"1\u00a0Minute\" \/>\n<script type=\"application\/ld+json\" class=\"yoast-schema-graph\">{\"@context\":\"https:\/\/schema.org\",\"@graph\":[{\"@type\":\"WebPage\",\"@id\":\"https:\/\/damarillis.ch\/index.php\/produkt\/cutieshirt-pferde-groesse-110\/\",\"url\":\"https:\/\/damarillis.ch\/index.php\/produkt\/cutieshirt-pferde-groesse-110\/\",\"name\":\"Cutieshirt \\\"Pferde\\\" (Gr\u00f6sse 110) - damarillis.ch\",\"isPartOf\":{\"@id\":\"https:\/\/damarillis.ch\/#website\"},\"primaryImageOfPage\":{\"@id\":\"https:\/\/damarillis.ch\/index.php\/produkt\/cutieshirt-pferde-groesse-110\/#primaryimage\"},\"image\":{\"@id\":\"https:\/\/damarillis.ch\/index.php\/produkt\/cutieshirt-pferde-groesse-110\/#primaryimage\"},\"thumbnailUrl\":\"https:\/\/damarillis.ch\/wp-content\/uploads\/2024\/05\/IMG_8484-scaled.jpeg\",\"datePublished\":\"2023-05-19T05:56:43+00:00\",\"dateModified\":\"2024-05-14T09:50:31+00:00\",\"breadcrumb\":{\"@id\":\"https:\/\/damarillis.ch\/index.php\/produkt\/cutieshirt-pferde-groesse-110\/#breadcrumb\"},\"inLanguage\":\"de\",\"potentialAction\":[{\"@type\":\"ReadAction\",\"target\":[\"https:\/\/damarillis.ch\/index.php\/produkt\/cutieshirt-pferde-groesse-110\/\"]}]},{\"@type\":\"ImageObject\",\"inLanguage\":\"de\",\"@id\":\"https:\/\/damarillis.ch\/index.php\/produkt\/cutieshirt-pferde-groesse-110\/#primaryimage\",\"url\":\"https:\/\/damarillis.ch\/wp-content\/uploads\/2024\/05\/IMG_8484-scaled.jpeg\",\"contentUrl\":\"https:\/\/damarillis.ch\/wp-content\/uploads\/2024\/05\/IMG_8484-scaled.jpeg\",\"width\":1920,\"height\":2560},{\"@type\":\"BreadcrumbList\",\"@id\":\"https:\/\/damarillis.ch\/index.php\/produkt\/cutieshirt-pferde-groesse-110\/#breadcrumb\",\"itemListElement\":[{\"@type\":\"ListItem\",\"position\":1,\"name\":\"Startseite\",\"item\":\"https:\/\/damarillis.ch\/\"},{\"@type\":\"ListItem\",\"position\":2,\"name\":\"Shop\",\"item\":\"https:\/\/damarillis.ch\/index.php\/shop\/\"},{\"@type\":\"ListItem\",\"position\":3,\"name\":\"Cutieshirt &#8222;Pferde&#8220; (Gr\u00f6sse 110)\"}]},{\"@type\":\"WebSite\",\"@id\":\"https:\/\/damarillis.ch\/#website\",\"url\":\"https:\/\/damarillis.ch\/\",\"name\":\"damarillis.ch\",\"description\":\"\",\"publisher\":{\"@id\":\"https:\/\/damarillis.ch\/#organization\"},\"potentialAction\":[{\"@type\":\"SearchAction\",\"target\":{\"@type\":\"EntryPoint\",\"urlTemplate\":\"https:\/\/damarillis.ch\/?s={search_term_string}\"},\"query-input\":{\"@type\":\"PropertyValueSpecification\",\"valueRequired\":true,\"valueName\":\"search_term_string\"}}],\"inLanguage\":\"de\"},{\"@type\":\"Organization\",\"@id\":\"https:\/\/damarillis.ch\/#organization\",\"name\":\"Damarillis\",\"url\":\"https:\/\/damarillis.ch\/\",\"logo\":{\"@type\":\"ImageObject\",\"inLanguage\":\"de\",\"@id\":\"https:\/\/damarillis.ch\/#\/schema\/logo\/image\/\",\"url\":\"https:\/\/damarillis.ch\/wp-content\/uploads\/2020\/02\/cropped-LOGO_Maus_klein-e1582031367694-2.png\",\"contentUrl\":\"https:\/\/damarillis.ch\/wp-content\/uploads\/2020\/02\/cropped-LOGO_Maus_klein-e1582031367694-2.png\",\"width\":200,\"height\":200,\"caption\":\"Damarillis\"},\"image\":{\"@id\":\"https:\/\/damarillis.ch\/#\/schema\/logo\/image\/\"}}]}<\/script>\n<!-- \/ Yoast SEO plugin. -->","yoast_head_json":{"title":"Cutieshirt \"Pferde\" (Gr\u00f6sse 110) - damarillis.ch","robots":{"index":"index","follow":"follow","max-snippet":"max-snippet:-1","max-image-preview":"max-image-preview:large","max-video-preview":"max-video-preview:-1"},"canonical":"https:\/\/damarillis.ch\/index.php\/produkt\/cutieshirt-pferde-groesse-110\/","og_locale":"de_DE","og_type":"article","og_title":"Cutieshirt \"Pferde\" (Gr\u00f6sse 110) - damarillis.ch","og_description":"\u2729 Longshirt f\u00fcr Pferdefans  \u2729 Gr\u00f6sse 11o  \u2729 Bio-Baumwoll Jersey  \u2729 Eine Leggings oder Jeans komplettiert das Outfit  &nbsp;","og_url":"https:\/\/damarillis.ch\/index.php\/produkt\/cutieshirt-pferde-groesse-110\/","og_site_name":"damarillis.ch","article_modified_time":"2024-05-14T09:50:31+00:00","og_image":[{"width":1920,"height":2560,"url":"https:\/\/damarillis.ch\/wp-content\/uploads\/2024\/05\/IMG_8484-scaled.jpeg","type":"image\/jpeg"}],"twitter_card":"summary_large_image","twitter_misc":{"Gesch\u00e4tzte Lesezeit":"1\u00a0Minute"},"schema":{"@context":"https:\/\/schema.org","@graph":[{"@type":"WebPage","@id":"https:\/\/damarillis.ch\/index.php\/produkt\/cutieshirt-pferde-groesse-110\/","url":"https:\/\/damarillis.ch\/index.php\/produkt\/cutieshirt-pferde-groesse-110\/","name":"Cutieshirt \"Pferde\" (Gr\u00f6sse 110) - damarillis.ch","isPartOf":{"@id":"https:\/\/damarillis.ch\/#website"},"primaryImageOfPage":{"@id":"https:\/\/damarillis.ch\/index.php\/produkt\/cutieshirt-pferde-groesse-110\/#primaryimage"},"image":{"@id":"https:\/\/damarillis.ch\/index.php\/produkt\/cutieshirt-pferde-groesse-110\/#primaryimage"},"thumbnailUrl":"https:\/\/damarillis.ch\/wp-content\/uploads\/2024\/05\/IMG_8484-scaled.jpeg","datePublished":"2023-05-19T05:56:43+00:00","dateModified":"2024-05-14T09:50:31+00:00","breadcrumb":{"@id":"https:\/\/damarillis.ch\/index.php\/produkt\/cutieshirt-pferde-groesse-110\/#breadcrumb"},"inLanguage":"de","potentialAction":[{"@type":"ReadAction","target":["https:\/\/damarillis.ch\/index.php\/produkt\/cutieshirt-pferde-groesse-110\/"]}]},{"@type":"ImageObject","inLanguage":"de","@id":"https:\/\/damarillis.ch\/index.php\/produkt\/cutieshirt-pferde-groesse-110\/#primaryimage","url":"https:\/\/damarillis.ch\/wp-content\/uploads\/2024\/05\/IMG_8484-scaled.jpeg","contentUrl":"https:\/\/damarillis.ch\/wp-content\/uploads\/2024\/05\/IMG_8484-scaled.jpeg","width":1920,"height":2560},{"@type":"BreadcrumbList","@id":"https:\/\/damarillis.ch\/index.php\/produkt\/cutieshirt-pferde-groesse-110\/#breadcrumb","itemListElement":[{"@type":"ListItem","position":1,"name":"Startseite","item":"https:\/\/damarillis.ch\/"},{"@type":"ListItem","position":2,"name":"Shop","item":"https:\/\/damarillis.ch\/index.php\/shop\/"},{"@type":"ListItem","position":3,"name":"Cutieshirt &#8222;Pferde&#8220; (Gr\u00f6sse 110)"}]},{"@type":"WebSite","@id":"https:\/\/damarillis.ch\/#website","url":"https:\/\/damarillis.ch\/","name":"damarillis.ch","description":"","publisher":{"@id":"https:\/\/damarillis.ch\/#organization"},"potentialAction":[{"@type":"SearchAction","target":{"@type":"EntryPoint","urlTemplate":"https:\/\/damarillis.ch\/?s={search_term_string}"},"query-input":{"@type":"PropertyValueSpecification","valueRequired":true,"valueName":"search_term_string"}}],"inLanguage":"de"},{"@type":"Organization","@id":"https:\/\/damarillis.ch\/#organization","name":"Damarillis","url":"https:\/\/damarillis.ch\/","logo":{"@type":"ImageObject","inLanguage":"de","@id":"https:\/\/damarillis.ch\/#\/schema\/logo\/image\/","url":"https:\/\/damarillis.ch\/wp-content\/uploads\/2020\/02\/cropped-LOGO_Maus_klein-e1582031367694-2.png","contentUrl":"https:\/\/damarillis.ch\/wp-content\/uploads\/2020\/02\/cropped-LOGO_Maus_klein-e1582031367694-2.png","width":200,"height":200,"caption":"Damarillis"},"image":{"@id":"https:\/\/damarillis.ch\/#\/schema\/logo\/image\/"}}]}},"_links":{"self":[{"href":"https:\/\/damarillis.ch\/index.php\/wp-json\/wp\/v2\/product\/3166","targetHints":{"allow":["GET"]}}],"collection":[{"href":"https:\/\/damarillis.ch\/index.php\/wp-json\/wp\/v2\/product"}],"about":[{"href":"https:\/\/damarillis.ch\/index.php\/wp-json\/wp\/v2\/types\/product"}],"wp:featuredmedia":[{"embeddable":true,"href":"https:\/\/damarillis.ch\/index.php\/wp-json\/wp\/v2\/media\/3494"}],"wp:attachment":[{"href":"https:\/\/damarillis.ch\/index.php\/wp-json\/wp\/v2\/media?parent=3166"}],"wp:term":[{"taxonomy":"product_brand","embeddable":true,"href":"https:\/\/damarillis.ch\/index.php\/wp-json\/wp\/v2\/product_brand?post=3166"},{"taxonomy":"product_cat","embeddable":true,"href":"https:\/\/damarillis.ch\/index.php\/wp-json\/wp\/v2\/product_cat?post=3166"},{"taxonomy":"product_tag","embeddable":true,"href":"https:\/\/damarillis.ch\/index.php\/wp-json\/wp\/v2\/product_tag?post=3166"}],"curies":[{"name":"wp","href":"https:\/\/api.w.org\/{rel}","templated":true}]}}