{"id":3324,"date":"2023-09-01T21:18:12","date_gmt":"2023-09-01T21:18:12","guid":{"rendered":"https:\/\/damarillis.ch\/?post_type=product&#038;p=3324"},"modified":"2024-03-07T09:14:27","modified_gmt":"2024-03-07T09:14:27","slug":"baggypants-froehlicher-baer-groesse-68","status":"publish","type":"product","link":"https:\/\/damarillis.ch\/index.php\/produkt\/baggypants-froehlicher-baer-groesse-68\/","title":{"rendered":"Baggypants &#8222;Fr\u00f6hlicher B\u00e4r&#8220; (Gr\u00f6sse 68)"},"content":{"rendered":"<p>Eine l\u00e4ssige Hose im angesagten Baggyschnitt. Sie ist \u00fcberaus bequem dank dem breiten Bauchb\u00fcndchen. Damit die Hose m\u00f6glichst lange Freude bereitet, sind die Fussb\u00fcndchen extra etwas l\u00e4nger gehalten.<\/p>\n<p>Die Hose ist ein ganz besonderes Kleidungsst\u00fcck f\u00fcr verschiedene Gelegenheiten. Das weiche Material ist angenehm f\u00fcr die zarte Kinderhaut.<\/p>\n<p>In den Hosentaschen k\u00f6nnen kleine Sch\u00e4tze gesammelt werden. Die Kordel dient als Zierde.<\/p>\n<p>&nbsp;<\/p>\n<h5>Pflegehinweise<\/h5>\n<p>Waschbar bei 40\u00b0 Grad, nicht Tumblern<\/p>\n<p>&nbsp;<\/p>\n","protected":false},"excerpt":{"rendered":"<p>&nbsp;<\/p>\n<p>\u2729 100% Baumwolle<\/p>\n<p>\u2729 Bequemer Schnitt<\/p>\n<p>\u2729 Perfekt zum Krabbeln, Toben und Turnen<\/p>\n<p>\u2729 Elastischer Bund an Bauch und Beinen, der nicht einschneidet<\/p>\n<p>&nbsp;<\/p>\n<p>&nbsp;<\/p>\n","protected":false},"featured_media":3348,"template":"","meta":[],"product_brand":[],"product_cat":[96],"product_tag":[],"class_list":{"0":"post-3324","1":"product","2":"type-product","3":"status-publish","4":"has-post-thumbnail","6":"product_cat-hosen","8":"first","9":"instock","10":"shipping-taxable","11":"purchasable","12":"product-type-simple"},"yoast_head":"<!-- This site is optimized with the Yoast SEO plugin v27.2 - https:\/\/yoast.com\/product\/yoast-seo-wordpress\/ -->\n<title>Baggypants &quot;Fr\u00f6hlicher B\u00e4r&quot; (Gr\u00f6sse 68) - damarillis.ch<\/title>\n<meta name=\"description\" content=\"L\u00e4ssige Hose im angesagten Baggyschnitt. Bequem dank dem breiten Bauchb\u00fcndchen. Damit die Hose lange Freude bereitet, sind die Fussb\u00fcndchen l\u00e4nger gehalten.\" \/>\n<meta name=\"robots\" content=\"index, follow, max-snippet:-1, max-image-preview:large, max-video-preview:-1\" \/>\n<link rel=\"canonical\" href=\"https:\/\/damarillis.ch\/index.php\/produkt\/baggypants-froehlicher-baer-groesse-68\/\" \/>\n<meta property=\"og:locale\" content=\"de_DE\" \/>\n<meta property=\"og:type\" content=\"article\" \/>\n<meta property=\"og:title\" content=\"Baggypants &quot;Fr\u00f6hlicher B\u00e4r&quot; (Gr\u00f6sse 68) - damarillis.ch\" \/>\n<meta property=\"og:description\" content=\"L\u00e4ssige Hose im angesagten Baggyschnitt. Bequem dank dem breiten Bauchb\u00fcndchen. Damit die Hose lange Freude bereitet, sind die Fussb\u00fcndchen l\u00e4nger gehalten.\" \/>\n<meta property=\"og:url\" content=\"https:\/\/damarillis.ch\/index.php\/produkt\/baggypants-froehlicher-baer-groesse-68\/\" \/>\n<meta property=\"og:site_name\" content=\"damarillis.ch\" \/>\n<meta property=\"article:modified_time\" content=\"2024-03-07T09:14:27+00:00\" \/>\n<meta property=\"og:image\" content=\"https:\/\/damarillis.ch\/wp-content\/uploads\/2023\/09\/IMG_6625-scaled.jpeg\" \/>\n\t<meta property=\"og:image:width\" content=\"1920\" \/>\n\t<meta property=\"og:image:height\" content=\"2560\" \/>\n\t<meta property=\"og:image:type\" content=\"image\/jpeg\" \/>\n<meta name=\"twitter:card\" content=\"summary_large_image\" \/>\n<meta name=\"twitter:label1\" content=\"Gesch\u00e4tzte Lesezeit\" \/>\n\t<meta name=\"twitter:data1\" content=\"1\u00a0Minute\" \/>\n<script type=\"application\/ld+json\" class=\"yoast-schema-graph\">{\"@context\":\"https:\/\/schema.org\",\"@graph\":[{\"@type\":\"WebPage\",\"@id\":\"https:\/\/damarillis.ch\/index.php\/produkt\/baggypants-froehlicher-baer-groesse-68\/\",\"url\":\"https:\/\/damarillis.ch\/index.php\/produkt\/baggypants-froehlicher-baer-groesse-68\/\",\"name\":\"Baggypants \\\"Fr\u00f6hlicher B\u00e4r\\\" (Gr\u00f6sse 68) - damarillis.ch\",\"isPartOf\":{\"@id\":\"https:\/\/damarillis.ch\/#website\"},\"primaryImageOfPage\":{\"@id\":\"https:\/\/damarillis.ch\/index.php\/produkt\/baggypants-froehlicher-baer-groesse-68\/#primaryimage\"},\"image\":{\"@id\":\"https:\/\/damarillis.ch\/index.php\/produkt\/baggypants-froehlicher-baer-groesse-68\/#primaryimage\"},\"thumbnailUrl\":\"https:\/\/damarillis.ch\/wp-content\/uploads\/2023\/09\/IMG_6625-scaled.jpeg\",\"datePublished\":\"2023-09-01T21:18:12+00:00\",\"dateModified\":\"2024-03-07T09:14:27+00:00\",\"description\":\"L\u00e4ssige Hose im angesagten Baggyschnitt. Bequem dank dem breiten Bauchb\u00fcndchen. Damit die Hose lange Freude bereitet, sind die Fussb\u00fcndchen l\u00e4nger gehalten.\",\"breadcrumb\":{\"@id\":\"https:\/\/damarillis.ch\/index.php\/produkt\/baggypants-froehlicher-baer-groesse-68\/#breadcrumb\"},\"inLanguage\":\"de\",\"potentialAction\":[{\"@type\":\"ReadAction\",\"target\":[\"https:\/\/damarillis.ch\/index.php\/produkt\/baggypants-froehlicher-baer-groesse-68\/\"]}]},{\"@type\":\"ImageObject\",\"inLanguage\":\"de\",\"@id\":\"https:\/\/damarillis.ch\/index.php\/produkt\/baggypants-froehlicher-baer-groesse-68\/#primaryimage\",\"url\":\"https:\/\/damarillis.ch\/wp-content\/uploads\/2023\/09\/IMG_6625-scaled.jpeg\",\"contentUrl\":\"https:\/\/damarillis.ch\/wp-content\/uploads\/2023\/09\/IMG_6625-scaled.jpeg\",\"width\":1920,\"height\":2560},{\"@type\":\"BreadcrumbList\",\"@id\":\"https:\/\/damarillis.ch\/index.php\/produkt\/baggypants-froehlicher-baer-groesse-68\/#breadcrumb\",\"itemListElement\":[{\"@type\":\"ListItem\",\"position\":1,\"name\":\"Startseite\",\"item\":\"https:\/\/damarillis.ch\/\"},{\"@type\":\"ListItem\",\"position\":2,\"name\":\"Shop\",\"item\":\"https:\/\/damarillis.ch\/index.php\/shop\/\"},{\"@type\":\"ListItem\",\"position\":3,\"name\":\"Baggypants &#8222;Fr\u00f6hlicher B\u00e4r&#8220; (Gr\u00f6sse 68)\"}]},{\"@type\":\"WebSite\",\"@id\":\"https:\/\/damarillis.ch\/#website\",\"url\":\"https:\/\/damarillis.ch\/\",\"name\":\"damarillis.ch\",\"description\":\"\",\"publisher\":{\"@id\":\"https:\/\/damarillis.ch\/#organization\"},\"potentialAction\":[{\"@type\":\"SearchAction\",\"target\":{\"@type\":\"EntryPoint\",\"urlTemplate\":\"https:\/\/damarillis.ch\/?s={search_term_string}\"},\"query-input\":{\"@type\":\"PropertyValueSpecification\",\"valueRequired\":true,\"valueName\":\"search_term_string\"}}],\"inLanguage\":\"de\"},{\"@type\":\"Organization\",\"@id\":\"https:\/\/damarillis.ch\/#organization\",\"name\":\"Damarillis\",\"url\":\"https:\/\/damarillis.ch\/\",\"logo\":{\"@type\":\"ImageObject\",\"inLanguage\":\"de\",\"@id\":\"https:\/\/damarillis.ch\/#\/schema\/logo\/image\/\",\"url\":\"https:\/\/damarillis.ch\/wp-content\/uploads\/2020\/02\/cropped-LOGO_Maus_klein-e1582031367694-2.png\",\"contentUrl\":\"https:\/\/damarillis.ch\/wp-content\/uploads\/2020\/02\/cropped-LOGO_Maus_klein-e1582031367694-2.png\",\"width\":200,\"height\":200,\"caption\":\"Damarillis\"},\"image\":{\"@id\":\"https:\/\/damarillis.ch\/#\/schema\/logo\/image\/\"}}]}<\/script>\n<!-- \/ Yoast SEO plugin. -->","yoast_head_json":{"title":"Baggypants \"Fr\u00f6hlicher B\u00e4r\" (Gr\u00f6sse 68) - damarillis.ch","description":"L\u00e4ssige Hose im angesagten Baggyschnitt. Bequem dank dem breiten Bauchb\u00fcndchen. Damit die Hose lange Freude bereitet, sind die Fussb\u00fcndchen l\u00e4nger gehalten.","robots":{"index":"index","follow":"follow","max-snippet":"max-snippet:-1","max-image-preview":"max-image-preview:large","max-video-preview":"max-video-preview:-1"},"canonical":"https:\/\/damarillis.ch\/index.php\/produkt\/baggypants-froehlicher-baer-groesse-68\/","og_locale":"de_DE","og_type":"article","og_title":"Baggypants \"Fr\u00f6hlicher B\u00e4r\" (Gr\u00f6sse 68) - damarillis.ch","og_description":"L\u00e4ssige Hose im angesagten Baggyschnitt. Bequem dank dem breiten Bauchb\u00fcndchen. Damit die Hose lange Freude bereitet, sind die Fussb\u00fcndchen l\u00e4nger gehalten.","og_url":"https:\/\/damarillis.ch\/index.php\/produkt\/baggypants-froehlicher-baer-groesse-68\/","og_site_name":"damarillis.ch","article_modified_time":"2024-03-07T09:14:27+00:00","og_image":[{"width":1920,"height":2560,"url":"https:\/\/damarillis.ch\/wp-content\/uploads\/2023\/09\/IMG_6625-scaled.jpeg","type":"image\/jpeg"}],"twitter_card":"summary_large_image","twitter_misc":{"Gesch\u00e4tzte Lesezeit":"1\u00a0Minute"},"schema":{"@context":"https:\/\/schema.org","@graph":[{"@type":"WebPage","@id":"https:\/\/damarillis.ch\/index.php\/produkt\/baggypants-froehlicher-baer-groesse-68\/","url":"https:\/\/damarillis.ch\/index.php\/produkt\/baggypants-froehlicher-baer-groesse-68\/","name":"Baggypants \"Fr\u00f6hlicher B\u00e4r\" (Gr\u00f6sse 68) - damarillis.ch","isPartOf":{"@id":"https:\/\/damarillis.ch\/#website"},"primaryImageOfPage":{"@id":"https:\/\/damarillis.ch\/index.php\/produkt\/baggypants-froehlicher-baer-groesse-68\/#primaryimage"},"image":{"@id":"https:\/\/damarillis.ch\/index.php\/produkt\/baggypants-froehlicher-baer-groesse-68\/#primaryimage"},"thumbnailUrl":"https:\/\/damarillis.ch\/wp-content\/uploads\/2023\/09\/IMG_6625-scaled.jpeg","datePublished":"2023-09-01T21:18:12+00:00","dateModified":"2024-03-07T09:14:27+00:00","description":"L\u00e4ssige Hose im angesagten Baggyschnitt. Bequem dank dem breiten Bauchb\u00fcndchen. Damit die Hose lange Freude bereitet, sind die Fussb\u00fcndchen l\u00e4nger gehalten.","breadcrumb":{"@id":"https:\/\/damarillis.ch\/index.php\/produkt\/baggypants-froehlicher-baer-groesse-68\/#breadcrumb"},"inLanguage":"de","potentialAction":[{"@type":"ReadAction","target":["https:\/\/damarillis.ch\/index.php\/produkt\/baggypants-froehlicher-baer-groesse-68\/"]}]},{"@type":"ImageObject","inLanguage":"de","@id":"https:\/\/damarillis.ch\/index.php\/produkt\/baggypants-froehlicher-baer-groesse-68\/#primaryimage","url":"https:\/\/damarillis.ch\/wp-content\/uploads\/2023\/09\/IMG_6625-scaled.jpeg","contentUrl":"https:\/\/damarillis.ch\/wp-content\/uploads\/2023\/09\/IMG_6625-scaled.jpeg","width":1920,"height":2560},{"@type":"BreadcrumbList","@id":"https:\/\/damarillis.ch\/index.php\/produkt\/baggypants-froehlicher-baer-groesse-68\/#breadcrumb","itemListElement":[{"@type":"ListItem","position":1,"name":"Startseite","item":"https:\/\/damarillis.ch\/"},{"@type":"ListItem","position":2,"name":"Shop","item":"https:\/\/damarillis.ch\/index.php\/shop\/"},{"@type":"ListItem","position":3,"name":"Baggypants &#8222;Fr\u00f6hlicher B\u00e4r&#8220; (Gr\u00f6sse 68)"}]},{"@type":"WebSite","@id":"https:\/\/damarillis.ch\/#website","url":"https:\/\/damarillis.ch\/","name":"damarillis.ch","description":"","publisher":{"@id":"https:\/\/damarillis.ch\/#organization"},"potentialAction":[{"@type":"SearchAction","target":{"@type":"EntryPoint","urlTemplate":"https:\/\/damarillis.ch\/?s={search_term_string}"},"query-input":{"@type":"PropertyValueSpecification","valueRequired":true,"valueName":"search_term_string"}}],"inLanguage":"de"},{"@type":"Organization","@id":"https:\/\/damarillis.ch\/#organization","name":"Damarillis","url":"https:\/\/damarillis.ch\/","logo":{"@type":"ImageObject","inLanguage":"de","@id":"https:\/\/damarillis.ch\/#\/schema\/logo\/image\/","url":"https:\/\/damarillis.ch\/wp-content\/uploads\/2020\/02\/cropped-LOGO_Maus_klein-e1582031367694-2.png","contentUrl":"https:\/\/damarillis.ch\/wp-content\/uploads\/2020\/02\/cropped-LOGO_Maus_klein-e1582031367694-2.png","width":200,"height":200,"caption":"Damarillis"},"image":{"@id":"https:\/\/damarillis.ch\/#\/schema\/logo\/image\/"}}]}},"_links":{"self":[{"href":"https:\/\/damarillis.ch\/index.php\/wp-json\/wp\/v2\/product\/3324","targetHints":{"allow":["GET"]}}],"collection":[{"href":"https:\/\/damarillis.ch\/index.php\/wp-json\/wp\/v2\/product"}],"about":[{"href":"https:\/\/damarillis.ch\/index.php\/wp-json\/wp\/v2\/types\/product"}],"wp:featuredmedia":[{"embeddable":true,"href":"https:\/\/damarillis.ch\/index.php\/wp-json\/wp\/v2\/media\/3348"}],"wp:attachment":[{"href":"https:\/\/damarillis.ch\/index.php\/wp-json\/wp\/v2\/media?parent=3324"}],"wp:term":[{"taxonomy":"product_brand","embeddable":true,"href":"https:\/\/damarillis.ch\/index.php\/wp-json\/wp\/v2\/product_brand?post=3324"},{"taxonomy":"product_cat","embeddable":true,"href":"https:\/\/damarillis.ch\/index.php\/wp-json\/wp\/v2\/product_cat?post=3324"},{"taxonomy":"product_tag","embeddable":true,"href":"https:\/\/damarillis.ch\/index.php\/wp-json\/wp\/v2\/product_tag?post=3324"}],"curies":[{"name":"wp","href":"https:\/\/api.w.org\/{rel}","templated":true}]}}