{"id":3368,"date":"2023-09-02T09:18:23","date_gmt":"2023-09-02T09:18:23","guid":{"rendered":"https:\/\/damarillis.ch\/?post_type=product&#038;p=3368"},"modified":"2023-11-09T08:32:11","modified_gmt":"2023-11-09T08:32:11","slug":"pixibuchhuelle-sprenkel","status":"publish","type":"product","link":"https:\/\/damarillis.ch\/index.php\/produkt\/pixibuchhuelle-sprenkel\/","title":{"rendered":"Pixibuchh\u00fclle &#8222;Sprenkel&#8220;"},"content":{"rendered":"<p>Ein tolles kleines Mitbringsel, praktisch f\u00fcr unterwegs oder auch, um zu Hause etwas mehr Ordnung in die vielen kleinen B\u00fcchlein zu bringen. Die H\u00fclle ist aus reinem Baumwollstoff und mit einer leichten Vlieseinlage gen\u00e4ht (damit sie etwas fester wird).<\/p>\n<p>Die Pixibuchh\u00fclle bietet Platz f\u00fcr 8 &#8211; 10 der B\u00fcchlein und kann von den kleinen &#8222;Lesern&#8220;, dank des Gummibandes, ganz einfach selber ge\u00f6ffnet und verschlossen werden. Die H\u00fclle eignet sich perfekt um die kleinen B\u00fcchlein vor Eselsohren zu sch\u00fctzen.<\/p>\n<p>&nbsp;<\/p>\n<h5>Besonderes<\/h5>\n<p>Ein \u00dcberraschungsb\u00fcchlein inklusiv<\/p>\n<p>&nbsp;<\/p>\n<h5>Pflegehinweis<\/h5>\n<p>Bei 30\u00b0C waschbar<\/p>\n<p>&nbsp;<\/p>\n<p>&nbsp;<\/p>\n<p>&nbsp;<\/p>\n<p>&nbsp;<\/p>\n<p>&nbsp;<\/p>\n<p>&nbsp;<\/p>\n","protected":false},"excerpt":{"rendered":"<p>\u2729 Einzelst\u00fcck<\/p>\n<p>\u2729 Sch\u00f6nes Geschenk<\/p>\n<p>\u2729 Aus Baumwolle<\/p>\n<p>\u2729 Gummiband als Verschluss<\/p>\n<p>\u2729 inklusiv einem B\u00fcchlein<\/p>\n","protected":false},"featured_media":3422,"template":"","meta":[],"product_brand":[],"product_cat":[23],"product_tag":[],"class_list":{"0":"post-3368","1":"product","2":"type-product","3":"status-publish","4":"has-post-thumbnail","6":"product_cat-pixibuchhuelle","8":"first","9":"instock","10":"shipping-taxable","11":"purchasable","12":"product-type-simple"},"yoast_head":"<!-- This site is optimized with the Yoast SEO plugin v27.2 - https:\/\/yoast.com\/product\/yoast-seo-wordpress\/ -->\n<title>Pixibuchh\u00fclle &quot;Sprenkel&quot; - damarillis.ch<\/title>\n<meta name=\"description\" content=\"Die Pixibuchh\u00fclle bietet Platz f\u00fcr 8 - 10 Pixib\u00fcchlein und kann dank des Gummibandes, ganz einfach selber ge\u00f6ffnet werden. Inklusiv einem Pixib\u00fcchli\" \/>\n<meta name=\"robots\" content=\"index, follow, max-snippet:-1, max-image-preview:large, max-video-preview:-1\" \/>\n<link rel=\"canonical\" href=\"https:\/\/damarillis.ch\/index.php\/produkt\/pixibuchhuelle-sprenkel\/\" \/>\n<meta property=\"og:locale\" content=\"de_DE\" \/>\n<meta property=\"og:type\" content=\"article\" \/>\n<meta property=\"og:title\" content=\"Pixibuchh\u00fclle &quot;Sprenkel&quot; - damarillis.ch\" \/>\n<meta property=\"og:description\" content=\"Die Pixibuchh\u00fclle bietet Platz f\u00fcr 8 - 10 Pixib\u00fcchlein und kann dank des Gummibandes, ganz einfach selber ge\u00f6ffnet werden. Inklusiv einem Pixib\u00fcchli\" \/>\n<meta property=\"og:url\" content=\"https:\/\/damarillis.ch\/index.php\/produkt\/pixibuchhuelle-sprenkel\/\" \/>\n<meta property=\"og:site_name\" content=\"damarillis.ch\" \/>\n<meta property=\"article:modified_time\" content=\"2023-11-09T08:32:11+00:00\" \/>\n<meta property=\"og:image\" content=\"https:\/\/damarillis.ch\/wp-content\/uploads\/2023\/09\/IMG_6540-scaled.jpeg\" \/>\n\t<meta property=\"og:image:width\" content=\"1920\" \/>\n\t<meta property=\"og:image:height\" content=\"2560\" \/>\n\t<meta property=\"og:image:type\" content=\"image\/jpeg\" \/>\n<meta name=\"twitter:card\" content=\"summary_large_image\" \/>\n<meta name=\"twitter:label1\" content=\"Gesch\u00e4tzte Lesezeit\" \/>\n\t<meta name=\"twitter:data1\" content=\"1\u00a0Minute\" \/>\n<script type=\"application\/ld+json\" class=\"yoast-schema-graph\">{\"@context\":\"https:\/\/schema.org\",\"@graph\":[{\"@type\":\"WebPage\",\"@id\":\"https:\/\/damarillis.ch\/index.php\/produkt\/pixibuchhuelle-sprenkel\/\",\"url\":\"https:\/\/damarillis.ch\/index.php\/produkt\/pixibuchhuelle-sprenkel\/\",\"name\":\"Pixibuchh\u00fclle \\\"Sprenkel\\\" - damarillis.ch\",\"isPartOf\":{\"@id\":\"https:\/\/damarillis.ch\/#website\"},\"primaryImageOfPage\":{\"@id\":\"https:\/\/damarillis.ch\/index.php\/produkt\/pixibuchhuelle-sprenkel\/#primaryimage\"},\"image\":{\"@id\":\"https:\/\/damarillis.ch\/index.php\/produkt\/pixibuchhuelle-sprenkel\/#primaryimage\"},\"thumbnailUrl\":\"https:\/\/damarillis.ch\/wp-content\/uploads\/2023\/09\/IMG_6540-scaled.jpeg\",\"datePublished\":\"2023-09-02T09:18:23+00:00\",\"dateModified\":\"2023-11-09T08:32:11+00:00\",\"description\":\"Die Pixibuchh\u00fclle bietet Platz f\u00fcr 8 - 10 Pixib\u00fcchlein und kann dank des Gummibandes, ganz einfach selber ge\u00f6ffnet werden. Inklusiv einem Pixib\u00fcchli\",\"breadcrumb\":{\"@id\":\"https:\/\/damarillis.ch\/index.php\/produkt\/pixibuchhuelle-sprenkel\/#breadcrumb\"},\"inLanguage\":\"de\",\"potentialAction\":[{\"@type\":\"ReadAction\",\"target\":[\"https:\/\/damarillis.ch\/index.php\/produkt\/pixibuchhuelle-sprenkel\/\"]}]},{\"@type\":\"ImageObject\",\"inLanguage\":\"de\",\"@id\":\"https:\/\/damarillis.ch\/index.php\/produkt\/pixibuchhuelle-sprenkel\/#primaryimage\",\"url\":\"https:\/\/damarillis.ch\/wp-content\/uploads\/2023\/09\/IMG_6540-scaled.jpeg\",\"contentUrl\":\"https:\/\/damarillis.ch\/wp-content\/uploads\/2023\/09\/IMG_6540-scaled.jpeg\",\"width\":1920,\"height\":2560},{\"@type\":\"BreadcrumbList\",\"@id\":\"https:\/\/damarillis.ch\/index.php\/produkt\/pixibuchhuelle-sprenkel\/#breadcrumb\",\"itemListElement\":[{\"@type\":\"ListItem\",\"position\":1,\"name\":\"Startseite\",\"item\":\"https:\/\/damarillis.ch\/\"},{\"@type\":\"ListItem\",\"position\":2,\"name\":\"Shop\",\"item\":\"https:\/\/damarillis.ch\/index.php\/shop\/\"},{\"@type\":\"ListItem\",\"position\":3,\"name\":\"Pixibuchh\u00fclle &#8222;Sprenkel&#8220;\"}]},{\"@type\":\"WebSite\",\"@id\":\"https:\/\/damarillis.ch\/#website\",\"url\":\"https:\/\/damarillis.ch\/\",\"name\":\"damarillis.ch\",\"description\":\"\",\"publisher\":{\"@id\":\"https:\/\/damarillis.ch\/#organization\"},\"potentialAction\":[{\"@type\":\"SearchAction\",\"target\":{\"@type\":\"EntryPoint\",\"urlTemplate\":\"https:\/\/damarillis.ch\/?s={search_term_string}\"},\"query-input\":{\"@type\":\"PropertyValueSpecification\",\"valueRequired\":true,\"valueName\":\"search_term_string\"}}],\"inLanguage\":\"de\"},{\"@type\":\"Organization\",\"@id\":\"https:\/\/damarillis.ch\/#organization\",\"name\":\"Damarillis\",\"url\":\"https:\/\/damarillis.ch\/\",\"logo\":{\"@type\":\"ImageObject\",\"inLanguage\":\"de\",\"@id\":\"https:\/\/damarillis.ch\/#\/schema\/logo\/image\/\",\"url\":\"https:\/\/damarillis.ch\/wp-content\/uploads\/2020\/02\/cropped-LOGO_Maus_klein-e1582031367694-2.png\",\"contentUrl\":\"https:\/\/damarillis.ch\/wp-content\/uploads\/2020\/02\/cropped-LOGO_Maus_klein-e1582031367694-2.png\",\"width\":200,\"height\":200,\"caption\":\"Damarillis\"},\"image\":{\"@id\":\"https:\/\/damarillis.ch\/#\/schema\/logo\/image\/\"}}]}<\/script>\n<!-- \/ Yoast SEO plugin. -->","yoast_head_json":{"title":"Pixibuchh\u00fclle \"Sprenkel\" - damarillis.ch","description":"Die Pixibuchh\u00fclle bietet Platz f\u00fcr 8 - 10 Pixib\u00fcchlein und kann dank des Gummibandes, ganz einfach selber ge\u00f6ffnet werden. Inklusiv einem Pixib\u00fcchli","robots":{"index":"index","follow":"follow","max-snippet":"max-snippet:-1","max-image-preview":"max-image-preview:large","max-video-preview":"max-video-preview:-1"},"canonical":"https:\/\/damarillis.ch\/index.php\/produkt\/pixibuchhuelle-sprenkel\/","og_locale":"de_DE","og_type":"article","og_title":"Pixibuchh\u00fclle \"Sprenkel\" - damarillis.ch","og_description":"Die Pixibuchh\u00fclle bietet Platz f\u00fcr 8 - 10 Pixib\u00fcchlein und kann dank des Gummibandes, ganz einfach selber ge\u00f6ffnet werden. Inklusiv einem Pixib\u00fcchli","og_url":"https:\/\/damarillis.ch\/index.php\/produkt\/pixibuchhuelle-sprenkel\/","og_site_name":"damarillis.ch","article_modified_time":"2023-11-09T08:32:11+00:00","og_image":[{"width":1920,"height":2560,"url":"https:\/\/damarillis.ch\/wp-content\/uploads\/2023\/09\/IMG_6540-scaled.jpeg","type":"image\/jpeg"}],"twitter_card":"summary_large_image","twitter_misc":{"Gesch\u00e4tzte Lesezeit":"1\u00a0Minute"},"schema":{"@context":"https:\/\/schema.org","@graph":[{"@type":"WebPage","@id":"https:\/\/damarillis.ch\/index.php\/produkt\/pixibuchhuelle-sprenkel\/","url":"https:\/\/damarillis.ch\/index.php\/produkt\/pixibuchhuelle-sprenkel\/","name":"Pixibuchh\u00fclle \"Sprenkel\" - damarillis.ch","isPartOf":{"@id":"https:\/\/damarillis.ch\/#website"},"primaryImageOfPage":{"@id":"https:\/\/damarillis.ch\/index.php\/produkt\/pixibuchhuelle-sprenkel\/#primaryimage"},"image":{"@id":"https:\/\/damarillis.ch\/index.php\/produkt\/pixibuchhuelle-sprenkel\/#primaryimage"},"thumbnailUrl":"https:\/\/damarillis.ch\/wp-content\/uploads\/2023\/09\/IMG_6540-scaled.jpeg","datePublished":"2023-09-02T09:18:23+00:00","dateModified":"2023-11-09T08:32:11+00:00","description":"Die Pixibuchh\u00fclle bietet Platz f\u00fcr 8 - 10 Pixib\u00fcchlein und kann dank des Gummibandes, ganz einfach selber ge\u00f6ffnet werden. Inklusiv einem Pixib\u00fcchli","breadcrumb":{"@id":"https:\/\/damarillis.ch\/index.php\/produkt\/pixibuchhuelle-sprenkel\/#breadcrumb"},"inLanguage":"de","potentialAction":[{"@type":"ReadAction","target":["https:\/\/damarillis.ch\/index.php\/produkt\/pixibuchhuelle-sprenkel\/"]}]},{"@type":"ImageObject","inLanguage":"de","@id":"https:\/\/damarillis.ch\/index.php\/produkt\/pixibuchhuelle-sprenkel\/#primaryimage","url":"https:\/\/damarillis.ch\/wp-content\/uploads\/2023\/09\/IMG_6540-scaled.jpeg","contentUrl":"https:\/\/damarillis.ch\/wp-content\/uploads\/2023\/09\/IMG_6540-scaled.jpeg","width":1920,"height":2560},{"@type":"BreadcrumbList","@id":"https:\/\/damarillis.ch\/index.php\/produkt\/pixibuchhuelle-sprenkel\/#breadcrumb","itemListElement":[{"@type":"ListItem","position":1,"name":"Startseite","item":"https:\/\/damarillis.ch\/"},{"@type":"ListItem","position":2,"name":"Shop","item":"https:\/\/damarillis.ch\/index.php\/shop\/"},{"@type":"ListItem","position":3,"name":"Pixibuchh\u00fclle &#8222;Sprenkel&#8220;"}]},{"@type":"WebSite","@id":"https:\/\/damarillis.ch\/#website","url":"https:\/\/damarillis.ch\/","name":"damarillis.ch","description":"","publisher":{"@id":"https:\/\/damarillis.ch\/#organization"},"potentialAction":[{"@type":"SearchAction","target":{"@type":"EntryPoint","urlTemplate":"https:\/\/damarillis.ch\/?s={search_term_string}"},"query-input":{"@type":"PropertyValueSpecification","valueRequired":true,"valueName":"search_term_string"}}],"inLanguage":"de"},{"@type":"Organization","@id":"https:\/\/damarillis.ch\/#organization","name":"Damarillis","url":"https:\/\/damarillis.ch\/","logo":{"@type":"ImageObject","inLanguage":"de","@id":"https:\/\/damarillis.ch\/#\/schema\/logo\/image\/","url":"https:\/\/damarillis.ch\/wp-content\/uploads\/2020\/02\/cropped-LOGO_Maus_klein-e1582031367694-2.png","contentUrl":"https:\/\/damarillis.ch\/wp-content\/uploads\/2020\/02\/cropped-LOGO_Maus_klein-e1582031367694-2.png","width":200,"height":200,"caption":"Damarillis"},"image":{"@id":"https:\/\/damarillis.ch\/#\/schema\/logo\/image\/"}}]}},"_links":{"self":[{"href":"https:\/\/damarillis.ch\/index.php\/wp-json\/wp\/v2\/product\/3368","targetHints":{"allow":["GET"]}}],"collection":[{"href":"https:\/\/damarillis.ch\/index.php\/wp-json\/wp\/v2\/product"}],"about":[{"href":"https:\/\/damarillis.ch\/index.php\/wp-json\/wp\/v2\/types\/product"}],"wp:featuredmedia":[{"embeddable":true,"href":"https:\/\/damarillis.ch\/index.php\/wp-json\/wp\/v2\/media\/3422"}],"wp:attachment":[{"href":"https:\/\/damarillis.ch\/index.php\/wp-json\/wp\/v2\/media?parent=3368"}],"wp:term":[{"taxonomy":"product_brand","embeddable":true,"href":"https:\/\/damarillis.ch\/index.php\/wp-json\/wp\/v2\/product_brand?post=3368"},{"taxonomy":"product_cat","embeddable":true,"href":"https:\/\/damarillis.ch\/index.php\/wp-json\/wp\/v2\/product_cat?post=3368"},{"taxonomy":"product_tag","embeddable":true,"href":"https:\/\/damarillis.ch\/index.php\/wp-json\/wp\/v2\/product_tag?post=3368"}],"curies":[{"name":"wp","href":"https:\/\/api.w.org\/{rel}","templated":true}]}}