{"id":3651,"date":"2024-05-22T07:58:41","date_gmt":"2024-05-22T07:58:41","guid":{"rendered":"https:\/\/damarillis.ch\/?post_type=product&#038;p=3651"},"modified":"2024-05-22T07:59:23","modified_gmt":"2024-05-22T07:59:23","slug":"bio-wolle-seide-body-baer-groesse-56-2","status":"publish","type":"product","link":"https:\/\/damarillis.ch\/index.php\/produkt\/bio-wolle-seide-body-baer-groesse-56-2\/","title":{"rendered":"Bio Wolle\/Seide Body &#8222;B\u00e4r&#8220; (Gr\u00f6sse 56)"},"content":{"rendered":"<p>Der Body von Damarillis ist k\u00f6rpernah geschnitten und sitzt sch\u00f6n anliegend. Bodys sch\u00fctzen die zarte Babyhaut, sie halten Bauch und R\u00fccken warm und sie geben der Windel halt, Tag und Nacht.<\/p>\n<p>Der amerikanische Ausschnitt erm\u00f6glicht es dir, den Body leicht an- und auszuziehen. Durch die Schlupfform hast du die M\u00f6glichkeit, den Body \u00fcber die Beine auszuziehen, falls die Windel ausgelaufen sein sollte.<\/p>\n<p>Mit dem Druckknopfverschluss im Schritt wird das Wechseln der Windel zum Kinderspiel. Der Body ist ab Geburt geeignet und ein Basic das in keinem Babykleiderschrank fehlen sollte. Die sch\u00f6nen Muster und Motive verleihen dem Body das gewisse Etwas.<\/p>\n<p><strong>Wundermaterial Bio Wolle\/Seide<\/strong><\/p>\n<p>Wolle\/Seide ist temperaturausgleichend und in gewissen Mass selbstreinigend. Der Materialmix f\u00fchlt sich auf der Haut herrlich weich an und wirkt auf nat\u00fcrliche Weise geruchsneutral. Die Wolle w\u00e4rmt angenehm im Winter und im Sommer k\u00fchlt sie nat\u00fcrlicherweise. Sie beh\u00e4lt diese Eigenschaft auch noch im feuchten Zustand bei. Zus\u00e4tzlich bietet das Material einen nat\u00fcrlichen Sonnenschutz.<\/p>\n<p>&nbsp;<\/p>\n<h5>Pflegehinweis<\/h5>\n<p>Der Body kann bei 40\u00b0 Grad gewaschen werden, nicht Tumplern<\/p>\n","protected":false},"excerpt":{"rendered":"<p>&nbsp;<\/p>\n<p>\u2729 Bio Wolle\/Seide<\/p>\n<p>\u2729 Basicteil<\/p>\n<p>\u2729 Druckknopfverschluss<\/p>\n<p>\u2729 Einfaches an- &amp; ausziehen durch Schlupfform<\/p>\n<p>\u2729 Lange \u00c4rmel<\/p>\n<p>&nbsp;<\/p>\n<p>&nbsp;<\/p>\n","protected":false},"featured_media":3537,"template":"","meta":[],"product_brand":[],"product_cat":[95,90],"product_tag":[],"class_list":{"0":"post-3651","1":"product","2":"type-product","3":"status-publish","4":"has-post-thumbnail","6":"product_cat-body","7":"product_cat-wolle-produkte","9":"first","10":"instock","11":"shipping-taxable","12":"purchasable","13":"product-type-simple"},"yoast_head":"<!-- This site is optimized with the Yoast SEO plugin v27.2 - https:\/\/yoast.com\/product\/yoast-seo-wordpress\/ -->\n<title>Bio Wolle\/Seide Body &quot;B\u00e4r&quot; (Gr\u00f6sse 56) - damarillis.ch<\/title>\n<meta name=\"robots\" content=\"index, follow, max-snippet:-1, max-image-preview:large, max-video-preview:-1\" \/>\n<link rel=\"canonical\" href=\"https:\/\/damarillis.ch\/index.php\/produkt\/bio-wolle-seide-body-baer-groesse-56-2\/\" \/>\n<meta property=\"og:locale\" content=\"de_DE\" \/>\n<meta property=\"og:type\" content=\"article\" \/>\n<meta property=\"og:title\" content=\"Bio Wolle\/Seide Body &quot;B\u00e4r&quot; (Gr\u00f6sse 56) - damarillis.ch\" \/>\n<meta property=\"og:description\" content=\"&nbsp;  \u2729 Bio Wolle\/Seide  \u2729 Basicteil  \u2729 Druckknopfverschluss  \u2729 Einfaches an- &amp; ausziehen durch Schlupfform  \u2729 Lange \u00c4rmel  &nbsp;  &nbsp;\" \/>\n<meta property=\"og:url\" content=\"https:\/\/damarillis.ch\/index.php\/produkt\/bio-wolle-seide-body-baer-groesse-56-2\/\" \/>\n<meta property=\"og:site_name\" content=\"damarillis.ch\" \/>\n<meta property=\"article:modified_time\" content=\"2024-05-22T07:59:23+00:00\" \/>\n<meta property=\"og:image\" content=\"https:\/\/damarillis.ch\/wp-content\/uploads\/2024\/05\/IMG_8536-scaled.jpeg\" \/>\n\t<meta property=\"og:image:width\" content=\"1920\" \/>\n\t<meta property=\"og:image:height\" content=\"2560\" \/>\n\t<meta property=\"og:image:type\" content=\"image\/jpeg\" \/>\n<meta name=\"twitter:card\" content=\"summary_large_image\" \/>\n<meta name=\"twitter:label1\" content=\"Gesch\u00e4tzte Lesezeit\" \/>\n\t<meta name=\"twitter:data1\" content=\"2\u00a0Minuten\" \/>\n<script type=\"application\/ld+json\" class=\"yoast-schema-graph\">{\"@context\":\"https:\/\/schema.org\",\"@graph\":[{\"@type\":\"WebPage\",\"@id\":\"https:\/\/damarillis.ch\/index.php\/produkt\/bio-wolle-seide-body-baer-groesse-56-2\/\",\"url\":\"https:\/\/damarillis.ch\/index.php\/produkt\/bio-wolle-seide-body-baer-groesse-56-2\/\",\"name\":\"Bio Wolle\/Seide Body \\\"B\u00e4r\\\" (Gr\u00f6sse 56) - damarillis.ch\",\"isPartOf\":{\"@id\":\"https:\/\/damarillis.ch\/#website\"},\"primaryImageOfPage\":{\"@id\":\"https:\/\/damarillis.ch\/index.php\/produkt\/bio-wolle-seide-body-baer-groesse-56-2\/#primaryimage\"},\"image\":{\"@id\":\"https:\/\/damarillis.ch\/index.php\/produkt\/bio-wolle-seide-body-baer-groesse-56-2\/#primaryimage\"},\"thumbnailUrl\":\"https:\/\/damarillis.ch\/wp-content\/uploads\/2024\/05\/IMG_8536-scaled.jpeg\",\"datePublished\":\"2024-05-22T07:58:41+00:00\",\"dateModified\":\"2024-05-22T07:59:23+00:00\",\"breadcrumb\":{\"@id\":\"https:\/\/damarillis.ch\/index.php\/produkt\/bio-wolle-seide-body-baer-groesse-56-2\/#breadcrumb\"},\"inLanguage\":\"de\",\"potentialAction\":[{\"@type\":\"ReadAction\",\"target\":[\"https:\/\/damarillis.ch\/index.php\/produkt\/bio-wolle-seide-body-baer-groesse-56-2\/\"]}]},{\"@type\":\"ImageObject\",\"inLanguage\":\"de\",\"@id\":\"https:\/\/damarillis.ch\/index.php\/produkt\/bio-wolle-seide-body-baer-groesse-56-2\/#primaryimage\",\"url\":\"https:\/\/damarillis.ch\/wp-content\/uploads\/2024\/05\/IMG_8536-scaled.jpeg\",\"contentUrl\":\"https:\/\/damarillis.ch\/wp-content\/uploads\/2024\/05\/IMG_8536-scaled.jpeg\",\"width\":1920,\"height\":2560},{\"@type\":\"BreadcrumbList\",\"@id\":\"https:\/\/damarillis.ch\/index.php\/produkt\/bio-wolle-seide-body-baer-groesse-56-2\/#breadcrumb\",\"itemListElement\":[{\"@type\":\"ListItem\",\"position\":1,\"name\":\"Startseite\",\"item\":\"https:\/\/damarillis.ch\/\"},{\"@type\":\"ListItem\",\"position\":2,\"name\":\"Shop\",\"item\":\"https:\/\/damarillis.ch\/index.php\/shop\/\"},{\"@type\":\"ListItem\",\"position\":3,\"name\":\"Bio Wolle\/Seide Body &#8222;B\u00e4r&#8220; (Gr\u00f6sse 56)\"}]},{\"@type\":\"WebSite\",\"@id\":\"https:\/\/damarillis.ch\/#website\",\"url\":\"https:\/\/damarillis.ch\/\",\"name\":\"damarillis.ch\",\"description\":\"\",\"publisher\":{\"@id\":\"https:\/\/damarillis.ch\/#organization\"},\"potentialAction\":[{\"@type\":\"SearchAction\",\"target\":{\"@type\":\"EntryPoint\",\"urlTemplate\":\"https:\/\/damarillis.ch\/?s={search_term_string}\"},\"query-input\":{\"@type\":\"PropertyValueSpecification\",\"valueRequired\":true,\"valueName\":\"search_term_string\"}}],\"inLanguage\":\"de\"},{\"@type\":\"Organization\",\"@id\":\"https:\/\/damarillis.ch\/#organization\",\"name\":\"Damarillis\",\"url\":\"https:\/\/damarillis.ch\/\",\"logo\":{\"@type\":\"ImageObject\",\"inLanguage\":\"de\",\"@id\":\"https:\/\/damarillis.ch\/#\/schema\/logo\/image\/\",\"url\":\"https:\/\/damarillis.ch\/wp-content\/uploads\/2020\/02\/cropped-LOGO_Maus_klein-e1582031367694-2.png\",\"contentUrl\":\"https:\/\/damarillis.ch\/wp-content\/uploads\/2020\/02\/cropped-LOGO_Maus_klein-e1582031367694-2.png\",\"width\":200,\"height\":200,\"caption\":\"Damarillis\"},\"image\":{\"@id\":\"https:\/\/damarillis.ch\/#\/schema\/logo\/image\/\"}}]}<\/script>\n<!-- \/ Yoast SEO plugin. -->","yoast_head_json":{"title":"Bio Wolle\/Seide Body \"B\u00e4r\" (Gr\u00f6sse 56) - damarillis.ch","robots":{"index":"index","follow":"follow","max-snippet":"max-snippet:-1","max-image-preview":"max-image-preview:large","max-video-preview":"max-video-preview:-1"},"canonical":"https:\/\/damarillis.ch\/index.php\/produkt\/bio-wolle-seide-body-baer-groesse-56-2\/","og_locale":"de_DE","og_type":"article","og_title":"Bio Wolle\/Seide Body \"B\u00e4r\" (Gr\u00f6sse 56) - damarillis.ch","og_description":"&nbsp;  \u2729 Bio Wolle\/Seide  \u2729 Basicteil  \u2729 Druckknopfverschluss  \u2729 Einfaches an- &amp; ausziehen durch Schlupfform  \u2729 Lange \u00c4rmel  &nbsp;  &nbsp;","og_url":"https:\/\/damarillis.ch\/index.php\/produkt\/bio-wolle-seide-body-baer-groesse-56-2\/","og_site_name":"damarillis.ch","article_modified_time":"2024-05-22T07:59:23+00:00","og_image":[{"width":1920,"height":2560,"url":"https:\/\/damarillis.ch\/wp-content\/uploads\/2024\/05\/IMG_8536-scaled.jpeg","type":"image\/jpeg"}],"twitter_card":"summary_large_image","twitter_misc":{"Gesch\u00e4tzte Lesezeit":"2\u00a0Minuten"},"schema":{"@context":"https:\/\/schema.org","@graph":[{"@type":"WebPage","@id":"https:\/\/damarillis.ch\/index.php\/produkt\/bio-wolle-seide-body-baer-groesse-56-2\/","url":"https:\/\/damarillis.ch\/index.php\/produkt\/bio-wolle-seide-body-baer-groesse-56-2\/","name":"Bio Wolle\/Seide Body \"B\u00e4r\" (Gr\u00f6sse 56) - damarillis.ch","isPartOf":{"@id":"https:\/\/damarillis.ch\/#website"},"primaryImageOfPage":{"@id":"https:\/\/damarillis.ch\/index.php\/produkt\/bio-wolle-seide-body-baer-groesse-56-2\/#primaryimage"},"image":{"@id":"https:\/\/damarillis.ch\/index.php\/produkt\/bio-wolle-seide-body-baer-groesse-56-2\/#primaryimage"},"thumbnailUrl":"https:\/\/damarillis.ch\/wp-content\/uploads\/2024\/05\/IMG_8536-scaled.jpeg","datePublished":"2024-05-22T07:58:41+00:00","dateModified":"2024-05-22T07:59:23+00:00","breadcrumb":{"@id":"https:\/\/damarillis.ch\/index.php\/produkt\/bio-wolle-seide-body-baer-groesse-56-2\/#breadcrumb"},"inLanguage":"de","potentialAction":[{"@type":"ReadAction","target":["https:\/\/damarillis.ch\/index.php\/produkt\/bio-wolle-seide-body-baer-groesse-56-2\/"]}]},{"@type":"ImageObject","inLanguage":"de","@id":"https:\/\/damarillis.ch\/index.php\/produkt\/bio-wolle-seide-body-baer-groesse-56-2\/#primaryimage","url":"https:\/\/damarillis.ch\/wp-content\/uploads\/2024\/05\/IMG_8536-scaled.jpeg","contentUrl":"https:\/\/damarillis.ch\/wp-content\/uploads\/2024\/05\/IMG_8536-scaled.jpeg","width":1920,"height":2560},{"@type":"BreadcrumbList","@id":"https:\/\/damarillis.ch\/index.php\/produkt\/bio-wolle-seide-body-baer-groesse-56-2\/#breadcrumb","itemListElement":[{"@type":"ListItem","position":1,"name":"Startseite","item":"https:\/\/damarillis.ch\/"},{"@type":"ListItem","position":2,"name":"Shop","item":"https:\/\/damarillis.ch\/index.php\/shop\/"},{"@type":"ListItem","position":3,"name":"Bio Wolle\/Seide Body &#8222;B\u00e4r&#8220; (Gr\u00f6sse 56)"}]},{"@type":"WebSite","@id":"https:\/\/damarillis.ch\/#website","url":"https:\/\/damarillis.ch\/","name":"damarillis.ch","description":"","publisher":{"@id":"https:\/\/damarillis.ch\/#organization"},"potentialAction":[{"@type":"SearchAction","target":{"@type":"EntryPoint","urlTemplate":"https:\/\/damarillis.ch\/?s={search_term_string}"},"query-input":{"@type":"PropertyValueSpecification","valueRequired":true,"valueName":"search_term_string"}}],"inLanguage":"de"},{"@type":"Organization","@id":"https:\/\/damarillis.ch\/#organization","name":"Damarillis","url":"https:\/\/damarillis.ch\/","logo":{"@type":"ImageObject","inLanguage":"de","@id":"https:\/\/damarillis.ch\/#\/schema\/logo\/image\/","url":"https:\/\/damarillis.ch\/wp-content\/uploads\/2020\/02\/cropped-LOGO_Maus_klein-e1582031367694-2.png","contentUrl":"https:\/\/damarillis.ch\/wp-content\/uploads\/2020\/02\/cropped-LOGO_Maus_klein-e1582031367694-2.png","width":200,"height":200,"caption":"Damarillis"},"image":{"@id":"https:\/\/damarillis.ch\/#\/schema\/logo\/image\/"}}]}},"_links":{"self":[{"href":"https:\/\/damarillis.ch\/index.php\/wp-json\/wp\/v2\/product\/3651","targetHints":{"allow":["GET"]}}],"collection":[{"href":"https:\/\/damarillis.ch\/index.php\/wp-json\/wp\/v2\/product"}],"about":[{"href":"https:\/\/damarillis.ch\/index.php\/wp-json\/wp\/v2\/types\/product"}],"wp:featuredmedia":[{"embeddable":true,"href":"https:\/\/damarillis.ch\/index.php\/wp-json\/wp\/v2\/media\/3537"}],"wp:attachment":[{"href":"https:\/\/damarillis.ch\/index.php\/wp-json\/wp\/v2\/media?parent=3651"}],"wp:term":[{"taxonomy":"product_brand","embeddable":true,"href":"https:\/\/damarillis.ch\/index.php\/wp-json\/wp\/v2\/product_brand?post=3651"},{"taxonomy":"product_cat","embeddable":true,"href":"https:\/\/damarillis.ch\/index.php\/wp-json\/wp\/v2\/product_cat?post=3651"},{"taxonomy":"product_tag","embeddable":true,"href":"https:\/\/damarillis.ch\/index.php\/wp-json\/wp\/v2\/product_tag?post=3651"}],"curies":[{"name":"wp","href":"https:\/\/api.w.org\/{rel}","templated":true}]}}