{"id":3658,"date":"2024-05-22T08:29:46","date_gmt":"2024-05-22T08:29:46","guid":{"rendered":"https:\/\/damarillis.ch\/?post_type=product&#038;p=3658"},"modified":"2024-06-11T21:19:44","modified_gmt":"2024-06-11T21:19:44","slug":"kleid-herzli-groesse-104","status":"publish","type":"product","link":"https:\/\/damarillis.ch\/index.php\/produkt\/kleid-herzli-groesse-104\/","title":{"rendered":"Kleid &#8222;Herzli&#8220; (Gr\u00f6sse 104)"},"content":{"rendered":"<p>In diesem Kleid f\u00fchlt sich dein M\u00e4dchen wohl. Es sitzt sch\u00f6n bequem und ist luftig an den Beinen. Durch die kurzen \u00c4rmel schwitzt das Kind im Sommer nicht und die Schultern sind vor der Sonne gesch\u00fctzt.<\/p>\n<p>&nbsp;<\/p>\n<p>&nbsp;<\/p>\n","protected":false},"excerpt":{"rendered":"<p>In diesem Kleid f\u00fchlt sich dein M\u00e4dchen wohl. Es sitzt sch\u00f6n bequem und ist luftig an den Beinen. Durch die kurzen \u00c4rmel schwitzt das Kind im Sommer nicht und die Schultern sind vor der Sonne gesch\u00fctzt. &nbsp; &nbsp;<\/p>\n","protected":false},"featured_media":3488,"template":"","meta":[],"product_brand":[],"product_cat":[86],"product_tag":[],"class_list":{"0":"post-3658","1":"product","2":"type-product","3":"status-publish","4":"has-post-thumbnail","6":"product_cat-kleider-und-tunikas","8":"first","9":"instock","10":"shipping-taxable","11":"purchasable","12":"product-type-simple"},"yoast_head":"<!-- This site is optimized with the Yoast SEO plugin v27.2 - https:\/\/yoast.com\/product\/yoast-seo-wordpress\/ -->\n<title>Kleid &quot;Herzli&quot; (Gr\u00f6sse 104) - damarillis.ch<\/title>\n<meta name=\"description\" content=\"Ein zauberhaftes Kleid aus einem weichem Bio-Jersey. Es eignet sich wunderbar f\u00fcr die \u00dcbergangszeit wo die Tage noch nicht so kalt sind.\" \/>\n<meta name=\"robots\" content=\"index, follow, max-snippet:-1, max-image-preview:large, max-video-preview:-1\" \/>\n<link rel=\"canonical\" href=\"https:\/\/damarillis.ch\/index.php\/produkt\/kleid-herzli-groesse-104\/\" \/>\n<meta property=\"og:locale\" content=\"de_DE\" \/>\n<meta property=\"og:type\" content=\"article\" \/>\n<meta property=\"og:title\" content=\"Kleid &quot;Herzli&quot; (Gr\u00f6sse 104) - damarillis.ch\" \/>\n<meta property=\"og:description\" content=\"Ein zauberhaftes Kleid aus einem weichem Bio-Jersey. Es eignet sich wunderbar f\u00fcr die \u00dcbergangszeit wo die Tage noch nicht so kalt sind.\" \/>\n<meta property=\"og:url\" content=\"https:\/\/damarillis.ch\/index.php\/produkt\/kleid-herzli-groesse-104\/\" \/>\n<meta property=\"og:site_name\" content=\"damarillis.ch\" \/>\n<meta property=\"article:modified_time\" content=\"2024-06-11T21:19:44+00:00\" \/>\n<meta property=\"og:image\" content=\"https:\/\/damarillis.ch\/wp-content\/uploads\/2024\/05\/IMG_8475-scaled-e1716366671303.jpeg\" \/>\n\t<meta property=\"og:image:width\" content=\"1920\" \/>\n\t<meta property=\"og:image:height\" content=\"2333\" \/>\n\t<meta property=\"og:image:type\" content=\"image\/jpeg\" \/>\n<meta name=\"twitter:card\" content=\"summary_large_image\" \/>\n<meta name=\"twitter:label1\" content=\"Gesch\u00e4tzte Lesezeit\" \/>\n\t<meta name=\"twitter:data1\" content=\"1\u00a0Minute\" \/>\n<script type=\"application\/ld+json\" class=\"yoast-schema-graph\">{\"@context\":\"https:\/\/schema.org\",\"@graph\":[{\"@type\":\"WebPage\",\"@id\":\"https:\/\/damarillis.ch\/index.php\/produkt\/kleid-herzli-groesse-104\/\",\"url\":\"https:\/\/damarillis.ch\/index.php\/produkt\/kleid-herzli-groesse-104\/\",\"name\":\"Kleid \\\"Herzli\\\" (Gr\u00f6sse 104) - damarillis.ch\",\"isPartOf\":{\"@id\":\"https:\/\/damarillis.ch\/#website\"},\"primaryImageOfPage\":{\"@id\":\"https:\/\/damarillis.ch\/index.php\/produkt\/kleid-herzli-groesse-104\/#primaryimage\"},\"image\":{\"@id\":\"https:\/\/damarillis.ch\/index.php\/produkt\/kleid-herzli-groesse-104\/#primaryimage\"},\"thumbnailUrl\":\"https:\/\/damarillis.ch\/wp-content\/uploads\/2024\/05\/IMG_8475-scaled-e1716366671303.jpeg\",\"datePublished\":\"2024-05-22T08:29:46+00:00\",\"dateModified\":\"2024-06-11T21:19:44+00:00\",\"description\":\"Ein zauberhaftes Kleid aus einem weichem Bio-Jersey. Es eignet sich wunderbar f\u00fcr die \u00dcbergangszeit wo die Tage noch nicht so kalt sind.\",\"breadcrumb\":{\"@id\":\"https:\/\/damarillis.ch\/index.php\/produkt\/kleid-herzli-groesse-104\/#breadcrumb\"},\"inLanguage\":\"de\",\"potentialAction\":[{\"@type\":\"ReadAction\",\"target\":[\"https:\/\/damarillis.ch\/index.php\/produkt\/kleid-herzli-groesse-104\/\"]}]},{\"@type\":\"ImageObject\",\"inLanguage\":\"de\",\"@id\":\"https:\/\/damarillis.ch\/index.php\/produkt\/kleid-herzli-groesse-104\/#primaryimage\",\"url\":\"https:\/\/damarillis.ch\/wp-content\/uploads\/2024\/05\/IMG_8475-scaled-e1716366671303.jpeg\",\"contentUrl\":\"https:\/\/damarillis.ch\/wp-content\/uploads\/2024\/05\/IMG_8475-scaled-e1716366671303.jpeg\",\"width\":1920,\"height\":2333},{\"@type\":\"BreadcrumbList\",\"@id\":\"https:\/\/damarillis.ch\/index.php\/produkt\/kleid-herzli-groesse-104\/#breadcrumb\",\"itemListElement\":[{\"@type\":\"ListItem\",\"position\":1,\"name\":\"Startseite\",\"item\":\"https:\/\/damarillis.ch\/\"},{\"@type\":\"ListItem\",\"position\":2,\"name\":\"Shop\",\"item\":\"https:\/\/damarillis.ch\/index.php\/shop\/\"},{\"@type\":\"ListItem\",\"position\":3,\"name\":\"Kleid &#8222;Herzli&#8220; (Gr\u00f6sse 104)\"}]},{\"@type\":\"WebSite\",\"@id\":\"https:\/\/damarillis.ch\/#website\",\"url\":\"https:\/\/damarillis.ch\/\",\"name\":\"damarillis.ch\",\"description\":\"\",\"publisher\":{\"@id\":\"https:\/\/damarillis.ch\/#organization\"},\"potentialAction\":[{\"@type\":\"SearchAction\",\"target\":{\"@type\":\"EntryPoint\",\"urlTemplate\":\"https:\/\/damarillis.ch\/?s={search_term_string}\"},\"query-input\":{\"@type\":\"PropertyValueSpecification\",\"valueRequired\":true,\"valueName\":\"search_term_string\"}}],\"inLanguage\":\"de\"},{\"@type\":\"Organization\",\"@id\":\"https:\/\/damarillis.ch\/#organization\",\"name\":\"Damarillis\",\"url\":\"https:\/\/damarillis.ch\/\",\"logo\":{\"@type\":\"ImageObject\",\"inLanguage\":\"de\",\"@id\":\"https:\/\/damarillis.ch\/#\/schema\/logo\/image\/\",\"url\":\"https:\/\/damarillis.ch\/wp-content\/uploads\/2020\/02\/cropped-LOGO_Maus_klein-e1582031367694-2.png\",\"contentUrl\":\"https:\/\/damarillis.ch\/wp-content\/uploads\/2020\/02\/cropped-LOGO_Maus_klein-e1582031367694-2.png\",\"width\":200,\"height\":200,\"caption\":\"Damarillis\"},\"image\":{\"@id\":\"https:\/\/damarillis.ch\/#\/schema\/logo\/image\/\"}}]}<\/script>\n<!-- \/ Yoast SEO plugin. -->","yoast_head_json":{"title":"Kleid \"Herzli\" (Gr\u00f6sse 104) - damarillis.ch","description":"Ein zauberhaftes Kleid aus einem weichem Bio-Jersey. Es eignet sich wunderbar f\u00fcr die \u00dcbergangszeit wo die Tage noch nicht so kalt sind.","robots":{"index":"index","follow":"follow","max-snippet":"max-snippet:-1","max-image-preview":"max-image-preview:large","max-video-preview":"max-video-preview:-1"},"canonical":"https:\/\/damarillis.ch\/index.php\/produkt\/kleid-herzli-groesse-104\/","og_locale":"de_DE","og_type":"article","og_title":"Kleid \"Herzli\" (Gr\u00f6sse 104) - damarillis.ch","og_description":"Ein zauberhaftes Kleid aus einem weichem Bio-Jersey. Es eignet sich wunderbar f\u00fcr die \u00dcbergangszeit wo die Tage noch nicht so kalt sind.","og_url":"https:\/\/damarillis.ch\/index.php\/produkt\/kleid-herzli-groesse-104\/","og_site_name":"damarillis.ch","article_modified_time":"2024-06-11T21:19:44+00:00","og_image":[{"width":1920,"height":2333,"url":"https:\/\/damarillis.ch\/wp-content\/uploads\/2024\/05\/IMG_8475-scaled-e1716366671303.jpeg","type":"image\/jpeg"}],"twitter_card":"summary_large_image","twitter_misc":{"Gesch\u00e4tzte Lesezeit":"1\u00a0Minute"},"schema":{"@context":"https:\/\/schema.org","@graph":[{"@type":"WebPage","@id":"https:\/\/damarillis.ch\/index.php\/produkt\/kleid-herzli-groesse-104\/","url":"https:\/\/damarillis.ch\/index.php\/produkt\/kleid-herzli-groesse-104\/","name":"Kleid \"Herzli\" (Gr\u00f6sse 104) - damarillis.ch","isPartOf":{"@id":"https:\/\/damarillis.ch\/#website"},"primaryImageOfPage":{"@id":"https:\/\/damarillis.ch\/index.php\/produkt\/kleid-herzli-groesse-104\/#primaryimage"},"image":{"@id":"https:\/\/damarillis.ch\/index.php\/produkt\/kleid-herzli-groesse-104\/#primaryimage"},"thumbnailUrl":"https:\/\/damarillis.ch\/wp-content\/uploads\/2024\/05\/IMG_8475-scaled-e1716366671303.jpeg","datePublished":"2024-05-22T08:29:46+00:00","dateModified":"2024-06-11T21:19:44+00:00","description":"Ein zauberhaftes Kleid aus einem weichem Bio-Jersey. Es eignet sich wunderbar f\u00fcr die \u00dcbergangszeit wo die Tage noch nicht so kalt sind.","breadcrumb":{"@id":"https:\/\/damarillis.ch\/index.php\/produkt\/kleid-herzli-groesse-104\/#breadcrumb"},"inLanguage":"de","potentialAction":[{"@type":"ReadAction","target":["https:\/\/damarillis.ch\/index.php\/produkt\/kleid-herzli-groesse-104\/"]}]},{"@type":"ImageObject","inLanguage":"de","@id":"https:\/\/damarillis.ch\/index.php\/produkt\/kleid-herzli-groesse-104\/#primaryimage","url":"https:\/\/damarillis.ch\/wp-content\/uploads\/2024\/05\/IMG_8475-scaled-e1716366671303.jpeg","contentUrl":"https:\/\/damarillis.ch\/wp-content\/uploads\/2024\/05\/IMG_8475-scaled-e1716366671303.jpeg","width":1920,"height":2333},{"@type":"BreadcrumbList","@id":"https:\/\/damarillis.ch\/index.php\/produkt\/kleid-herzli-groesse-104\/#breadcrumb","itemListElement":[{"@type":"ListItem","position":1,"name":"Startseite","item":"https:\/\/damarillis.ch\/"},{"@type":"ListItem","position":2,"name":"Shop","item":"https:\/\/damarillis.ch\/index.php\/shop\/"},{"@type":"ListItem","position":3,"name":"Kleid &#8222;Herzli&#8220; (Gr\u00f6sse 104)"}]},{"@type":"WebSite","@id":"https:\/\/damarillis.ch\/#website","url":"https:\/\/damarillis.ch\/","name":"damarillis.ch","description":"","publisher":{"@id":"https:\/\/damarillis.ch\/#organization"},"potentialAction":[{"@type":"SearchAction","target":{"@type":"EntryPoint","urlTemplate":"https:\/\/damarillis.ch\/?s={search_term_string}"},"query-input":{"@type":"PropertyValueSpecification","valueRequired":true,"valueName":"search_term_string"}}],"inLanguage":"de"},{"@type":"Organization","@id":"https:\/\/damarillis.ch\/#organization","name":"Damarillis","url":"https:\/\/damarillis.ch\/","logo":{"@type":"ImageObject","inLanguage":"de","@id":"https:\/\/damarillis.ch\/#\/schema\/logo\/image\/","url":"https:\/\/damarillis.ch\/wp-content\/uploads\/2020\/02\/cropped-LOGO_Maus_klein-e1582031367694-2.png","contentUrl":"https:\/\/damarillis.ch\/wp-content\/uploads\/2020\/02\/cropped-LOGO_Maus_klein-e1582031367694-2.png","width":200,"height":200,"caption":"Damarillis"},"image":{"@id":"https:\/\/damarillis.ch\/#\/schema\/logo\/image\/"}}]}},"_links":{"self":[{"href":"https:\/\/damarillis.ch\/index.php\/wp-json\/wp\/v2\/product\/3658","targetHints":{"allow":["GET"]}}],"collection":[{"href":"https:\/\/damarillis.ch\/index.php\/wp-json\/wp\/v2\/product"}],"about":[{"href":"https:\/\/damarillis.ch\/index.php\/wp-json\/wp\/v2\/types\/product"}],"wp:featuredmedia":[{"embeddable":true,"href":"https:\/\/damarillis.ch\/index.php\/wp-json\/wp\/v2\/media\/3488"}],"wp:attachment":[{"href":"https:\/\/damarillis.ch\/index.php\/wp-json\/wp\/v2\/media?parent=3658"}],"wp:term":[{"taxonomy":"product_brand","embeddable":true,"href":"https:\/\/damarillis.ch\/index.php\/wp-json\/wp\/v2\/product_brand?post=3658"},{"taxonomy":"product_cat","embeddable":true,"href":"https:\/\/damarillis.ch\/index.php\/wp-json\/wp\/v2\/product_cat?post=3658"},{"taxonomy":"product_tag","embeddable":true,"href":"https:\/\/damarillis.ch\/index.php\/wp-json\/wp\/v2\/product_tag?post=3658"}],"curies":[{"name":"wp","href":"https:\/\/api.w.org\/{rel}","templated":true}]}}