{"id":3682,"date":"2024-06-11T06:58:06","date_gmt":"2024-06-11T06:58:06","guid":{"rendered":"https:\/\/damarillis.ch\/?post_type=product&#038;p=3682"},"modified":"2024-06-11T06:58:36","modified_gmt":"2024-06-11T06:58:36","slug":"body-tierparty-groesse-62","status":"publish","type":"product","link":"https:\/\/damarillis.ch\/index.php\/produkt\/body-tierparty-groesse-62\/","title":{"rendered":"Body &#8222;Tierparty&#8220; (Gr\u00f6sse 62)"},"content":{"rendered":"<p>Der Body von Damarillis ist k\u00f6rpernah geschnitten und sitzt sch\u00f6n anliegend. Bodys sch\u00fctzen die zarte Babyhaut, sie halten Bauch und R\u00fccken warm und sie geben der Windel halt, Tag und Nacht.<\/p>\n<p>Der amerikanische Ausschnitt erm\u00f6glicht es dir, den Body leicht an- und auszuziehen. Durch die Schlupfform hast du die M\u00f6glichkeit, den Body \u00fcber die Beine auszuziehen, falls die Windel ausgelaufen sein sollte.<\/p>\n<p>Mit dem Druckknopfverschluss im Schritt wird das Wechseln der Windel zum Kinderspiel. Der Body ist ab Geburt geeignet und ein Basic das in keinem Babykleiderschrank fehlen sollte. Die sch\u00f6nen Muster und Motive verleihen dem Body das gewisse Etwas.<\/p>\n<p>&nbsp;<\/p>\n<h5>Pflegehinweis<\/h5>\n<p>Der Body kann bei 40\u00b0 Grad gewaschen werden, nicht Tumplern<\/p>\n","protected":false},"excerpt":{"rendered":"<p>&nbsp;<\/p>\n<p>\u2729 Jersey Baumwolle<\/p>\n<p>\u2729 Basicteil<\/p>\n<p>\u2729 Druckknopfverschluss<\/p>\n<p>\u2729 Einfaches an- &amp; ausziehen durch Schlupfform<\/p>\n<p>\u2729 Lange \u00c4rmel<\/p>\n<p>&nbsp;<\/p>\n<p>&nbsp;<\/p>\n","protected":false},"featured_media":3527,"template":"","meta":[],"product_brand":[],"product_cat":[95],"product_tag":[],"class_list":{"0":"post-3682","1":"product","2":"type-product","3":"status-publish","4":"has-post-thumbnail","6":"product_cat-body","8":"first","9":"instock","10":"shipping-taxable","11":"purchasable","12":"product-type-simple"},"yoast_head":"<!-- This site is optimized with the Yoast SEO plugin v27.2 - https:\/\/yoast.com\/product\/yoast-seo-wordpress\/ -->\n<title>Body &quot;Tierparty&quot; (Gr\u00f6sse 62) - damarillis.ch<\/title>\n<meta name=\"robots\" content=\"index, follow, max-snippet:-1, max-image-preview:large, max-video-preview:-1\" \/>\n<link rel=\"canonical\" href=\"https:\/\/damarillis.ch\/index.php\/produkt\/body-tierparty-groesse-62\/\" \/>\n<meta property=\"og:locale\" content=\"de_DE\" \/>\n<meta property=\"og:type\" content=\"article\" \/>\n<meta property=\"og:title\" content=\"Body &quot;Tierparty&quot; (Gr\u00f6sse 62) - damarillis.ch\" \/>\n<meta property=\"og:description\" content=\"&nbsp;  \u2729 Jersey Baumwolle  \u2729 Basicteil  \u2729 Druckknopfverschluss  \u2729 Einfaches an- &amp; ausziehen durch Schlupfform  \u2729 Lange \u00c4rmel  &nbsp;  &nbsp;\" \/>\n<meta property=\"og:url\" content=\"https:\/\/damarillis.ch\/index.php\/produkt\/body-tierparty-groesse-62\/\" \/>\n<meta property=\"og:site_name\" content=\"damarillis.ch\" \/>\n<meta property=\"article:modified_time\" content=\"2024-06-11T06:58:36+00:00\" \/>\n<meta property=\"og:image\" content=\"https:\/\/damarillis.ch\/wp-content\/uploads\/2024\/05\/IMG_8526-scaled.jpeg\" \/>\n\t<meta property=\"og:image:width\" content=\"1920\" \/>\n\t<meta property=\"og:image:height\" content=\"2560\" \/>\n\t<meta property=\"og:image:type\" content=\"image\/jpeg\" \/>\n<meta name=\"twitter:card\" content=\"summary_large_image\" \/>\n<meta name=\"twitter:label1\" content=\"Gesch\u00e4tzte Lesezeit\" \/>\n\t<meta name=\"twitter:data1\" content=\"1\u00a0Minute\" \/>\n<script type=\"application\/ld+json\" class=\"yoast-schema-graph\">{\"@context\":\"https:\/\/schema.org\",\"@graph\":[{\"@type\":\"WebPage\",\"@id\":\"https:\/\/damarillis.ch\/index.php\/produkt\/body-tierparty-groesse-62\/\",\"url\":\"https:\/\/damarillis.ch\/index.php\/produkt\/body-tierparty-groesse-62\/\",\"name\":\"Body \\\"Tierparty\\\" (Gr\u00f6sse 62) - damarillis.ch\",\"isPartOf\":{\"@id\":\"https:\/\/damarillis.ch\/#website\"},\"primaryImageOfPage\":{\"@id\":\"https:\/\/damarillis.ch\/index.php\/produkt\/body-tierparty-groesse-62\/#primaryimage\"},\"image\":{\"@id\":\"https:\/\/damarillis.ch\/index.php\/produkt\/body-tierparty-groesse-62\/#primaryimage\"},\"thumbnailUrl\":\"https:\/\/damarillis.ch\/wp-content\/uploads\/2024\/05\/IMG_8526-scaled.jpeg\",\"datePublished\":\"2024-06-11T06:58:06+00:00\",\"dateModified\":\"2024-06-11T06:58:36+00:00\",\"breadcrumb\":{\"@id\":\"https:\/\/damarillis.ch\/index.php\/produkt\/body-tierparty-groesse-62\/#breadcrumb\"},\"inLanguage\":\"de\",\"potentialAction\":[{\"@type\":\"ReadAction\",\"target\":[\"https:\/\/damarillis.ch\/index.php\/produkt\/body-tierparty-groesse-62\/\"]}]},{\"@type\":\"ImageObject\",\"inLanguage\":\"de\",\"@id\":\"https:\/\/damarillis.ch\/index.php\/produkt\/body-tierparty-groesse-62\/#primaryimage\",\"url\":\"https:\/\/damarillis.ch\/wp-content\/uploads\/2024\/05\/IMG_8526-scaled.jpeg\",\"contentUrl\":\"https:\/\/damarillis.ch\/wp-content\/uploads\/2024\/05\/IMG_8526-scaled.jpeg\",\"width\":1920,\"height\":2560},{\"@type\":\"BreadcrumbList\",\"@id\":\"https:\/\/damarillis.ch\/index.php\/produkt\/body-tierparty-groesse-62\/#breadcrumb\",\"itemListElement\":[{\"@type\":\"ListItem\",\"position\":1,\"name\":\"Startseite\",\"item\":\"https:\/\/damarillis.ch\/\"},{\"@type\":\"ListItem\",\"position\":2,\"name\":\"Shop\",\"item\":\"https:\/\/damarillis.ch\/index.php\/shop\/\"},{\"@type\":\"ListItem\",\"position\":3,\"name\":\"Body &#8222;Tierparty&#8220; (Gr\u00f6sse 62)\"}]},{\"@type\":\"WebSite\",\"@id\":\"https:\/\/damarillis.ch\/#website\",\"url\":\"https:\/\/damarillis.ch\/\",\"name\":\"damarillis.ch\",\"description\":\"\",\"publisher\":{\"@id\":\"https:\/\/damarillis.ch\/#organization\"},\"potentialAction\":[{\"@type\":\"SearchAction\",\"target\":{\"@type\":\"EntryPoint\",\"urlTemplate\":\"https:\/\/damarillis.ch\/?s={search_term_string}\"},\"query-input\":{\"@type\":\"PropertyValueSpecification\",\"valueRequired\":true,\"valueName\":\"search_term_string\"}}],\"inLanguage\":\"de\"},{\"@type\":\"Organization\",\"@id\":\"https:\/\/damarillis.ch\/#organization\",\"name\":\"Damarillis\",\"url\":\"https:\/\/damarillis.ch\/\",\"logo\":{\"@type\":\"ImageObject\",\"inLanguage\":\"de\",\"@id\":\"https:\/\/damarillis.ch\/#\/schema\/logo\/image\/\",\"url\":\"https:\/\/damarillis.ch\/wp-content\/uploads\/2020\/02\/cropped-LOGO_Maus_klein-e1582031367694-2.png\",\"contentUrl\":\"https:\/\/damarillis.ch\/wp-content\/uploads\/2020\/02\/cropped-LOGO_Maus_klein-e1582031367694-2.png\",\"width\":200,\"height\":200,\"caption\":\"Damarillis\"},\"image\":{\"@id\":\"https:\/\/damarillis.ch\/#\/schema\/logo\/image\/\"}}]}<\/script>\n<!-- \/ Yoast SEO plugin. -->","yoast_head_json":{"title":"Body \"Tierparty\" (Gr\u00f6sse 62) - damarillis.ch","robots":{"index":"index","follow":"follow","max-snippet":"max-snippet:-1","max-image-preview":"max-image-preview:large","max-video-preview":"max-video-preview:-1"},"canonical":"https:\/\/damarillis.ch\/index.php\/produkt\/body-tierparty-groesse-62\/","og_locale":"de_DE","og_type":"article","og_title":"Body \"Tierparty\" (Gr\u00f6sse 62) - damarillis.ch","og_description":"&nbsp;  \u2729 Jersey Baumwolle  \u2729 Basicteil  \u2729 Druckknopfverschluss  \u2729 Einfaches an- &amp; ausziehen durch Schlupfform  \u2729 Lange \u00c4rmel  &nbsp;  &nbsp;","og_url":"https:\/\/damarillis.ch\/index.php\/produkt\/body-tierparty-groesse-62\/","og_site_name":"damarillis.ch","article_modified_time":"2024-06-11T06:58:36+00:00","og_image":[{"width":1920,"height":2560,"url":"https:\/\/damarillis.ch\/wp-content\/uploads\/2024\/05\/IMG_8526-scaled.jpeg","type":"image\/jpeg"}],"twitter_card":"summary_large_image","twitter_misc":{"Gesch\u00e4tzte Lesezeit":"1\u00a0Minute"},"schema":{"@context":"https:\/\/schema.org","@graph":[{"@type":"WebPage","@id":"https:\/\/damarillis.ch\/index.php\/produkt\/body-tierparty-groesse-62\/","url":"https:\/\/damarillis.ch\/index.php\/produkt\/body-tierparty-groesse-62\/","name":"Body \"Tierparty\" (Gr\u00f6sse 62) - damarillis.ch","isPartOf":{"@id":"https:\/\/damarillis.ch\/#website"},"primaryImageOfPage":{"@id":"https:\/\/damarillis.ch\/index.php\/produkt\/body-tierparty-groesse-62\/#primaryimage"},"image":{"@id":"https:\/\/damarillis.ch\/index.php\/produkt\/body-tierparty-groesse-62\/#primaryimage"},"thumbnailUrl":"https:\/\/damarillis.ch\/wp-content\/uploads\/2024\/05\/IMG_8526-scaled.jpeg","datePublished":"2024-06-11T06:58:06+00:00","dateModified":"2024-06-11T06:58:36+00:00","breadcrumb":{"@id":"https:\/\/damarillis.ch\/index.php\/produkt\/body-tierparty-groesse-62\/#breadcrumb"},"inLanguage":"de","potentialAction":[{"@type":"ReadAction","target":["https:\/\/damarillis.ch\/index.php\/produkt\/body-tierparty-groesse-62\/"]}]},{"@type":"ImageObject","inLanguage":"de","@id":"https:\/\/damarillis.ch\/index.php\/produkt\/body-tierparty-groesse-62\/#primaryimage","url":"https:\/\/damarillis.ch\/wp-content\/uploads\/2024\/05\/IMG_8526-scaled.jpeg","contentUrl":"https:\/\/damarillis.ch\/wp-content\/uploads\/2024\/05\/IMG_8526-scaled.jpeg","width":1920,"height":2560},{"@type":"BreadcrumbList","@id":"https:\/\/damarillis.ch\/index.php\/produkt\/body-tierparty-groesse-62\/#breadcrumb","itemListElement":[{"@type":"ListItem","position":1,"name":"Startseite","item":"https:\/\/damarillis.ch\/"},{"@type":"ListItem","position":2,"name":"Shop","item":"https:\/\/damarillis.ch\/index.php\/shop\/"},{"@type":"ListItem","position":3,"name":"Body &#8222;Tierparty&#8220; (Gr\u00f6sse 62)"}]},{"@type":"WebSite","@id":"https:\/\/damarillis.ch\/#website","url":"https:\/\/damarillis.ch\/","name":"damarillis.ch","description":"","publisher":{"@id":"https:\/\/damarillis.ch\/#organization"},"potentialAction":[{"@type":"SearchAction","target":{"@type":"EntryPoint","urlTemplate":"https:\/\/damarillis.ch\/?s={search_term_string}"},"query-input":{"@type":"PropertyValueSpecification","valueRequired":true,"valueName":"search_term_string"}}],"inLanguage":"de"},{"@type":"Organization","@id":"https:\/\/damarillis.ch\/#organization","name":"Damarillis","url":"https:\/\/damarillis.ch\/","logo":{"@type":"ImageObject","inLanguage":"de","@id":"https:\/\/damarillis.ch\/#\/schema\/logo\/image\/","url":"https:\/\/damarillis.ch\/wp-content\/uploads\/2020\/02\/cropped-LOGO_Maus_klein-e1582031367694-2.png","contentUrl":"https:\/\/damarillis.ch\/wp-content\/uploads\/2020\/02\/cropped-LOGO_Maus_klein-e1582031367694-2.png","width":200,"height":200,"caption":"Damarillis"},"image":{"@id":"https:\/\/damarillis.ch\/#\/schema\/logo\/image\/"}}]}},"_links":{"self":[{"href":"https:\/\/damarillis.ch\/index.php\/wp-json\/wp\/v2\/product\/3682","targetHints":{"allow":["GET"]}}],"collection":[{"href":"https:\/\/damarillis.ch\/index.php\/wp-json\/wp\/v2\/product"}],"about":[{"href":"https:\/\/damarillis.ch\/index.php\/wp-json\/wp\/v2\/types\/product"}],"wp:featuredmedia":[{"embeddable":true,"href":"https:\/\/damarillis.ch\/index.php\/wp-json\/wp\/v2\/media\/3527"}],"wp:attachment":[{"href":"https:\/\/damarillis.ch\/index.php\/wp-json\/wp\/v2\/media?parent=3682"}],"wp:term":[{"taxonomy":"product_brand","embeddable":true,"href":"https:\/\/damarillis.ch\/index.php\/wp-json\/wp\/v2\/product_brand?post=3682"},{"taxonomy":"product_cat","embeddable":true,"href":"https:\/\/damarillis.ch\/index.php\/wp-json\/wp\/v2\/product_cat?post=3682"},{"taxonomy":"product_tag","embeddable":true,"href":"https:\/\/damarillis.ch\/index.php\/wp-json\/wp\/v2\/product_tag?post=3682"}],"curies":[{"name":"wp","href":"https:\/\/api.w.org\/{rel}","templated":true}]}}